{"id":63714,"date":"2026-04-03T01:46:07","date_gmt":"2026-04-02T22:46:07","guid":{"rendered":"http:\/\/new.ceasuri.md\/shop\/uncategorized\/seiko-sport-sur559p1\/"},"modified":"2026-04-20T02:01:21","modified_gmt":"2026-04-19T23:01:21","slug":"seiko-sport-sur559p1","status":"publish","type":"product","link":"https:\/\/ceasuri.md\/ru\/shop\/branduri\/seiko\/seiko-sport-sur559p1\/","title":{"rendered":"\u0427\u0430\u0441\u044b SEIKO SPORT SUR559P1"},"content":{"rendered":"<p>Un model elegant \u0219i fiabil pentru b\u0103rba\u021bii care apreciaz\u0103 precizia \u0219i designul sportiv modern. Brandul Seiko este cunoscut pentru calitatea impecabil\u0103 \u0219i durabilitatea ceasurilor sale, iar acest model corespunde pe deplin standardelor \u00eenalte ale m\u0103rcii.<\/p>\n<p>Carcasa \u0219i br\u0103\u021bara din o\u021bel inoxidabil se remarc\u0103 prin rezisten\u021b\u0103 \u0219i rezisten\u021b\u0103 la factorii externi, p\u0103str\u00e2nd un aspect prezentabil chiar \u0219i \u00een condi\u021bii de utilizare intens\u0103.<\/p>\n<p>Cadranul concis, cu indici \u0219i ace clare, asigur\u0103 o lizibilitate excelent\u0103 \u00een orice condi\u021bii.<\/p>\n<p>Sticla de safir protejeaz\u0103 \u00een mod fiabil \u00eempotriva zg\u00e2rieturilor \u0219i a micilor deterior\u0103ri.<\/p>\n<p>Indicarea datei face ceasul un accesoriu practic pentru fiecare zi.<\/p>\n<p>Rezisten\u021ba la ap\u0103 v\u0103 permite s\u0103 nu v\u0103 face\u021bi griji \u00een leg\u0103tur\u0103 cu stropii \u0219i contactul accidental cu apa.<\/p>","protected":false},"excerpt":{"rendered":"<p>Un model elegant \u0219i fiabil pentru b\u0103rba\u021bii care apreciaz\u0103 precizia \u0219i designul sportiv modern. Brandul Seiko este cunoscut pentru calitatea impecabil\u0103 \u0219i durabilitatea ceasurilor sale, iar acest model corespunde pe deplin standardelor \u00eenalte ale m\u0103rcii. Carcasa \u0219i br\u0103\u021bara din o\u021bel inoxidabil se remarc\u0103 prin rezisten\u021b\u0103 \u0219i rezisten\u021b\u0103 la factorii externi, p\u0103str\u00e2nd un aspect prezentabil chiar [&hellip;]<\/p>\n","protected":false},"featured_media":63715,"comment_status":"closed","ping_status":"open","template":"","meta":{"_acf_changed":false},"product_brand":[],"product_cat":[20,588],"product_tag":[],"class_list":{"0":"post-63714","1":"product","2":"type-product","3":"status-publish","4":"has-post-thumbnail","6":"product_cat-ceasuri-barbati","7":"product_cat-seiko","8":"pa_brand-seiko","9":"pa_braslet-otel-inoxidabil","10":"pa_corpus-40-mm","11":"pa_forma-rotund","12":"pa_funcii-data","13":"pa_garatia-24-luni","14":"pa_korpus-argintiu","15":"pa_kvarc-quartz","16":"pa_material-otel-inoxidabil","17":"pa_mehanizm-quartz","18":"pa_remeshok-argintiu","19":"pa_steklo-cristal-safir","20":"pa_strana-japonia","21":"pa_voda-10-atm","23":"first","24":"instock","25":"purchasable","26":"product-type-simple"},"acf":[],"_links":{"self":[{"href":"https:\/\/ceasuri.md\/ru\/wp-json\/wp\/v2\/product\/63714","targetHints":{"allow":["GET"]}}],"collection":[{"href":"https:\/\/ceasuri.md\/ru\/wp-json\/wp\/v2\/product"}],"about":[{"href":"https:\/\/ceasuri.md\/ru\/wp-json\/wp\/v2\/types\/product"}],"replies":[{"embeddable":true,"href":"https:\/\/ceasuri.md\/ru\/wp-json\/wp\/v2\/comments?post=63714"}],"wp:featuredmedia":[{"embeddable":true,"href":"https:\/\/ceasuri.md\/ru\/wp-json\/wp\/v2\/media\/63715"}],"wp:attachment":[{"href":"https:\/\/ceasuri.md\/ru\/wp-json\/wp\/v2\/media?parent=63714"}],"wp:term":[{"taxonomy":"product_brand","embeddable":true,"href":"https:\/\/ceasuri.md\/ru\/wp-json\/wp\/v2\/product_brand?post=63714"},{"taxonomy":"product_cat","embeddable":true,"href":"https:\/\/ceasuri.md\/ru\/wp-json\/wp\/v2\/product_cat?post=63714"},{"taxonomy":"product_tag","embeddable":true,"href":"https:\/\/ceasuri.md\/ru\/wp-json\/wp\/v2\/product_tag?post=63714"}],"curies":[{"name":"wp","href":"https:\/\/api.w.org\/{rel}","templated":true}]}}