{"id":63709,"date":"2026-02-10T12:54:15","date_gmt":"2026-02-10T10:54:15","guid":{"rendered":"http:\/\/new.ceasuri.md\/shop\/uncategorized\/seiko-sport-sur560p1\/"},"modified":"2026-05-01T20:11:29","modified_gmt":"2026-05-01T17:11:29","slug":"seiko-sport-sur560p1","status":"publish","type":"product","link":"https:\/\/ceasuri.md\/ru\/shop\/branduri\/seiko\/seiko-sport-sur560p1\/","title":{"rendered":"\u0427\u0430\u0441\u044b SEIKO SPORT SUR560P1"},"content":{"rendered":"<p>Combina\u021bie \u00eentre designul sportiv laconic \u0219i calitatea japonez\u0103 impecabil\u0103.<\/p>\n<p>Modelul este creat pentru cei care apreciaz\u0103 fiabilitatea, precizia \u0219i stilul universal pentru fiecare zi.<\/p>\n<p>Carcasa este realizat\u0103 din o\u021bel inoxidabil \u0219i se remarc\u0103 prin rezisten\u021b\u0103 \u0219i rezisten\u021b\u0103 la uzur\u0103.<\/p>\n<p>Cadranul u\u0219or de citit, cu marcaje \u0219i indicatoare contrastante, asigur\u0103 citirea instantanee a orei.<\/p>\n<p>Sticla de safir protejeaz\u0103 ceasul de zg\u00e2rieturi \u0219i deterior\u0103ri mecanice, p\u0103str\u00e2nd aspectul impecabil.<\/p>\n<p>Fereastra de dat\u0103 face ca acest model s\u0103 fie o alegere practic\u0103 pentru purtarea zilnic\u0103.<\/p>\n<p>Rezisten\u021ba la ap\u0103 v\u0103 permite s\u0103 nu v\u0103 face\u021bi griji \u00een cazul stropirii accidentale \u0219i al contactului cu apa \u00een condi\u021bii normale.<\/p>","protected":false},"excerpt":{"rendered":"<p>Combina\u021bie \u00eentre designul sportiv laconic \u0219i calitatea japonez\u0103 impecabil\u0103. Modelul este creat pentru cei care apreciaz\u0103 fiabilitatea, precizia \u0219i stilul universal pentru fiecare zi. Carcasa este realizat\u0103 din o\u021bel inoxidabil \u0219i se remarc\u0103 prin rezisten\u021b\u0103 \u0219i rezisten\u021b\u0103 la uzur\u0103. Cadranul u\u0219or de citit, cu marcaje \u0219i indicatoare contrastante, asigur\u0103 citirea instantanee a orei. Sticla de [&hellip;]<\/p>\n","protected":false},"featured_media":63710,"comment_status":"closed","ping_status":"open","template":"","meta":{"_acf_changed":false},"product_brand":[],"product_cat":[20,588],"product_tag":[],"class_list":{"0":"post-63709","1":"product","2":"type-product","3":"status-publish","4":"has-post-thumbnail","6":"product_cat-ceasuri-barbati","7":"product_cat-seiko","8":"pa_brand-seiko","9":"pa_braslet-silicon","10":"pa_corpus-40-mm","11":"pa_forma-rotund","12":"pa_funcii-data","13":"pa_garatia-24-luni","14":"pa_korpus-auriu","15":"pa_kvarc-quartz","16":"pa_material-otel-inoxidabil","17":"pa_mehanizm-quartz","18":"pa_remeshok-negru","19":"pa_steklo-cristal-safir","20":"pa_strana-japonia","21":"pa_voda-10-atm","23":"first","24":"instock","25":"purchasable","26":"product-type-simple"},"acf":[],"_links":{"self":[{"href":"https:\/\/ceasuri.md\/ru\/wp-json\/wp\/v2\/product\/63709","targetHints":{"allow":["GET"]}}],"collection":[{"href":"https:\/\/ceasuri.md\/ru\/wp-json\/wp\/v2\/product"}],"about":[{"href":"https:\/\/ceasuri.md\/ru\/wp-json\/wp\/v2\/types\/product"}],"replies":[{"embeddable":true,"href":"https:\/\/ceasuri.md\/ru\/wp-json\/wp\/v2\/comments?post=63709"}],"wp:featuredmedia":[{"embeddable":true,"href":"https:\/\/ceasuri.md\/ru\/wp-json\/wp\/v2\/media\/63710"}],"wp:attachment":[{"href":"https:\/\/ceasuri.md\/ru\/wp-json\/wp\/v2\/media?parent=63709"}],"wp:term":[{"taxonomy":"product_brand","embeddable":true,"href":"https:\/\/ceasuri.md\/ru\/wp-json\/wp\/v2\/product_brand?post=63709"},{"taxonomy":"product_cat","embeddable":true,"href":"https:\/\/ceasuri.md\/ru\/wp-json\/wp\/v2\/product_cat?post=63709"},{"taxonomy":"product_tag","embeddable":true,"href":"https:\/\/ceasuri.md\/ru\/wp-json\/wp\/v2\/product_tag?post=63709"}],"curies":[{"name":"wp","href":"https:\/\/api.w.org\/{rel}","templated":true}]}}