{"id":63704,"date":"2026-04-03T01:46:07","date_gmt":"2026-04-02T22:46:07","guid":{"rendered":"http:\/\/new.ceasuri.md\/shop\/uncategorized\/seiko-classic-sur632p1\/"},"modified":"2026-04-07T05:17:48","modified_gmt":"2026-04-07T02:17:48","slug":"seiko-classic-sur632p1","status":"publish","type":"product","link":"https:\/\/ceasuri.md\/ru\/shop\/branduri\/seiko\/seiko-classic-sur632p1\/","title":{"rendered":"Ceas SEIKO CLASSIC SUR632P1"},"content":{"rendered":"<p>Ceas elegant pentru femei, care combin\u0103 precizia japonez\u0103 \u0219i designul rafinat. Modelul este realizat \u00een stil clasic \u0219i se potrive\u0219te perfect at\u00e2t pentru \u021binuta de afaceri, c\u00e2t \u0219i pentru uzul zilnic.<\/p>\n<p>Carcasa din o\u021bel inoxidabil cu un finisaj auriu rafinat subliniaz\u0103 statutul \u0219i gustul proprietarei.<\/p>\n<p>Cadranul deschis, cu indici \u0219i ace laconici, asigur\u0103 o lizibilitate excelent\u0103, iar sticla de safir protejeaz\u0103 \u00eempotriva zg\u00e2rieturilor \u0219i deterior\u0103rilor.<\/p>\n<p>Br\u0103\u021bara din o\u021bel se potrive\u0219te confortabil pe \u00eencheietura m\u00e2inii \u0219i este prev\u0103zut\u0103 cu o \u00eenchiz\u0103toare comod\u0103. Rezisten\u021ba la ap\u0103 v\u0103 permite s\u0103 nu v\u0103 face\u021bi griji cu privire la stropii accidentali din via\u021ba de zi cu zi.<\/p>","protected":false},"excerpt":{"rendered":"<p>Ceas elegant pentru femei, care combin\u0103 precizia japonez\u0103 \u0219i designul rafinat. Modelul este realizat \u00een stil clasic \u0219i se potrive\u0219te perfect at\u00e2t pentru \u021binuta de afaceri, c\u00e2t \u0219i pentru uzul zilnic. Carcasa din o\u021bel inoxidabil cu un finisaj auriu rafinat subliniaz\u0103 statutul \u0219i gustul proprietarei. Cadranul deschis, cu indici \u0219i ace laconici, asigur\u0103 o lizibilitate [&hellip;]<\/p>\n","protected":false},"featured_media":63705,"comment_status":"closed","ping_status":"open","template":"","meta":{"_acf_changed":false},"product_brand":[],"product_cat":[25,588],"product_tag":[],"class_list":{"0":"post-63704","1":"product","2":"type-product","3":"status-publish","4":"has-post-thumbnail","6":"product_cat-ceasuri-dama","7":"product_cat-seiko","8":"pa_brand-seiko","9":"pa_braslet-otel-inoxidabil","10":"pa_corpus-30-mm","11":"pa_forma-rotund","12":"pa_funcii-data","13":"pa_garatia-24-luni","14":"pa_korpus-auriu","15":"pa_material-otel-inoxidabil","16":"pa_mehanizm-quartz","17":"pa_remeshok-auriu","18":"pa_steklo-cristal-safir","19":"pa_strana-japonia","20":"pa_voda-10-atm","22":"first","23":"instock","24":"purchasable","25":"product-type-simple"},"acf":[],"_links":{"self":[{"href":"https:\/\/ceasuri.md\/ru\/wp-json\/wp\/v2\/product\/63704","targetHints":{"allow":["GET"]}}],"collection":[{"href":"https:\/\/ceasuri.md\/ru\/wp-json\/wp\/v2\/product"}],"about":[{"href":"https:\/\/ceasuri.md\/ru\/wp-json\/wp\/v2\/types\/product"}],"replies":[{"embeddable":true,"href":"https:\/\/ceasuri.md\/ru\/wp-json\/wp\/v2\/comments?post=63704"}],"wp:featuredmedia":[{"embeddable":true,"href":"https:\/\/ceasuri.md\/ru\/wp-json\/wp\/v2\/media\/63705"}],"wp:attachment":[{"href":"https:\/\/ceasuri.md\/ru\/wp-json\/wp\/v2\/media?parent=63704"}],"wp:term":[{"taxonomy":"product_brand","embeddable":true,"href":"https:\/\/ceasuri.md\/ru\/wp-json\/wp\/v2\/product_brand?post=63704"},{"taxonomy":"product_cat","embeddable":true,"href":"https:\/\/ceasuri.md\/ru\/wp-json\/wp\/v2\/product_cat?post=63704"},{"taxonomy":"product_tag","embeddable":true,"href":"https:\/\/ceasuri.md\/ru\/wp-json\/wp\/v2\/product_tag?post=63704"}],"curies":[{"name":"wp","href":"https:\/\/api.w.org\/{rel}","templated":true}]}}