{"id":63694,"date":"2026-04-03T01:46:07","date_gmt":"2026-04-02T22:46:07","guid":{"rendered":"http:\/\/new.ceasuri.md\/shop\/uncategorized\/seiko-classic-swr087p1\/"},"modified":"2026-04-20T02:01:24","modified_gmt":"2026-04-19T23:01:24","slug":"seiko-classic-swr087p1","status":"publish","type":"product","link":"https:\/\/ceasuri.md\/ru\/shop\/branduri\/seiko\/seiko-classic-swr087p1\/","title":{"rendered":"\u0427\u0430\u0441\u044b SEIKO CLASSIC SWR087P1"},"content":{"rendered":"<p>Modelul va completa perfect orice \u021binut\u0103 feminin\u0103 datorit\u0103 carcasei elegante \u0219i cadranului satinat cu efect de raze solare.<\/p>\n<p>Acest ceas din o\u021bel inoxidabil este decorat cu cifre romane \u0219i un cabochon albastru frumos.<\/p>\n<p>Elegant \u0219i rezistent, ceasul este rezistent la ap\u0103 p\u00e2n\u0103 la 5 bari \u0219i are un geam bombat Hardlex, care protejeaz\u0103 cadranul de deterior\u0103ri.<\/p>","protected":false},"excerpt":{"rendered":"<p>Modelul va completa perfect orice \u021binut\u0103 feminin\u0103 datorit\u0103 carcasei elegante \u0219i cadranului satinat cu efect de raze solare. Acest ceas din o\u021bel inoxidabil este decorat cu cifre romane \u0219i un cabochon albastru frumos. Elegant \u0219i rezistent, ceasul este rezistent la ap\u0103 p\u00e2n\u0103 la 5 bari \u0219i are un geam bombat Hardlex, care protejeaz\u0103 cadranul de [&hellip;]<\/p>\n","protected":false},"featured_media":63695,"comment_status":"closed","ping_status":"open","template":"","meta":{"_acf_changed":false},"product_brand":[],"product_cat":[25,588],"product_tag":[],"class_list":{"0":"post-63694","1":"product","2":"type-product","3":"status-publish","4":"has-post-thumbnail","6":"product_cat-ceasuri-dama","7":"product_cat-seiko","8":"pa_brand-seiko","9":"pa_braslet-otel-inoxidabil","10":"pa_corpus-22x34mm","11":"pa_forma-dreptunghiular","12":"pa_garatia-24-luni","13":"pa_korpus-argintiu","14":"pa_kvarc-quartz","15":"pa_material-otel-inoxidabil","16":"pa_mehanizm-quartz","17":"pa_remeshok-bicolor","18":"pa_steklo-hardlex-crystal","19":"pa_strana-japonia","20":"pa_voda-5-atm","22":"first","23":"instock","24":"purchasable","25":"product-type-simple"},"acf":[],"_links":{"self":[{"href":"https:\/\/ceasuri.md\/ru\/wp-json\/wp\/v2\/product\/63694","targetHints":{"allow":["GET"]}}],"collection":[{"href":"https:\/\/ceasuri.md\/ru\/wp-json\/wp\/v2\/product"}],"about":[{"href":"https:\/\/ceasuri.md\/ru\/wp-json\/wp\/v2\/types\/product"}],"replies":[{"embeddable":true,"href":"https:\/\/ceasuri.md\/ru\/wp-json\/wp\/v2\/comments?post=63694"}],"wp:featuredmedia":[{"embeddable":true,"href":"https:\/\/ceasuri.md\/ru\/wp-json\/wp\/v2\/media\/63695"}],"wp:attachment":[{"href":"https:\/\/ceasuri.md\/ru\/wp-json\/wp\/v2\/media?parent=63694"}],"wp:term":[{"taxonomy":"product_brand","embeddable":true,"href":"https:\/\/ceasuri.md\/ru\/wp-json\/wp\/v2\/product_brand?post=63694"},{"taxonomy":"product_cat","embeddable":true,"href":"https:\/\/ceasuri.md\/ru\/wp-json\/wp\/v2\/product_cat?post=63694"},{"taxonomy":"product_tag","embeddable":true,"href":"https:\/\/ceasuri.md\/ru\/wp-json\/wp\/v2\/product_tag?post=63694"}],"curies":[{"name":"wp","href":"https:\/\/api.w.org\/{rel}","templated":true}]}}