{"id":63686,"date":"2026-04-03T01:46:07","date_gmt":"2026-04-02T22:46:07","guid":{"rendered":"http:\/\/new.ceasuri.md\/shop\/uncategorized\/seiko-classic-swr114p1\/"},"modified":"2026-04-20T02:01:25","modified_gmt":"2026-04-19T23:01:25","slug":"seiko-classic-swr114p1","status":"publish","type":"product","link":"https:\/\/ceasuri.md\/ru\/shop\/branduri\/seiko\/seiko-classic-swr114p1\/","title":{"rendered":"\u0427\u0430\u0441\u044b SEIKO CLASSIC SWR114P1"},"content":{"rendered":"<p>Colec\u021bia Classic a fost creat\u0103 pentru femeile care caut\u0103 ceasuri elegante \u0219i atemporale, care atrag aten\u021bia, dar nu sunt preten\u021bioase. <\/p>\n<p>Modelul cu carcas\u0103 din o\u021bel inoxidabil cu placare din aur roz \u00eentruchipeaz\u0103 perfect acest lucru, oferind toat\u0103 calitatea produc\u021biei Seiko. <\/p>\n<p>Acele rafinate sunt ac\u021bionate de un mecanism precis cu cuar\u021b \u0219i alunec\u0103 pe cadranul elegant, protejat de sticla Hardlex rezistent\u0103 la zg\u00e2rieturi. <\/p>\n<p>Cureaua din piele natural\u0103 de culoare bej completeaz\u0103 armonios ceasul. <\/p>","protected":false},"excerpt":{"rendered":"<p>Colec\u021bia Classic a fost creat\u0103 pentru femeile care caut\u0103 ceasuri elegante \u0219i atemporale, care atrag aten\u021bia, dar nu sunt preten\u021bioase. Modelul cu carcas\u0103 din o\u021bel inoxidabil cu placare din aur roz \u00eentruchipeaz\u0103 perfect acest lucru, oferind toat\u0103 calitatea produc\u021biei Seiko. Acele rafinate sunt ac\u021bionate de un mecanism precis cu cuar\u021b \u0219i alunec\u0103 pe cadranul elegant, [&hellip;]<\/p>\n","protected":false},"featured_media":63687,"comment_status":"closed","ping_status":"open","template":"","meta":{"_acf_changed":false},"product_brand":[],"product_cat":[25,588],"product_tag":[],"class_list":{"0":"post-63686","1":"product","2":"type-product","3":"status-publish","4":"has-post-thumbnail","6":"product_cat-ceasuri-dama","7":"product_cat-seiko","8":"pa_brand-seiko","9":"pa_braslet-piele","10":"pa_corpus-25-mm","11":"pa_forma-patrat","12":"pa_garatia-24-luni","13":"pa_korpus-roz-gold","14":"pa_kvarc-quartz","15":"pa_material-otel-inoxidabil","16":"pa_mehanizm-quartz","17":"pa_remeshok-bej","18":"pa_steklo-hardlex-crystal","19":"pa_strana-japonia","20":"pa_voda-5-atm","22":"first","23":"instock","24":"purchasable","25":"product-type-simple"},"acf":[],"_links":{"self":[{"href":"https:\/\/ceasuri.md\/ru\/wp-json\/wp\/v2\/product\/63686","targetHints":{"allow":["GET"]}}],"collection":[{"href":"https:\/\/ceasuri.md\/ru\/wp-json\/wp\/v2\/product"}],"about":[{"href":"https:\/\/ceasuri.md\/ru\/wp-json\/wp\/v2\/types\/product"}],"replies":[{"embeddable":true,"href":"https:\/\/ceasuri.md\/ru\/wp-json\/wp\/v2\/comments?post=63686"}],"wp:featuredmedia":[{"embeddable":true,"href":"https:\/\/ceasuri.md\/ru\/wp-json\/wp\/v2\/media\/63687"}],"wp:attachment":[{"href":"https:\/\/ceasuri.md\/ru\/wp-json\/wp\/v2\/media?parent=63686"}],"wp:term":[{"taxonomy":"product_brand","embeddable":true,"href":"https:\/\/ceasuri.md\/ru\/wp-json\/wp\/v2\/product_brand?post=63686"},{"taxonomy":"product_cat","embeddable":true,"href":"https:\/\/ceasuri.md\/ru\/wp-json\/wp\/v2\/product_cat?post=63686"},{"taxonomy":"product_tag","embeddable":true,"href":"https:\/\/ceasuri.md\/ru\/wp-json\/wp\/v2\/product_tag?post=63686"}],"curies":[{"name":"wp","href":"https:\/\/api.w.org\/{rel}","templated":true}]}}