{"id":63536,"date":"2026-04-03T01:44:08","date_gmt":"2026-04-02T22:44:08","guid":{"rendered":"http:\/\/new.ceasuri.md\/shop\/uncategorized\/casio-g-shock-dw-5600rgm-1er\/"},"modified":"2026-04-15T21:30:00","modified_gmt":"2026-04-15T18:30:00","slug":"casio-g-shock-dw-5600rgm-1er","status":"publish","type":"product","link":"https:\/\/ceasuri.md\/ru\/shop\/branduri\/casio\/casio-g-shock-dw-5600rgm-1er\/","title":{"rendered":"Ceas CASIO G-SHOCK DW-5600RGM-1ER"},"content":{"rendered":"<p>P\u0103trunde\u021bi \u00een lumea artelor \u0219i me\u0219te\u0219ugurilor tradi\u021bionale japoneze cu ceasurile G-SHOCK inspirate de origami.<\/p>\n<p>Aceste ceasuri celebreaz\u0103 libertatea de exprimare a posibilit\u0103\u021bilor infinite cu ajutorul unei singure foi de h\u00e2rtie, care a evoluat odat\u0103 cu inventarea h\u00e2rtiei washi, rezistente \u0219i frumoase.<\/p>\n<p>\u00cen spiritul libert\u0103\u021bii \u0219i al respectului pentru acest me\u0219te\u0219ug complex, acest design reflect\u0103 caracteristicile origami \u00een toate detaliile, de la lunet\u0103 la curea. Ceasul este decorat cu modele din linii punctate origami, care reprezint\u0103 pliurile \u00een vale \u0219i \u00een munte, iar luneta \u0219i cureaua au o textur\u0103 unic\u0103, inspirat\u0103 de h\u00e2rtia washi.<\/p>\n<p>Pe ecranul cu iluminare LED \u0219i pe capacul din spate al carcasei este reprezentat un cocor, simbolul mondial cunoscut al artei plierii h\u00e2rtiei origami.<\/p>\n<p>Ceas electronic iconic cu design clasic p\u0103trat, care combin\u0103 fiabilitatea legendar\u0103 G-SHOCK \u0219i un accent modern \u0219i luminos.<\/p>\n<p>Iluminarea electroluminiscent\u0103 permite citirea u\u0219oar\u0103 a datelor \u00een condi\u021bii de iluminare slab\u0103.<\/p>\n<p>Ceasul este echipat cu cronometru, cronometru cu num\u0103r\u0103toare invers\u0103, alarm\u0103 multifunc\u021bional\u0103 \u0219i calendar automat.<\/p>\n<p>Rezisten\u021ba la ap\u0103 p\u00e2n\u0103 la 200 de metri face ca acest model s\u0103 fie potrivit pentru \u00eenot, activit\u0103\u021bi \u00een aer liber \u0219i sporturi extreme.<\/p>\n<p>Alegerea ideal\u0103 pentru cei care apreciaz\u0103 rezisten\u021ba, func\u021bionalitatea \u0219i designul recunoscut al legendarei serii G-SHOCK, testate \u00een timp.<\/p>","protected":false},"excerpt":{"rendered":"<p>P\u0103trunde\u021bi \u00een lumea artelor \u0219i me\u0219te\u0219ugurilor tradi\u021bionale japoneze cu ceasurile G-SHOCK inspirate de origami. Aceste ceasuri celebreaz\u0103 libertatea de exprimare a posibilit\u0103\u021bilor infinite cu ajutorul unei singure foi de h\u00e2rtie, care a evoluat odat\u0103 cu inventarea h\u00e2rtiei washi, rezistente \u0219i frumoase. \u00cen spiritul libert\u0103\u021bii \u0219i al respectului pentru acest me\u0219te\u0219ug complex, acest design reflect\u0103 caracteristicile [&hellip;]<\/p>\n","protected":false},"featured_media":63537,"comment_status":"closed","ping_status":"open","template":"","meta":{"_acf_changed":false},"product_brand":[],"product_cat":[27,20,419],"product_tag":[],"class_list":{"0":"post-63536","1":"product","2":"type-product","3":"status-publish","4":"has-post-thumbnail","6":"product_cat-casio","7":"product_cat-ceasuri-barbati","8":"product_cat-g-shock","9":"pa_brand-casio","10":"pa_brand-g-shock","11":"pa_braslet-plastic","12":"pa_corpus-43x49mm","13":"pa_forma-octogonala","14":"pa_funcii-alarma","15":"pa_funcii-calendar","16":"pa_funcii-cronometru","17":"pa_funcii-iluminare","18":"pa_funcii-special-edition","19":"pa_garatia-24-luni","20":"pa_korpus-negru","21":"pa_kvarc-quartz","22":"pa_material-plastic","23":"pa_mehanizm-electronic","24":"pa_remeshok-negru","25":"pa_steklo-cristal-mineral","26":"pa_strana-japonia","27":"pa_voda-20-atm","29":"first","30":"instock","31":"purchasable","32":"product-type-simple"},"acf":[],"_links":{"self":[{"href":"https:\/\/ceasuri.md\/ru\/wp-json\/wp\/v2\/product\/63536","targetHints":{"allow":["GET"]}}],"collection":[{"href":"https:\/\/ceasuri.md\/ru\/wp-json\/wp\/v2\/product"}],"about":[{"href":"https:\/\/ceasuri.md\/ru\/wp-json\/wp\/v2\/types\/product"}],"replies":[{"embeddable":true,"href":"https:\/\/ceasuri.md\/ru\/wp-json\/wp\/v2\/comments?post=63536"}],"wp:featuredmedia":[{"embeddable":true,"href":"https:\/\/ceasuri.md\/ru\/wp-json\/wp\/v2\/media\/63537"}],"wp:attachment":[{"href":"https:\/\/ceasuri.md\/ru\/wp-json\/wp\/v2\/media?parent=63536"}],"wp:term":[{"taxonomy":"product_brand","embeddable":true,"href":"https:\/\/ceasuri.md\/ru\/wp-json\/wp\/v2\/product_brand?post=63536"},{"taxonomy":"product_cat","embeddable":true,"href":"https:\/\/ceasuri.md\/ru\/wp-json\/wp\/v2\/product_cat?post=63536"},{"taxonomy":"product_tag","embeddable":true,"href":"https:\/\/ceasuri.md\/ru\/wp-json\/wp\/v2\/product_tag?post=63536"}],"curies":[{"name":"wp","href":"https:\/\/api.w.org\/{rel}","templated":true}]}}