{"id":63523,"date":"2026-04-03T01:44:08","date_gmt":"2026-04-02T22:44:08","guid":{"rendered":"http:\/\/new.ceasuri.md\/shop\/uncategorized\/casio-g-shock-ga-2100k-2aer\/"},"modified":"2026-04-15T21:29:58","modified_gmt":"2026-04-15T18:29:58","slug":"casio-g-shock-ga-2100k-2aer","status":"publish","type":"product","link":"https:\/\/ceasuri.md\/ru\/shop\/branduri\/casio\/casio-g-shock-ga-2100k-2aer\/","title":{"rendered":"Ceas CASIO G-SHOCK GA-2100K-2AER"},"content":{"rendered":"<p>L\u0103sa\u021bi-v\u0103 cuprin\u0219i de atmosfera misterioas\u0103, \u00eenv\u0103luit\u0103 \u00een fum, cu ceasurile inspirate de via\u021ba muzical\u0103 nocturn\u0103. Aceste ceasuri noi recreeaz\u0103 atmosfera cluburilor de noapte \u0219i a festivalurilor muzicale, unde flashurile laser str\u0103bat ritmul muzicii de la miezul nop\u021bii.<\/p>\n<p>Varietatea texturilor \u0219i culorilor elementelor ceasului aminte\u0219te de scena muzical\u0103 nocturn\u0103. Accentele de culori neon str\u0103lucesc ca un fascicul laser, iar materialele semitransparente cu suprafa\u021b\u0103 mat\u0103 confer\u0103 cadranului \u0219i curelei o textur\u0103 fantastic\u0103, care aminte\u0219te de fumul de pe ringul de dans creat de o ma\u0219in\u0103 de fum.<\/p>\n<p>Un aspect \u0219i o senza\u021bie complet noi &#8211; design avangardist combinat cu rezisten\u021ba la \u0219ocuri G-SHOCK.<\/p>\n<p>Modelul se remarc\u0103 prin carcasa octogonal\u0103 caracteristic\u0103. Carcasa rezistent\u0103 la \u0219ocuri din material polimeric protejeaz\u0103 \u00een mod fiabil mecanismul \u00eempotriva vibra\u021biilor \u0219i deterior\u0103rilor mecanice, iar sticla mineral\u0103 protejeaz\u0103 cadranul.<\/p>\n<p>Ceasul este echipat cu un mecanism cu cuar\u021b cu afi\u0219aj analogic-digital, care asigur\u0103 o lizibilitate excelent\u0103 a informa\u021biilor \u00een orice condi\u021bii. Iluminarea cu LED permite utilizarea confortabil\u0103 a ceasului \u00een \u00eentuneric.<\/p>\n<p>Modelul suport\u0103 ora mondial\u0103, cronometru, cronometru cu num\u0103r\u0103toare invers\u0103, 5 alarme \u0219i calendar automat.<\/p>\n<p>Rezisten\u021ba la ap\u0103 p\u00e2n\u0103 la 200 de metri face ceasul potrivit pentru \u00eenot, scufund\u0103ri \u0219i sporturi extreme.<\/p>\n<p>Ergonomia bine g\u00e2ndit\u0103 \u0219i greutatea redus\u0103 asigur\u0103 confortul \u00een timpul purt\u0103rii zilnice.<\/p>","protected":false},"excerpt":{"rendered":"<p>L\u0103sa\u021bi-v\u0103 cuprin\u0219i de atmosfera misterioas\u0103, \u00eenv\u0103luit\u0103 \u00een fum, cu ceasurile inspirate de via\u021ba muzical\u0103 nocturn\u0103. Aceste ceasuri noi recreeaz\u0103 atmosfera cluburilor de noapte \u0219i a festivalurilor muzicale, unde flashurile laser str\u0103bat ritmul muzicii de la miezul nop\u021bii. Varietatea texturilor \u0219i culorilor elementelor ceasului aminte\u0219te de scena muzical\u0103 nocturn\u0103. Accentele de culori neon str\u0103lucesc ca un [&hellip;]<\/p>\n","protected":false},"featured_media":63524,"comment_status":"closed","ping_status":"open","template":"","meta":{"_acf_changed":false},"product_brand":[],"product_cat":[27,20,25,419],"product_tag":[],"class_list":{"0":"post-63523","1":"product","2":"type-product","3":"status-publish","4":"has-post-thumbnail","6":"product_cat-casio","7":"product_cat-ceasuri-barbati","8":"product_cat-ceasuri-dama","9":"product_cat-g-shock","10":"pa_brand-casio","11":"pa_brand-g-shock","12":"pa_braslet-plastic","13":"pa_corpus-45x49mm","14":"pa_forma-octogonala","15":"pa_funcii-alarma","16":"pa_funcii-calendar","17":"pa_funcii-cronometru","18":"pa_funcii-dual-time","19":"pa_funcii-iluminare","20":"pa_funcii-timp-mondial","21":"pa_funcii-ziua-saptamanii","22":"pa_garatia-24-luni","23":"pa_korpus-albastru-inchis","24":"pa_korpus-transparent","25":"pa_kvarc-quartz","26":"pa_material-carbon","27":"pa_material-plastic","28":"pa_mehanizm-electronic","29":"pa_mehanizm-quartz","30":"pa_remeshok-albastru-inchis","31":"pa_remeshok-transparent","32":"pa_steklo-cristal-mineral","33":"pa_strana-japonia","34":"pa_voda-20-atm","36":"first","37":"instock","38":"purchasable","39":"product-type-simple"},"acf":[],"_links":{"self":[{"href":"https:\/\/ceasuri.md\/ru\/wp-json\/wp\/v2\/product\/63523","targetHints":{"allow":["GET"]}}],"collection":[{"href":"https:\/\/ceasuri.md\/ru\/wp-json\/wp\/v2\/product"}],"about":[{"href":"https:\/\/ceasuri.md\/ru\/wp-json\/wp\/v2\/types\/product"}],"replies":[{"embeddable":true,"href":"https:\/\/ceasuri.md\/ru\/wp-json\/wp\/v2\/comments?post=63523"}],"wp:featuredmedia":[{"embeddable":true,"href":"https:\/\/ceasuri.md\/ru\/wp-json\/wp\/v2\/media\/63524"}],"wp:attachment":[{"href":"https:\/\/ceasuri.md\/ru\/wp-json\/wp\/v2\/media?parent=63523"}],"wp:term":[{"taxonomy":"product_brand","embeddable":true,"href":"https:\/\/ceasuri.md\/ru\/wp-json\/wp\/v2\/product_brand?post=63523"},{"taxonomy":"product_cat","embeddable":true,"href":"https:\/\/ceasuri.md\/ru\/wp-json\/wp\/v2\/product_cat?post=63523"},{"taxonomy":"product_tag","embeddable":true,"href":"https:\/\/ceasuri.md\/ru\/wp-json\/wp\/v2\/product_tag?post=63523"}],"curies":[{"name":"wp","href":"https:\/\/api.w.org\/{rel}","templated":true}]}}