{"id":63507,"date":"2026-04-03T01:44:08","date_gmt":"2026-04-02T22:44:08","guid":{"rendered":"http:\/\/new.ceasuri.md\/shop\/uncategorized\/casio-collection-w-800hd-1avef\/"},"modified":"2026-04-07T05:16:23","modified_gmt":"2026-04-07T02:16:23","slug":"casio-collection-w-800hd-1avef","status":"publish","type":"product","link":"https:\/\/ceasuri.md\/ru\/shop\/branduri\/casio\/casio-collection-w-800hd-1avef\/","title":{"rendered":"Ceas CASIO COLLECTION W-800HD-1AVEF"},"content":{"rendered":"<p>Ceas electronic practic pentru cei care apreciaz\u0103 func\u021bionalitatea \u0219i durabilitatea \u00een via\u021ba de zi cu zi. Modelul este realizat \u00eentr-un stil sportiv clasic \u0219i este perfect at\u00e2t pentru activit\u0103\u021bi \u00een aer liber, c\u00e2t \u0219i pentru purtarea zilnic\u0103.<\/p>\n<p>Ceasul este echipat cu un mecanism precis cu cuar\u021b \u0219i un afi\u0219aj digital informativ cu iluminare, care asigur\u0103 o citire confortabil\u0103 a orei chiar \u0219i \u00een \u00eentuneric. Include o serie de func\u021bii, cum ar fi data \u0219i ziua s\u0103pt\u0103m\u00e2nii, cronometru, alarm\u0103 \u0219i calendar automat.<\/p>\n<p>Rezisten\u021b\u0103 la ap\u0103 p\u00e2n\u0103 la 100 de metri.<\/p>\n<p>Durata lung\u0103 de via\u021b\u0103 a bateriei elimin\u0103 necesitatea \u00eenlocuirii frecvente a elementului de alimentare.<\/p>\n<p>Acest model este o alegere excelent\u0103 pentru cei care caut\u0103 un ceas versatil, rezistent \u0219i accesibil de la legendarul brand japonez CASIO.<\/p>","protected":false},"excerpt":{"rendered":"<p>Ceas electronic practic pentru cei care apreciaz\u0103 func\u021bionalitatea \u0219i durabilitatea \u00een via\u021ba de zi cu zi. Modelul este realizat \u00eentr-un stil sportiv clasic \u0219i este perfect at\u00e2t pentru activit\u0103\u021bi \u00een aer liber, c\u00e2t \u0219i pentru purtarea zilnic\u0103. Ceasul este echipat cu un mecanism precis cu cuar\u021b \u0219i un afi\u0219aj digital informativ cu iluminare, care asigur\u0103 [&hellip;]<\/p>\n","protected":false},"featured_media":63508,"comment_status":"closed","ping_status":"open","template":"","meta":{"_acf_changed":false},"product_brand":[],"product_cat":[27,20],"product_tag":[],"class_list":{"0":"post-63507","1":"product","2":"type-product","3":"status-publish","4":"has-post-thumbnail","6":"product_cat-casio","7":"product_cat-ceasuri-barbati","8":"pa_brand-casio","9":"pa_braslet-otel-inoxidabil","10":"pa_corpus-37x44mm","11":"pa_forma-octogonala","12":"pa_funcii-alarma","13":"pa_funcii-calendar","14":"pa_funcii-cronometru","15":"pa_funcii-dual-time","16":"pa_funcii-iluminare","17":"pa_garatia-24-luni","18":"pa_korpus-argintiu","19":"pa_material-plastic","20":"pa_mehanizm-electronic","21":"pa_remeshok-argintiu","22":"pa_steklo-plastic","23":"pa_strana-japonia","24":"pa_voda-10-atm","26":"first","27":"instock","28":"purchasable","29":"product-type-simple"},"acf":[],"_links":{"self":[{"href":"https:\/\/ceasuri.md\/ru\/wp-json\/wp\/v2\/product\/63507","targetHints":{"allow":["GET"]}}],"collection":[{"href":"https:\/\/ceasuri.md\/ru\/wp-json\/wp\/v2\/product"}],"about":[{"href":"https:\/\/ceasuri.md\/ru\/wp-json\/wp\/v2\/types\/product"}],"replies":[{"embeddable":true,"href":"https:\/\/ceasuri.md\/ru\/wp-json\/wp\/v2\/comments?post=63507"}],"wp:featuredmedia":[{"embeddable":true,"href":"https:\/\/ceasuri.md\/ru\/wp-json\/wp\/v2\/media\/63508"}],"wp:attachment":[{"href":"https:\/\/ceasuri.md\/ru\/wp-json\/wp\/v2\/media?parent=63507"}],"wp:term":[{"taxonomy":"product_brand","embeddable":true,"href":"https:\/\/ceasuri.md\/ru\/wp-json\/wp\/v2\/product_brand?post=63507"},{"taxonomy":"product_cat","embeddable":true,"href":"https:\/\/ceasuri.md\/ru\/wp-json\/wp\/v2\/product_cat?post=63507"},{"taxonomy":"product_tag","embeddable":true,"href":"https:\/\/ceasuri.md\/ru\/wp-json\/wp\/v2\/product_tag?post=63507"}],"curies":[{"name":"wp","href":"https:\/\/api.w.org\/{rel}","templated":true}]}}