{"id":63500,"date":"2026-04-03T01:44:08","date_gmt":"2026-04-02T22:44:08","guid":{"rendered":"http:\/\/new.ceasuri.md\/shop\/uncategorized\/casio-g-shock-gst-b1000d-1aer\/"},"modified":"2026-04-20T02:00:11","modified_gmt":"2026-04-19T23:00:11","slug":"casio-g-shock-gst-b1000d-1aer","status":"publish","type":"product","link":"https:\/\/ceasuri.md\/ru\/shop\/branduri\/casio\/casio-g-shock-gst-b1000d-1aer\/","title":{"rendered":"\u0427\u0430\u0441\u044b CASIO G-SHOCK GST-B1000D-1AER"},"content":{"rendered":"<p>Combina\u021bia dintre rezisten\u021ba legendar\u0103 la \u0219ocuri a G-SHOCK \u0219i stilul premium al carcasei din o\u021bel. Modelul din seria G-STEEL este creat pentru cei care apreciaz\u0103 fiabilitatea, tehnologia \u0219i designul modern.<\/p>\n<p>Ceasul este dotat cu un carcas\u0103 rezistent\u0103 din o\u021bel inoxidabil cu miez din carbon, care asigur\u0103 o rezisten\u021b\u0103 ridicat\u0103 la \u0219ocuri \u0219i vibra\u021bii. Sticla mineral\u0103 protejeaz\u0103 cadranul, iar rezisten\u021ba la ap\u0103 p\u00e2n\u0103 la 200 de metri permite utilizarea ceasului la \u00eenot \u0219i activit\u0103\u021bi recreative active.<\/p>\n<p>Modelul suport\u0103 Bluetooth\u00ae pentru sincronizarea cu smartphone-ul: ajustarea automat\u0103 a orei, configurarea convenabil\u0103 a func\u021biilor \u0219i c\u0103utarea telefonului.<\/p>\n<p>Alimentarea se face de la bateria solar\u0103 Tough Solar, ceea ce elimin\u0103 necesitatea \u00eenlocuirii bateriilor.<\/p>\n<p>Func\u021bionalitatea este completat\u0103 de ora mondial\u0103, cronometru, temporizator, alarm\u0103 \u0219i iluminare LED puternic\u0103.<\/p>\n<p>Este alegerea ideal\u0103 pentru un stil de via\u021b\u0103 dinamic \u0219i un stil de zi cu zi.<\/p>","protected":false},"excerpt":{"rendered":"<p>Combina\u021bia dintre rezisten\u021ba legendar\u0103 la \u0219ocuri a G-SHOCK \u0219i stilul premium al carcasei din o\u021bel. Modelul din seria G-STEEL este creat pentru cei care apreciaz\u0103 fiabilitatea, tehnologia \u0219i designul modern. Ceasul este dotat cu un carcas\u0103 rezistent\u0103 din o\u021bel inoxidabil cu miez din carbon, care asigur\u0103 o rezisten\u021b\u0103 ridicat\u0103 la \u0219ocuri \u0219i vibra\u021bii. Sticla mineral\u0103 [&hellip;]<\/p>\n","protected":false},"featured_media":63501,"comment_status":"closed","ping_status":"open","template":"","meta":{"_acf_changed":false},"product_brand":[],"product_cat":[27,20,419],"product_tag":[],"class_list":{"0":"post-63500","1":"product","2":"type-product","3":"status-publish","4":"has-post-thumbnail","6":"product_cat-casio","7":"product_cat-ceasuri-barbati","8":"product_cat-g-shock","9":"pa_brand-casio","10":"pa_brand-g-shock","11":"pa_braslet-otel-inoxidabil","12":"pa_corpus-44-mm","13":"pa_forma-octogonala","14":"pa_funcii-alarma","15":"pa_funcii-bluetooth-smart","16":"pa_funcii-cronograf","17":"pa_funcii-cronometru","18":"pa_funcii-data","19":"pa_funcii-iluminare","20":"pa_funcii-rezerva-de-energie","21":"pa_funcii-ziua-saptamanii","22":"pa_garatia-24-luni","23":"pa_korpus-argintiu","24":"pa_kvarc-quartz","25":"pa_material-carbon","26":"pa_material-otel-inoxidabil","27":"pa_mehanizm-baterie-solara","28":"pa_remeshok-argintiu","29":"pa_steklo-cristal-mineral","30":"pa_strana-japonia","31":"pa_voda-20-atm","33":"first","34":"instock","35":"purchasable","36":"product-type-simple"},"acf":[],"_links":{"self":[{"href":"https:\/\/ceasuri.md\/ru\/wp-json\/wp\/v2\/product\/63500","targetHints":{"allow":["GET"]}}],"collection":[{"href":"https:\/\/ceasuri.md\/ru\/wp-json\/wp\/v2\/product"}],"about":[{"href":"https:\/\/ceasuri.md\/ru\/wp-json\/wp\/v2\/types\/product"}],"replies":[{"embeddable":true,"href":"https:\/\/ceasuri.md\/ru\/wp-json\/wp\/v2\/comments?post=63500"}],"wp:featuredmedia":[{"embeddable":true,"href":"https:\/\/ceasuri.md\/ru\/wp-json\/wp\/v2\/media\/63501"}],"wp:attachment":[{"href":"https:\/\/ceasuri.md\/ru\/wp-json\/wp\/v2\/media?parent=63500"}],"wp:term":[{"taxonomy":"product_brand","embeddable":true,"href":"https:\/\/ceasuri.md\/ru\/wp-json\/wp\/v2\/product_brand?post=63500"},{"taxonomy":"product_cat","embeddable":true,"href":"https:\/\/ceasuri.md\/ru\/wp-json\/wp\/v2\/product_cat?post=63500"},{"taxonomy":"product_tag","embeddable":true,"href":"https:\/\/ceasuri.md\/ru\/wp-json\/wp\/v2\/product_tag?post=63500"}],"curies":[{"name":"wp","href":"https:\/\/api.w.org\/{rel}","templated":true}]}}