{"id":63349,"date":"2026-04-03T01:42:26","date_gmt":"2026-04-02T22:42:26","guid":{"rendered":"http:\/\/new.ceasuri.md\/shop\/uncategorized\/fossil-ellis-jf04823040\/"},"modified":"2026-04-07T05:16:00","modified_gmt":"2026-04-07T02:16:00","slug":"fossil-ellis-jf04823040","status":"publish","type":"product","link":"https:\/\/ceasuri.md\/ru\/shop\/accesorii\/accesorii-dama\/bratari\/fossil-ellis-jf04823040\/","title":{"rendered":"FOSSIL ELLIS JF04823040"},"content":{"rendered":"<p>Bijuteriile Fossil, ap\u0103rute \u00een 1984 \u00een SUA, reflect\u0103 filosofia \u201eluxului accesibil\u201d, combin\u00e2nd stilul vintage al anilor 1940-1950 cu tendin\u021bele moderne.<\/p>\n<p>Brandul a mizat pe designul la mod\u0103, transform\u00e2nd accesoriile \u00eentr-un stil de via\u021b\u0103, ceea ce a adus rapid popularitate colec\u021biilor de bijuterii.<\/p>\n<p>Unicitatea produselor const\u0103 \u00een combina\u021bia dintre nostalgie \u0219i func\u021bionalitate. Bijuteriile sunt adesea minimaliste, clasice, dar \u00een acela\u0219i timp actuale.<\/p>\n<p>Bijuteriile sunt fabricate din o\u021bel inoxidabil \u0219i piele. Stilul variaz\u0103 de la clasic la tendin\u021be sportive la mod\u0103.<\/p>\n<p>Fossil este un brand popular \u0219i recunoscut, care ofer\u0103 o combina\u021bie de calitate \u00eenalt\u0103 \u0219i pre\u021buri accesibile.<\/p>","protected":false},"excerpt":{"rendered":"<p>Bijuteriile Fossil, ap\u0103rute \u00een 1984 \u00een SUA, reflect\u0103 filosofia \u201eluxului accesibil\u201d, combin\u00e2nd stilul vintage al anilor 1940-1950 cu tendin\u021bele moderne. Brandul a mizat pe designul la mod\u0103, transform\u00e2nd accesoriile \u00eentr-un stil de via\u021b\u0103, ceea ce a adus rapid popularitate colec\u021biilor de bijuterii. Unicitatea produselor const\u0103 \u00een combina\u021bia dintre nostalgie \u0219i func\u021bionalitate. Bijuteriile sunt adesea minimaliste, [&hellip;]<\/p>\n","protected":false},"featured_media":63350,"comment_status":"closed","ping_status":"open","template":"","meta":{"_acf_changed":false},"product_brand":[],"product_cat":[577,582,396],"product_tag":[],"class_list":{"0":"post-63349","1":"product","2":"type-product","3":"status-publish","4":"has-post-thumbnail","6":"product_cat-bratari","7":"product_cat-bratari-accesorii-barbati","8":"product_cat-fossil","9":"pa_brand-fossil","10":"pa_corpus-22-cm","11":"pa_korpus-argintiu","12":"pa_material-otel-inoxidabil","13":"pa_strana-sua","15":"first","16":"instock","17":"purchasable","18":"product-type-simple"},"acf":[],"_links":{"self":[{"href":"https:\/\/ceasuri.md\/ru\/wp-json\/wp\/v2\/product\/63349","targetHints":{"allow":["GET"]}}],"collection":[{"href":"https:\/\/ceasuri.md\/ru\/wp-json\/wp\/v2\/product"}],"about":[{"href":"https:\/\/ceasuri.md\/ru\/wp-json\/wp\/v2\/types\/product"}],"replies":[{"embeddable":true,"href":"https:\/\/ceasuri.md\/ru\/wp-json\/wp\/v2\/comments?post=63349"}],"wp:featuredmedia":[{"embeddable":true,"href":"https:\/\/ceasuri.md\/ru\/wp-json\/wp\/v2\/media\/63350"}],"wp:attachment":[{"href":"https:\/\/ceasuri.md\/ru\/wp-json\/wp\/v2\/media?parent=63349"}],"wp:term":[{"taxonomy":"product_brand","embeddable":true,"href":"https:\/\/ceasuri.md\/ru\/wp-json\/wp\/v2\/product_brand?post=63349"},{"taxonomy":"product_cat","embeddable":true,"href":"https:\/\/ceasuri.md\/ru\/wp-json\/wp\/v2\/product_cat?post=63349"},{"taxonomy":"product_tag","embeddable":true,"href":"https:\/\/ceasuri.md\/ru\/wp-json\/wp\/v2\/product_tag?post=63349"}],"curies":[{"name":"wp","href":"https:\/\/api.w.org\/{rel}","templated":true}]}}