{"id":63281,"date":"2026-04-03T01:42:26","date_gmt":"2026-04-02T22:42:26","guid":{"rendered":"http:\/\/new.ceasuri.md\/shop\/uncategorized\/diesel-d-logo-dx1540040\/"},"modified":"2026-04-16T21:38:21","modified_gmt":"2026-04-16T18:38:21","slug":"diesel-d-logo-dx1540040","status":"publish","type":"product","link":"https:\/\/ceasuri.md\/ru\/shop\/accesorii\/accesorii-barbati\/bratari-accesorii-barbati\/diesel-d-logo-dx1540040\/","title":{"rendered":"DIESEL \u00d0\u00b1\u00d0\u00b8\u00d0\u00b6 DX1540040"},"content":{"rendered":"<p>Diesel ofer\u0103 o colec\u021bie unic\u0103 \u0219i plin\u0103 de nervi, care r\u0103m\u00e2ne fidel\u0103 stilului rebel \u0219i contemporan al m\u0103rcii.<\/p>\n<p>Pun\u00e2nd accentul pe designuri \u00eendr\u0103zne\u021be, elemente industriale \u0219i motive de inspira\u021bie urban\u0103, bijuteriile Diesel  combin\u0103 o\u021belul inoxidabil, pielea \u0219i alte materiale neconven\u021bionale pentru a crea piese de efect.<\/p>\n<p>Colec\u021bia include inele, br\u0103\u021b\u0103ri, coliere \u0219i cercei, adesea cu elemente distinctive ale m\u0103rcii, cum ar fi logo-ul Diesel sau accente iconice de inspira\u021bie industrial\u0103.<\/p>\n<p>Cu stilul lor distinctiv, piesele Diesel  adaug\u0103 o not\u0103 de atitudine \u0219i individualitate oric\u0103rei \u021binute.<\/p>","protected":false},"excerpt":{"rendered":"<p>Diesel ofer\u0103 o colec\u021bie unic\u0103 \u0219i plin\u0103 de nervi, care r\u0103m\u00e2ne fidel\u0103 stilului rebel \u0219i contemporan al m\u0103rcii. Pun\u00e2nd accentul pe designuri \u00eendr\u0103zne\u021be, elemente industriale \u0219i motive de inspira\u021bie urban\u0103, bijuteriile Diesel combin\u0103 o\u021belul inoxidabil, pielea \u0219i alte materiale neconven\u021bionale pentru a crea piese de efect. Colec\u021bia include inele, br\u0103\u021b\u0103ri, coliere \u0219i cercei, adesea cu [&hellip;]<\/p>\n","protected":false},"featured_media":63282,"comment_status":"closed","ping_status":"open","template":"","meta":{"_acf_changed":false},"product_brand":[],"product_cat":[582,577,580],"product_tag":[],"class_list":{"0":"post-63281","1":"product","2":"type-product","3":"status-publish","4":"has-post-thumbnail","6":"product_cat-bratari-accesorii-barbati","7":"product_cat-bratari","8":"product_cat-diesel","9":"pa_brand-diesel","10":"pa_corpus-18-cm","11":"pa_korpus-argintiu","12":"pa_material-otel-inoxidabil","13":"pa_strana-italia","15":"first","16":"instock","17":"purchasable","18":"product-type-simple"},"acf":[],"_links":{"self":[{"href":"https:\/\/ceasuri.md\/ru\/wp-json\/wp\/v2\/product\/63281","targetHints":{"allow":["GET"]}}],"collection":[{"href":"https:\/\/ceasuri.md\/ru\/wp-json\/wp\/v2\/product"}],"about":[{"href":"https:\/\/ceasuri.md\/ru\/wp-json\/wp\/v2\/types\/product"}],"replies":[{"embeddable":true,"href":"https:\/\/ceasuri.md\/ru\/wp-json\/wp\/v2\/comments?post=63281"}],"wp:featuredmedia":[{"embeddable":true,"href":"https:\/\/ceasuri.md\/ru\/wp-json\/wp\/v2\/media\/63282"}],"wp:attachment":[{"href":"https:\/\/ceasuri.md\/ru\/wp-json\/wp\/v2\/media?parent=63281"}],"wp:term":[{"taxonomy":"product_brand","embeddable":true,"href":"https:\/\/ceasuri.md\/ru\/wp-json\/wp\/v2\/product_brand?post=63281"},{"taxonomy":"product_cat","embeddable":true,"href":"https:\/\/ceasuri.md\/ru\/wp-json\/wp\/v2\/product_cat?post=63281"},{"taxonomy":"product_tag","embeddable":true,"href":"https:\/\/ceasuri.md\/ru\/wp-json\/wp\/v2\/product_tag?post=63281"}],"curies":[{"name":"wp","href":"https:\/\/api.w.org\/{rel}","templated":true}]}}