{"id":63224,"date":"2026-04-03T01:41:38","date_gmt":"2026-04-02T22:41:38","guid":{"rendered":"http:\/\/new.ceasuri.md\/shop\/uncategorized\/armani-exchange-classic-axg0160710\/"},"modified":"2026-04-20T01:59:35","modified_gmt":"2026-04-19T22:59:35","slug":"armani-exchange-classic-axg0160710","status":"publish","type":"product","link":"https:\/\/ceasuri.md\/ru\/shop\/accesorii\/accesorii-barbati\/lanturi\/armani-exchange-classic-axg0160710\/","title":{"rendered":"ARMANI EXCHANGE CLASSIC AXG0160710"},"content":{"rendered":"<p>Bijuteriile Armani Exchange reflect\u0103 autenticitatea \u0219i stilul f\u0103r\u0103 efort.<\/p>\n<p>Tinere, contemporane \u0219i realizate din materiale de calitate, aceste br\u0103\u021b\u0103ri \u0219i coliere \u00ee\u021bi \u00eembun\u0103t\u0103\u021besc instantaneu look-ul f\u0103r\u0103 a cre\u0219te timpul necesar pentru a te preg\u0103ti.<\/p>\n<p>Realizate pentru cei care stabilesc tendin\u021be, modelele de bijuterii &#8211; inspirate de via\u021ba metropolitan\u0103 modern\u0103 &#8211; pot sta singure sau se pot suprapune f\u0103r\u0103 efort cu celelalte accesorii.<\/p>\n<p>Oricum ar fi, g\u0103sirea celei potrivite este modalitatea perfect\u0103 de a v\u0103 completa ansamblul, indiferent unde v\u0103 afla\u021bi.<\/p>","protected":false},"excerpt":{"rendered":"<p>Bijuteriile Armani Exchange reflect\u0103 autenticitatea \u0219i stilul f\u0103r\u0103 efort. Tinere, contemporane \u0219i realizate din materiale de calitate, aceste br\u0103\u021b\u0103ri \u0219i coliere \u00ee\u021bi \u00eembun\u0103t\u0103\u021besc instantaneu look-ul f\u0103r\u0103 a cre\u0219te timpul necesar pentru a te preg\u0103ti. Realizate pentru cei care stabilesc tendin\u021be, modelele de bijuterii &#8211; inspirate de via\u021ba metropolitan\u0103 modern\u0103 &#8211; pot sta singure sau se [&hellip;]<\/p>\n","protected":false},"featured_media":63225,"comment_status":"closed","ping_status":"open","template":"","meta":{"_acf_changed":false},"product_brand":[],"product_cat":[615,584],"product_tag":[],"class_list":{"0":"post-63224","1":"product","2":"type-product","3":"status-publish","4":"has-post-thumbnail","6":"product_cat-armani-exchange","7":"product_cat-lanturi","8":"pa_brand-armani-exchange","9":"pa_corpus-55cm","10":"pa_korpus-argintiu","11":"pa_korpus-auriu","12":"pa_material-otel-inoxidabil","13":"pa_strana-italia","15":"first","16":"instock","17":"purchasable","18":"product-type-simple"},"acf":[],"_links":{"self":[{"href":"https:\/\/ceasuri.md\/ru\/wp-json\/wp\/v2\/product\/63224","targetHints":{"allow":["GET"]}}],"collection":[{"href":"https:\/\/ceasuri.md\/ru\/wp-json\/wp\/v2\/product"}],"about":[{"href":"https:\/\/ceasuri.md\/ru\/wp-json\/wp\/v2\/types\/product"}],"replies":[{"embeddable":true,"href":"https:\/\/ceasuri.md\/ru\/wp-json\/wp\/v2\/comments?post=63224"}],"wp:featuredmedia":[{"embeddable":true,"href":"https:\/\/ceasuri.md\/ru\/wp-json\/wp\/v2\/media\/63225"}],"wp:attachment":[{"href":"https:\/\/ceasuri.md\/ru\/wp-json\/wp\/v2\/media?parent=63224"}],"wp:term":[{"taxonomy":"product_brand","embeddable":true,"href":"https:\/\/ceasuri.md\/ru\/wp-json\/wp\/v2\/product_brand?post=63224"},{"taxonomy":"product_cat","embeddable":true,"href":"https:\/\/ceasuri.md\/ru\/wp-json\/wp\/v2\/product_cat?post=63224"},{"taxonomy":"product_tag","embeddable":true,"href":"https:\/\/ceasuri.md\/ru\/wp-json\/wp\/v2\/product_tag?post=63224"}],"curies":[{"name":"wp","href":"https:\/\/api.w.org\/{rel}","templated":true}]}}