{"id":63185,"date":"2026-04-03T01:40:41","date_gmt":"2026-04-02T22:40:41","guid":{"rendered":"http:\/\/new.ceasuri.md\/shop\/uncategorized\/emporio-armani-eagle-logo-egs3201710\/"},"modified":"2026-04-17T19:23:03","modified_gmt":"2026-04-17T16:23:03","slug":"emporio-armani-eagle-logo-egs3201710","status":"publish","type":"product","link":"https:\/\/ceasuri.md\/ru\/shop\/accesorii\/accesorii-dama\/bratari\/emporio-armani-eagle-logo-egs3201710\/","title":{"rendered":"EMPORIO ARMANI EAGLE LOGO EGS3201710"},"content":{"rendered":"<p>Emporio Armani a fost fondat\u0103 \u00een anii 1980 ca parte a imperiului de mod\u0103 al lui Giorgio Armani. Marca a fost conceput\u0103 pentru un public mai t\u00e2n\u0103r, iar scopul era s\u0103 fie accesibil\u0103 persoanelor cu toate bugetele.<\/p>\n<p>Emporio Armani este una dintre cele mai bine v\u00e2ndute colec\u021bii ale lui Armani \u0219i a colaborat cu multe celebrit\u0103\u021bi de renume. Aerul distinctiv de elegan\u021b\u0103 al brandului se transpune \u00een bijuteriile sale prin stilul curat \u0219i clasic. Accesoriile Emporio Armani sunt perfecte pentru b\u0103rbatul sau femeia preocupat\u0103 de mod\u0103.<\/p>\n<p>Brandul folose\u0219te o varietate de metale, stiluri \u0219i modele pentru a se asigura c\u0103 exist\u0103 un articol perfect pentru fiecare colec\u021bionar.<\/p>\n<p>Fiecare pies\u0103 este realizat\u0103 folosind materiale de \u00eenalt\u0103 calitate pentru un finisaj luxos.<\/p>","protected":false},"excerpt":{"rendered":"<p>Emporio Armani a fost fondat\u0103 \u00een anii 1980 ca parte a imperiului de mod\u0103 al lui Giorgio Armani. Marca a fost conceput\u0103 pentru un public mai t\u00e2n\u0103r, iar scopul era s\u0103 fie accesibil\u0103 persoanelor cu toate bugetele. Emporio Armani este una dintre cele mai bine v\u00e2ndute colec\u021bii ale lui Armani \u0219i a colaborat cu multe [&hellip;]<\/p>\n","protected":false},"featured_media":63186,"comment_status":"closed","ping_status":"open","template":"","meta":{"_acf_changed":false},"product_brand":[],"product_cat":[577,617],"product_tag":[],"class_list":{"0":"post-63185","1":"product","2":"type-product","3":"status-publish","4":"has-post-thumbnail","6":"product_cat-bratari","7":"product_cat-emporio-armani","8":"pa_brand-emporio-armani","9":"pa_corpus-19-cm","10":"pa_decor-uart","11":"pa_korpus-auriu","12":"pa_korpus-roz","13":"pa_material-alama","14":"pa_strana-italia","16":"first","17":"instock","18":"purchasable","19":"product-type-simple"},"acf":[],"_links":{"self":[{"href":"https:\/\/ceasuri.md\/ru\/wp-json\/wp\/v2\/product\/63185","targetHints":{"allow":["GET"]}}],"collection":[{"href":"https:\/\/ceasuri.md\/ru\/wp-json\/wp\/v2\/product"}],"about":[{"href":"https:\/\/ceasuri.md\/ru\/wp-json\/wp\/v2\/types\/product"}],"replies":[{"embeddable":true,"href":"https:\/\/ceasuri.md\/ru\/wp-json\/wp\/v2\/comments?post=63185"}],"wp:featuredmedia":[{"embeddable":true,"href":"https:\/\/ceasuri.md\/ru\/wp-json\/wp\/v2\/media\/63186"}],"wp:attachment":[{"href":"https:\/\/ceasuri.md\/ru\/wp-json\/wp\/v2\/media?parent=63185"}],"wp:term":[{"taxonomy":"product_brand","embeddable":true,"href":"https:\/\/ceasuri.md\/ru\/wp-json\/wp\/v2\/product_brand?post=63185"},{"taxonomy":"product_cat","embeddable":true,"href":"https:\/\/ceasuri.md\/ru\/wp-json\/wp\/v2\/product_cat?post=63185"},{"taxonomy":"product_tag","embeddable":true,"href":"https:\/\/ceasuri.md\/ru\/wp-json\/wp\/v2\/product_tag?post=63185"}],"curies":[{"name":"wp","href":"https:\/\/api.w.org\/{rel}","templated":true}]}}