{"id":63167,"date":"2026-04-03T01:40:41","date_gmt":"2026-04-02T22:40:41","guid":{"rendered":"http:\/\/new.ceasuri.md\/shop\/uncategorized\/michael-kors-lexington-mk1091set\/"},"modified":"2026-04-20T01:59:12","modified_gmt":"2026-04-19T22:59:12","slug":"michael-kors-lexington-mk1091set","status":"publish","type":"product","link":"https:\/\/ceasuri.md\/ru\/shop\/branduri\/michael-kors\/michael-kors-lexington-mk1091set\/","title":{"rendered":"\u0427\u0430\u0441\u044b MICHAEL KORS LEXINGTON MK1091SET"},"content":{"rendered":"<p>Ceasurile Lexington duc elegan\u021ba \u0219i simplitatea la un nou nivel.<\/p>\n<p>Bezelul din o\u021bel inoxidabil de culoare argintie, br\u0103\u021bara \u0219i subcadranele cronografului au un aspect modern \u0219i atemporal \u00een acela\u0219i timp.<\/p>\n<p>\u00cen plus, suportul sub\u021bire din piele pentru carduri, cu imprimeu imita\u021bie de piele de crocodil, v\u0103 permite s\u0103 ave\u021bi la \u00eendem\u00e2n\u0103 tot ce ave\u021bi nevoie.<\/p>\n<p>\u00cempreun\u0103, aceste dou\u0103 accesorii indispensabile vor fi un cadou care va aduce bucurie mul\u021bi ani de acum \u00eenainte.<\/p>","protected":false},"excerpt":{"rendered":"<p>Ceasurile Lexington duc elegan\u021ba \u0219i simplitatea la un nou nivel. Bezelul din o\u021bel inoxidabil de culoare argintie, br\u0103\u021bara \u0219i subcadranele cronografului au un aspect modern \u0219i atemporal \u00een acela\u0219i timp. \u00cen plus, suportul sub\u021bire din piele pentru carduri, cu imprimeu imita\u021bie de piele de crocodil, v\u0103 permite s\u0103 ave\u021bi la \u00eendem\u00e2n\u0103 tot ce ave\u021bi nevoie. [&hellip;]<\/p>\n","protected":false},"featured_media":63168,"comment_status":"closed","ping_status":"open","template":"","meta":{"_acf_changed":false},"product_brand":[],"product_cat":[20,616],"product_tag":[],"class_list":{"0":"post-63167","1":"product","2":"type-product","3":"status-publish","4":"has-post-thumbnail","6":"product_cat-ceasuri-barbati","7":"product_cat-michael-kors","8":"pa_brand-michael-kors","9":"pa_braslet-otel-inoxidabil","10":"pa_corpus-44-mm","11":"pa_forma-rotund","12":"pa_funcii-cronograf","13":"pa_funcii-data","14":"pa_funcii-set-cadou","15":"pa_garatia-24-luni","16":"pa_korpus-argintiu","17":"pa_kvarc-quartz","18":"pa_material-otel-inoxidabil","19":"pa_mehanizm-quartz","20":"pa_remeshok-argintiu","21":"pa_steklo-cristal-mineral","22":"pa_strana-sua","23":"pa_voda-10-atm","25":"first","26":"instock","27":"purchasable","28":"product-type-simple"},"acf":[],"_links":{"self":[{"href":"https:\/\/ceasuri.md\/ru\/wp-json\/wp\/v2\/product\/63167","targetHints":{"allow":["GET"]}}],"collection":[{"href":"https:\/\/ceasuri.md\/ru\/wp-json\/wp\/v2\/product"}],"about":[{"href":"https:\/\/ceasuri.md\/ru\/wp-json\/wp\/v2\/types\/product"}],"replies":[{"embeddable":true,"href":"https:\/\/ceasuri.md\/ru\/wp-json\/wp\/v2\/comments?post=63167"}],"wp:featuredmedia":[{"embeddable":true,"href":"https:\/\/ceasuri.md\/ru\/wp-json\/wp\/v2\/media\/63168"}],"wp:attachment":[{"href":"https:\/\/ceasuri.md\/ru\/wp-json\/wp\/v2\/media?parent=63167"}],"wp:term":[{"taxonomy":"product_brand","embeddable":true,"href":"https:\/\/ceasuri.md\/ru\/wp-json\/wp\/v2\/product_brand?post=63167"},{"taxonomy":"product_cat","embeddable":true,"href":"https:\/\/ceasuri.md\/ru\/wp-json\/wp\/v2\/product_cat?post=63167"},{"taxonomy":"product_tag","embeddable":true,"href":"https:\/\/ceasuri.md\/ru\/wp-json\/wp\/v2\/product_tag?post=63167"}],"curies":[{"name":"wp","href":"https:\/\/api.w.org\/{rel}","templated":true}]}}