{"id":63162,"date":"2026-04-03T01:40:41","date_gmt":"2026-04-02T22:40:41","guid":{"rendered":"http:\/\/new.ceasuri.md\/shop\/uncategorized\/michael-kors-lexington-mk4740\/"},"modified":"2026-04-20T01:59:13","modified_gmt":"2026-04-19T22:59:13","slug":"michael-kors-lexington-mk4740","status":"publish","type":"product","link":"https:\/\/ceasuri.md\/ru\/shop\/branduri\/michael-kors\/michael-kors-lexington-mk4740\/","title":{"rendered":"Ceas MICHAEL KORS LEXINGTON MK4740"},"content":{"rendered":"<p>Accentele str\u0103lucitoare ale pav\u00e9-ului transform\u0103 ceasurile Lexington, \u00een nuan\u021be argintii \u0219i aurii, \u00eentr-un accesoriu glamour pentru uzul zilnic.<\/p>\n<p>Modelul este fabricat din o\u021bel inoxidabil \u0219i atrage aten\u021bia prin cadranul rotund \u0219i br\u0103\u021bara \u00een dou\u0103 culori.<\/p>\n<p>Cu ele, ve\u021bi ad\u0103uga o not\u0103 special\u0103 at\u00e2t \u021binutei de zi, c\u00e2t \u0219i celei de sear\u0103.<\/p>","protected":false},"excerpt":{"rendered":"<p>Accentele str\u0103lucitoare ale pav\u00e9-ului transform\u0103 ceasurile Lexington, \u00een nuan\u021be argintii \u0219i aurii, \u00eentr-un accesoriu glamour pentru uzul zilnic. Modelul este fabricat din o\u021bel inoxidabil \u0219i atrage aten\u021bia prin cadranul rotund \u0219i br\u0103\u021bara \u00een dou\u0103 culori. Cu ele, ve\u021bi ad\u0103uga o not\u0103 special\u0103 at\u00e2t \u021binutei de zi, c\u00e2t \u0219i celei de sear\u0103.<\/p>","protected":false},"featured_media":63163,"comment_status":"closed","ping_status":"open","template":"","meta":{"_acf_changed":false},"product_brand":[],"product_cat":[25,616],"product_tag":[],"class_list":{"0":"post-63162","1":"product","2":"type-product","3":"status-publish","4":"has-post-thumbnail","6":"product_cat-ceasuri-dama","7":"product_cat-michael-kors","8":"pa_brand-michael-kors","9":"pa_braslet-otel-inoxidabil","10":"pa_corpus-26-mm","11":"pa_decor-cristale-swarowski","12":"pa_forma-rotund","13":"pa_garatia-24-luni","14":"pa_korpus-argintiu","15":"pa_kvarc-quartz","16":"pa_material-otel-inoxidabil","17":"pa_mehanizm-quartz","18":"pa_remeshok-bicolor","19":"pa_steklo-cristal-mineral","20":"pa_strana-sua","21":"pa_voda-5-atm","23":"first","24":"instock","25":"purchasable","26":"product-type-simple"},"acf":[],"_links":{"self":[{"href":"https:\/\/ceasuri.md\/ru\/wp-json\/wp\/v2\/product\/63162","targetHints":{"allow":["GET"]}}],"collection":[{"href":"https:\/\/ceasuri.md\/ru\/wp-json\/wp\/v2\/product"}],"about":[{"href":"https:\/\/ceasuri.md\/ru\/wp-json\/wp\/v2\/types\/product"}],"replies":[{"embeddable":true,"href":"https:\/\/ceasuri.md\/ru\/wp-json\/wp\/v2\/comments?post=63162"}],"wp:featuredmedia":[{"embeddable":true,"href":"https:\/\/ceasuri.md\/ru\/wp-json\/wp\/v2\/media\/63163"}],"wp:attachment":[{"href":"https:\/\/ceasuri.md\/ru\/wp-json\/wp\/v2\/media?parent=63162"}],"wp:term":[{"taxonomy":"product_brand","embeddable":true,"href":"https:\/\/ceasuri.md\/ru\/wp-json\/wp\/v2\/product_brand?post=63162"},{"taxonomy":"product_cat","embeddable":true,"href":"https:\/\/ceasuri.md\/ru\/wp-json\/wp\/v2\/product_cat?post=63162"},{"taxonomy":"product_tag","embeddable":true,"href":"https:\/\/ceasuri.md\/ru\/wp-json\/wp\/v2\/product_tag?post=63162"}],"curies":[{"name":"wp","href":"https:\/\/api.w.org\/{rel}","templated":true}]}}