{"id":63156,"date":"2026-04-03T01:40:41","date_gmt":"2026-04-02T22:40:41","guid":{"rendered":"http:\/\/new.ceasuri.md\/shop\/uncategorized\/michael-kors-lexington-mk4815set\/"},"modified":"2026-04-20T01:59:13","modified_gmt":"2026-04-19T22:59:13","slug":"michael-kors-lexington-mk4815set","status":"publish","type":"product","link":"https:\/\/ceasuri.md\/ru\/shop\/branduri\/michael-kors\/michael-kors-lexington-mk4815set\/","title":{"rendered":"\u0427\u0430\u0441\u044b MICHAEL KORS LEXINGTON MK4815SET"},"content":{"rendered":"<p>Acest set v\u0103 va aduce o tripl\u0103 bucurie.<\/p>\n<p>Cadranul elegant cu pav\u00e9 subliniaz\u0103 designul rafinat al acestor ceasuri atemporale din o\u021bel inoxidabil bicolor, iar br\u0103\u021b\u0103rile asortate intensific\u0103 efectul de str\u0103lucire.<\/p>\n<p>Toate cele trei accesorii sunt livrate \u00eentr-un ambalaj frumos \u0219i constituie un cadou ideal.<\/p>","protected":false},"excerpt":{"rendered":"<p>Acest set v\u0103 va aduce o tripl\u0103 bucurie. Cadranul elegant cu pav\u00e9 subliniaz\u0103 designul rafinat al acestor ceasuri atemporale din o\u021bel inoxidabil bicolor, iar br\u0103\u021b\u0103rile asortate intensific\u0103 efectul de str\u0103lucire. Toate cele trei accesorii sunt livrate \u00eentr-un ambalaj frumos \u0219i constituie un cadou ideal.<\/p>","protected":false},"featured_media":63157,"comment_status":"closed","ping_status":"open","template":"","meta":{"_acf_changed":false},"product_brand":[],"product_cat":[25,616],"product_tag":[],"class_list":{"0":"post-63156","1":"product","2":"type-product","3":"status-publish","4":"has-post-thumbnail","6":"product_cat-ceasuri-dama","7":"product_cat-michael-kors","8":"pa_brand-michael-kors","9":"pa_braslet-otel-inoxidabil","10":"pa_corpus-26-mm","11":"pa_decor-cristale-swarowski","12":"pa_forma-rotund","13":"pa_funcii-set-cadou","14":"pa_garatia-24-luni","15":"pa_korpus-bicolor","16":"pa_kvarc-quartz","17":"pa_material-otel-inoxidabil","18":"pa_mehanizm-quartz","19":"pa_remeshok-bicolor","20":"pa_steklo-cristal-mineral","21":"pa_strana-sua","22":"pa_voda-5-atm","24":"first","25":"instock","26":"purchasable","27":"product-type-simple"},"acf":[],"_links":{"self":[{"href":"https:\/\/ceasuri.md\/ru\/wp-json\/wp\/v2\/product\/63156","targetHints":{"allow":["GET"]}}],"collection":[{"href":"https:\/\/ceasuri.md\/ru\/wp-json\/wp\/v2\/product"}],"about":[{"href":"https:\/\/ceasuri.md\/ru\/wp-json\/wp\/v2\/types\/product"}],"replies":[{"embeddable":true,"href":"https:\/\/ceasuri.md\/ru\/wp-json\/wp\/v2\/comments?post=63156"}],"wp:featuredmedia":[{"embeddable":true,"href":"https:\/\/ceasuri.md\/ru\/wp-json\/wp\/v2\/media\/63157"}],"wp:attachment":[{"href":"https:\/\/ceasuri.md\/ru\/wp-json\/wp\/v2\/media?parent=63156"}],"wp:term":[{"taxonomy":"product_brand","embeddable":true,"href":"https:\/\/ceasuri.md\/ru\/wp-json\/wp\/v2\/product_brand?post=63156"},{"taxonomy":"product_cat","embeddable":true,"href":"https:\/\/ceasuri.md\/ru\/wp-json\/wp\/v2\/product_cat?post=63156"},{"taxonomy":"product_tag","embeddable":true,"href":"https:\/\/ceasuri.md\/ru\/wp-json\/wp\/v2\/product_tag?post=63156"}],"curies":[{"name":"wp","href":"https:\/\/api.w.org\/{rel}","templated":true}]}}