{"id":63146,"date":"2026-04-03T01:40:41","date_gmt":"2026-04-02T22:40:41","guid":{"rendered":"http:\/\/new.ceasuri.md\/shop\/uncategorized\/michael-kors-emery-mk4882\/"},"modified":"2026-04-07T05:15:33","modified_gmt":"2026-04-07T02:15:33","slug":"michael-kors-emery-mk4882","status":"publish","type":"product","link":"https:\/\/ceasuri.md\/ru\/shop\/branduri\/michael-kors\/michael-kors-emery-mk4882\/","title":{"rendered":"Ceas MICHAEL KORS EMERY MK4882"},"content":{"rendered":"<p>Un model unic care atrage aten\u021bia prin stilul s\u0103u neconven\u021bional.<\/p>\n<p>Carcasa din o\u021bel inoxidabil argintiu este \u00eempodobit\u0103 cu cristale.<\/p>\n<p>Cadranul din sidef face ca ceasul s\u0103 fie un complement interesant pentru o varietate de stiluri.<\/p>\n<p>Br\u0103\u021bara din o\u021bel inoxidabil combin\u0103 tonurile de argint \u0219i auriu, cre\u00e2nd un \u00eentreg armonios.<\/p>\n<p>Aceasta este o op\u021biune pentru femeile care pre\u021buiesc originalitatea \u0219i elegan\u021ba \u00een via\u021ba de zi cu zi.<\/p>","protected":false},"excerpt":{"rendered":"<p>Un model unic care atrage aten\u021bia prin stilul s\u0103u neconven\u021bional. Carcasa din o\u021bel inoxidabil argintiu este \u00eempodobit\u0103 cu cristale. Cadranul din sidef face ca ceasul s\u0103 fie un complement interesant pentru o varietate de stiluri. Br\u0103\u021bara din o\u021bel inoxidabil combin\u0103 tonurile de argint \u0219i auriu, cre\u00e2nd un \u00eentreg armonios. Aceasta este o op\u021biune pentru femeile [&hellip;]<\/p>\n","protected":false},"featured_media":63147,"comment_status":"closed","ping_status":"open","template":"","meta":{"_acf_changed":false},"product_brand":[],"product_cat":[25,616],"product_tag":[],"class_list":{"0":"post-63146","1":"product","2":"type-product","3":"status-publish","4":"has-post-thumbnail","6":"product_cat-ceasuri-dama","7":"product_cat-michael-kors","8":"pa_brand-michael-kors","9":"pa_braslet-otel-inoxidabil","10":"pa_corpus-22x27mm","11":"pa_decor-cristale-swarowski","12":"pa_forma-dreptunghiular","13":"pa_garatia-24-luni","14":"pa_korpus-argintiu","15":"pa_material-otel-inoxidabil","16":"pa_mehanizm-quartz","17":"pa_remeshok-bicolor","18":"pa_steklo-cristal-mineral","19":"pa_strana-sua","20":"pa_voda-5-atm","22":"first","23":"instock","24":"purchasable","25":"product-type-simple"},"acf":[],"_links":{"self":[{"href":"https:\/\/ceasuri.md\/ru\/wp-json\/wp\/v2\/product\/63146","targetHints":{"allow":["GET"]}}],"collection":[{"href":"https:\/\/ceasuri.md\/ru\/wp-json\/wp\/v2\/product"}],"about":[{"href":"https:\/\/ceasuri.md\/ru\/wp-json\/wp\/v2\/types\/product"}],"replies":[{"embeddable":true,"href":"https:\/\/ceasuri.md\/ru\/wp-json\/wp\/v2\/comments?post=63146"}],"wp:featuredmedia":[{"embeddable":true,"href":"https:\/\/ceasuri.md\/ru\/wp-json\/wp\/v2\/media\/63147"}],"wp:attachment":[{"href":"https:\/\/ceasuri.md\/ru\/wp-json\/wp\/v2\/media?parent=63146"}],"wp:term":[{"taxonomy":"product_brand","embeddable":true,"href":"https:\/\/ceasuri.md\/ru\/wp-json\/wp\/v2\/product_brand?post=63146"},{"taxonomy":"product_cat","embeddable":true,"href":"https:\/\/ceasuri.md\/ru\/wp-json\/wp\/v2\/product_cat?post=63146"},{"taxonomy":"product_tag","embeddable":true,"href":"https:\/\/ceasuri.md\/ru\/wp-json\/wp\/v2\/product_tag?post=63146"}],"curies":[{"name":"wp","href":"https:\/\/api.w.org\/{rel}","templated":true}]}}