{"id":63136,"date":"2025-12-25T10:49:22","date_gmt":"2025-12-25T08:49:22","guid":{"rendered":"http:\/\/new.ceasuri.md\/shop\/uncategorized\/michael-kors-georgie-mk4935\/"},"modified":"2026-05-01T20:01:27","modified_gmt":"2026-05-01T17:01:27","slug":"michael-kors-georgie-mk4935","status":"publish","type":"product","link":"https:\/\/ceasuri.md\/ru\/shop\/branduri\/michael-kors\/michael-kors-georgie-mk4935\/","title":{"rendered":"\u0427\u0430\u0441\u044b MICHAEL KORS GEORGIE MK4935"},"content":{"rendered":"<p>Ceasul compact Georgie prezint\u0103 o siluet\u0103 p\u0103trat\u0103 rafinat\u0103 \u0219i un design bicolor impresionant.<\/p>\n<p>Fabricat din o\u021bel inoxidabil cu tonuri alternante de argintiu \u0219i auriu, acest ceas elegant eman\u0103 lux discret \u0219i este ideal at\u00e2t pentru purtarea de zi cu zi, c\u00e2t \u0219i pentru ocazii speciale.<\/p>\n<p>Designul simplu \u0219i detaliile subtile confer\u0103 acestui ceas un farmec universal.<\/p>\n<p>Ceasul este ac\u021bionat de un mecanism cu cuar\u021b \u0219i are cristal mineral.<\/p>","protected":false},"excerpt":{"rendered":"<p>Ceasul compact Georgie prezint\u0103 o siluet\u0103 p\u0103trat\u0103 rafinat\u0103 \u0219i un design bicolor impresionant. Fabricat din o\u021bel inoxidabil cu tonuri alternante de argintiu \u0219i auriu, acest ceas elegant eman\u0103 lux discret \u0219i este ideal at\u00e2t pentru purtarea de zi cu zi, c\u00e2t \u0219i pentru ocazii speciale. Designul simplu \u0219i detaliile subtile confer\u0103 acestui ceas un farmec [&hellip;]<\/p>\n","protected":false},"featured_media":63137,"comment_status":"closed","ping_status":"open","template":"","meta":{"_acf_changed":false},"product_brand":[],"product_cat":[25,616],"product_tag":[],"class_list":{"0":"post-63136","1":"product","2":"type-product","3":"status-publish","4":"has-post-thumbnail","6":"product_cat-ceasuri-dama","7":"product_cat-michael-kors","8":"pa_brand-michael-kors","9":"pa_braslet-otel-inoxidabil","10":"pa_corpus-27-mm","11":"pa_forma-patrat","12":"pa_garatia-24-luni","13":"pa_korpus-argintiu","14":"pa_kvarc-quartz","15":"pa_material-otel-inoxidabil","16":"pa_mehanizm-quartz","17":"pa_remeshok-bicolor","18":"pa_steklo-cristal-mineral","19":"pa_strana-sua","20":"pa_voda-5-atm","22":"first","23":"instock","24":"purchasable","25":"product-type-simple"},"acf":[],"_links":{"self":[{"href":"https:\/\/ceasuri.md\/ru\/wp-json\/wp\/v2\/product\/63136","targetHints":{"allow":["GET"]}}],"collection":[{"href":"https:\/\/ceasuri.md\/ru\/wp-json\/wp\/v2\/product"}],"about":[{"href":"https:\/\/ceasuri.md\/ru\/wp-json\/wp\/v2\/types\/product"}],"replies":[{"embeddable":true,"href":"https:\/\/ceasuri.md\/ru\/wp-json\/wp\/v2\/comments?post=63136"}],"wp:featuredmedia":[{"embeddable":true,"href":"https:\/\/ceasuri.md\/ru\/wp-json\/wp\/v2\/media\/63137"}],"wp:attachment":[{"href":"https:\/\/ceasuri.md\/ru\/wp-json\/wp\/v2\/media?parent=63136"}],"wp:term":[{"taxonomy":"product_brand","embeddable":true,"href":"https:\/\/ceasuri.md\/ru\/wp-json\/wp\/v2\/product_brand?post=63136"},{"taxonomy":"product_cat","embeddable":true,"href":"https:\/\/ceasuri.md\/ru\/wp-json\/wp\/v2\/product_cat?post=63136"},{"taxonomy":"product_tag","embeddable":true,"href":"https:\/\/ceasuri.md\/ru\/wp-json\/wp\/v2\/product_tag?post=63136"}],"curies":[{"name":"wp","href":"https:\/\/api.w.org\/{rel}","templated":true}]}}