{"id":63130,"date":"2025-12-25T10:49:22","date_gmt":"2025-12-25T08:49:22","guid":{"rendered":"http:\/\/new.ceasuri.md\/shop\/uncategorized\/michael-kors-lexington-mk4946set\/"},"modified":"2026-05-01T20:01:24","modified_gmt":"2026-05-01T17:01:24","slug":"michael-kors-lexington-mk4946set","status":"publish","type":"product","link":"https:\/\/ceasuri.md\/ru\/shop\/branduri\/michael-kors\/michael-kors-lexington-mk4946set\/","title":{"rendered":"\u0427\u0430\u0441\u044b MICHAEL KORS LEXINGTON MK4946SET"},"content":{"rendered":"<p>Un cadou cu un farmec natural.<\/p>\n<p>Acest set atent selec\u021bionat include un ceas Lexington cu cadran str\u0103lucitor cu pav\u00e9, o br\u0103\u021bar\u0103 cu inser\u021bii pav\u00e9 \u0219i o br\u0103\u021bar\u0103 elegant\u0103 cu man\u0219et\u0103.<\/p>\n<p>Acest trio, care poate fi purtat \u00eempreun\u0103 sau separat, creeaz\u0103 un look de neuitat la m\u00e2na dvs. \u2014 o op\u021biune perfect\u0103 pentru un cadou sau pentru a completa stilul dvs. de zi cu zi.<\/p>","protected":false},"excerpt":{"rendered":"<p>Un cadou cu un farmec natural. Acest set atent selec\u021bionat include un ceas Lexington cu cadran str\u0103lucitor cu pav\u00e9, o br\u0103\u021bar\u0103 cu inser\u021bii pav\u00e9 \u0219i o br\u0103\u021bar\u0103 elegant\u0103 cu man\u0219et\u0103. Acest trio, care poate fi purtat \u00eempreun\u0103 sau separat, creeaz\u0103 un look de neuitat la m\u00e2na dvs. \u2014 o op\u021biune perfect\u0103 pentru un cadou sau [&hellip;]<\/p>\n","protected":false},"featured_media":63131,"comment_status":"closed","ping_status":"open","template":"","meta":{"_acf_changed":false},"product_brand":[],"product_cat":[25,616],"product_tag":[],"class_list":{"0":"post-63130","1":"product","2":"type-product","3":"status-publish","4":"has-post-thumbnail","6":"product_cat-ceasuri-dama","7":"product_cat-michael-kors","8":"pa_brand-michael-kors","9":"pa_braslet-otel-inoxidabil","10":"pa_corpus-19-mm","11":"pa_decor-cristale-swarowski","12":"pa_forma-rotund","13":"pa_funcii-set-cadou","14":"pa_garatia-24-luni","15":"pa_korpus-roz-gold","16":"pa_kvarc-quartz","17":"pa_material-otel-inoxidabil","18":"pa_mehanizm-quartz","19":"pa_remeshok-roz-gold","20":"pa_steklo-cristal-mineral","21":"pa_strana-sua","22":"pa_voda-5-atm","24":"first","25":"instock","26":"purchasable","27":"product-type-simple"},"acf":[],"_links":{"self":[{"href":"https:\/\/ceasuri.md\/ru\/wp-json\/wp\/v2\/product\/63130","targetHints":{"allow":["GET"]}}],"collection":[{"href":"https:\/\/ceasuri.md\/ru\/wp-json\/wp\/v2\/product"}],"about":[{"href":"https:\/\/ceasuri.md\/ru\/wp-json\/wp\/v2\/types\/product"}],"replies":[{"embeddable":true,"href":"https:\/\/ceasuri.md\/ru\/wp-json\/wp\/v2\/comments?post=63130"}],"wp:featuredmedia":[{"embeddable":true,"href":"https:\/\/ceasuri.md\/ru\/wp-json\/wp\/v2\/media\/63131"}],"wp:attachment":[{"href":"https:\/\/ceasuri.md\/ru\/wp-json\/wp\/v2\/media?parent=63130"}],"wp:term":[{"taxonomy":"product_brand","embeddable":true,"href":"https:\/\/ceasuri.md\/ru\/wp-json\/wp\/v2\/product_brand?post=63130"},{"taxonomy":"product_cat","embeddable":true,"href":"https:\/\/ceasuri.md\/ru\/wp-json\/wp\/v2\/product_cat?post=63130"},{"taxonomy":"product_tag","embeddable":true,"href":"https:\/\/ceasuri.md\/ru\/wp-json\/wp\/v2\/product_tag?post=63130"}],"curies":[{"name":"wp","href":"https:\/\/api.w.org\/{rel}","templated":true}]}}