{"id":63125,"date":"2026-04-03T01:40:41","date_gmt":"2026-04-02T22:40:41","guid":{"rendered":"http:\/\/new.ceasuri.md\/shop\/uncategorized\/michael-kors-essex-mk4964\/"},"modified":"2026-04-20T01:59:16","modified_gmt":"2026-04-19T22:59:16","slug":"michael-kors-essex-mk4964","status":"publish","type":"product","link":"https:\/\/ceasuri.md\/ru\/shop\/branduri\/michael-kors\/michael-kors-essex-mk4964\/","title":{"rendered":"\u0427\u0430\u0441\u044b MICHAEL KORS ESSEX MK4964"},"content":{"rendered":"<p>Vei dori s\u0103 por\u021bi acest ceas Essex clasic \u0219i elegant iar \u0219i iar.<\/p>\n<p>Cadranul s\u0103u dreptunghiular sub\u021bire \u0219i cureaua rafinat\u0103 din piele cu relief de crocodil completeaz\u0103 at\u00e2t look-urile casual, c\u00e2t \u0219i pe cele elegante.<\/p>\n<p>Asorteaz\u0103-l cu br\u0103\u021b\u0103ri str\u0103lucitoare pentru a eviden\u021bia frumuse\u021bea \u00eencheieturii m\u00e2inii tale.<\/p>","protected":false},"excerpt":{"rendered":"<p>Vei dori s\u0103 por\u021bi acest ceas Essex clasic \u0219i elegant iar \u0219i iar. Cadranul s\u0103u dreptunghiular sub\u021bire \u0219i cureaua rafinat\u0103 din piele cu relief de crocodil completeaz\u0103 at\u00e2t look-urile casual, c\u00e2t \u0219i pe cele elegante. Asorteaz\u0103-l cu br\u0103\u021b\u0103ri str\u0103lucitoare pentru a eviden\u021bia frumuse\u021bea \u00eencheieturii m\u00e2inii tale.<\/p>","protected":false},"featured_media":63126,"comment_status":"closed","ping_status":"open","template":"","meta":{"_acf_changed":false},"product_brand":[],"product_cat":[25,616],"product_tag":[],"class_list":{"0":"post-63125","1":"product","2":"type-product","3":"status-publish","4":"has-post-thumbnail","6":"product_cat-ceasuri-dama","7":"product_cat-michael-kors","8":"pa_brand-michael-kors","9":"pa_braslet-piele","10":"pa_corpus-26x38-mm","11":"pa_forma-dreptunghiular","12":"pa_garatia-24-luni","13":"pa_korpus-auriu","14":"pa_kvarc-quartz","15":"pa_material-otel-inoxidabil","16":"pa_mehanizm-quartz","17":"pa_remeshok-bej","18":"pa_steklo-cristal-mineral","19":"pa_strana-sua","20":"pa_voda-5-atm","22":"first","23":"instock","24":"purchasable","25":"product-type-simple"},"acf":[],"_links":{"self":[{"href":"https:\/\/ceasuri.md\/ru\/wp-json\/wp\/v2\/product\/63125","targetHints":{"allow":["GET"]}}],"collection":[{"href":"https:\/\/ceasuri.md\/ru\/wp-json\/wp\/v2\/product"}],"about":[{"href":"https:\/\/ceasuri.md\/ru\/wp-json\/wp\/v2\/types\/product"}],"replies":[{"embeddable":true,"href":"https:\/\/ceasuri.md\/ru\/wp-json\/wp\/v2\/comments?post=63125"}],"wp:featuredmedia":[{"embeddable":true,"href":"https:\/\/ceasuri.md\/ru\/wp-json\/wp\/v2\/media\/63126"}],"wp:attachment":[{"href":"https:\/\/ceasuri.md\/ru\/wp-json\/wp\/v2\/media?parent=63125"}],"wp:term":[{"taxonomy":"product_brand","embeddable":true,"href":"https:\/\/ceasuri.md\/ru\/wp-json\/wp\/v2\/product_brand?post=63125"},{"taxonomy":"product_cat","embeddable":true,"href":"https:\/\/ceasuri.md\/ru\/wp-json\/wp\/v2\/product_cat?post=63125"},{"taxonomy":"product_tag","embeddable":true,"href":"https:\/\/ceasuri.md\/ru\/wp-json\/wp\/v2\/product_tag?post=63125"}],"curies":[{"name":"wp","href":"https:\/\/api.w.org\/{rel}","templated":true}]}}