{"id":63115,"date":"2026-04-03T01:40:41","date_gmt":"2026-04-02T22:40:41","guid":{"rendered":"http:\/\/new.ceasuri.md\/shop\/uncategorized\/michael-kors-essex-mk4967\/"},"modified":"2026-04-20T01:59:17","modified_gmt":"2026-04-19T22:59:17","slug":"michael-kors-essex-mk4967","status":"publish","type":"product","link":"https:\/\/ceasuri.md\/ru\/shop\/branduri\/michael-kors\/michael-kors-essex-mk4967\/","title":{"rendered":"\u0427\u0430\u0441\u044b MICHAEL KORS ESSEX MK4967"},"content":{"rendered":"<p>Ceasul clasic \u0219i elegant Essex este unul pe care ve\u021bi dori s\u0103-l purta\u021bi iar \u0219i iar.<\/p>\n<p>Cadranul dreptunghiular sub\u021bire \u0219i br\u0103\u021bara sofisticat\u0103 \u00een dou\u0103 culori completeaz\u0103 at\u00e2t \u021binutele casual, c\u00e2t \u0219i pe cele mai formale.<\/p>\n<p>Asorta\u021bi-l cu br\u0103\u021b\u0103ri str\u0103lucitoare pentru a eviden\u021bia frumuse\u021bea \u00eencheieturii m\u00e2inii.<\/p>","protected":false},"excerpt":{"rendered":"<p>Ceasul clasic \u0219i elegant Essex este unul pe care ve\u021bi dori s\u0103-l purta\u021bi iar \u0219i iar. Cadranul dreptunghiular sub\u021bire \u0219i br\u0103\u021bara sofisticat\u0103 \u00een dou\u0103 culori completeaz\u0103 at\u00e2t \u021binutele casual, c\u00e2t \u0219i pe cele mai formale. Asorta\u021bi-l cu br\u0103\u021b\u0103ri str\u0103lucitoare pentru a eviden\u021bia frumuse\u021bea \u00eencheieturii m\u00e2inii.<\/p>","protected":false},"featured_media":63116,"comment_status":"closed","ping_status":"open","template":"","meta":{"_acf_changed":false},"product_brand":[],"product_cat":[25,616],"product_tag":[],"class_list":{"0":"post-63115","1":"product","2":"type-product","3":"status-publish","4":"has-post-thumbnail","6":"product_cat-ceasuri-dama","7":"product_cat-michael-kors","8":"pa_brand-michael-kors","9":"pa_braslet-otel-inoxidabil","10":"pa_corpus-26x38-mm","11":"pa_forma-dreptunghiular","12":"pa_garatia-24-luni","13":"pa_korpus-bicolor","14":"pa_kvarc-quartz","15":"pa_material-otel-inoxidabil","16":"pa_mehanizm-quartz","17":"pa_remeshok-bicolor","18":"pa_steklo-cristal-mineral","19":"pa_strana-sua","20":"pa_voda-5-atm","22":"first","23":"instock","24":"purchasable","25":"product-type-simple"},"acf":[],"_links":{"self":[{"href":"https:\/\/ceasuri.md\/ru\/wp-json\/wp\/v2\/product\/63115","targetHints":{"allow":["GET"]}}],"collection":[{"href":"https:\/\/ceasuri.md\/ru\/wp-json\/wp\/v2\/product"}],"about":[{"href":"https:\/\/ceasuri.md\/ru\/wp-json\/wp\/v2\/types\/product"}],"replies":[{"embeddable":true,"href":"https:\/\/ceasuri.md\/ru\/wp-json\/wp\/v2\/comments?post=63115"}],"wp:featuredmedia":[{"embeddable":true,"href":"https:\/\/ceasuri.md\/ru\/wp-json\/wp\/v2\/media\/63116"}],"wp:attachment":[{"href":"https:\/\/ceasuri.md\/ru\/wp-json\/wp\/v2\/media?parent=63115"}],"wp:term":[{"taxonomy":"product_brand","embeddable":true,"href":"https:\/\/ceasuri.md\/ru\/wp-json\/wp\/v2\/product_brand?post=63115"},{"taxonomy":"product_cat","embeddable":true,"href":"https:\/\/ceasuri.md\/ru\/wp-json\/wp\/v2\/product_cat?post=63115"},{"taxonomy":"product_tag","embeddable":true,"href":"https:\/\/ceasuri.md\/ru\/wp-json\/wp\/v2\/product_tag?post=63115"}],"curies":[{"name":"wp","href":"https:\/\/api.w.org\/{rel}","templated":true}]}}