{"id":63110,"date":"2025-12-25T10:49:20","date_gmt":"2025-12-25T08:49:20","guid":{"rendered":"http:\/\/new.ceasuri.md\/shop\/uncategorized\/michael-kors-lexington-mk4979\/"},"modified":"2026-05-01T20:01:18","modified_gmt":"2026-05-01T17:01:18","slug":"michael-kors-lexington-mk4979","status":"publish","type":"product","link":"https:\/\/ceasuri.md\/ru\/shop\/branduri\/michael-kors\/michael-kors-lexington-mk4979\/","title":{"rendered":"\u0427\u0430\u0441\u044b MICHAEL KORS LEXINGTON MK4979"},"content":{"rendered":"<p>Ceasul Lexington eman\u0103 o str\u0103lucire modern\u0103 cu cristalele sale pav\u00e9.<\/p>\n<p>Carcasa din o\u021bel inoxidabil rezist\u0103 rigorilor purt\u0103rii zilnice, \u00een timp ce cadranul cronograf ofer\u0103 func\u021bionalitate suplimentar\u0103.<\/p>\n<p>Poart\u0103-l singur sau asorteaz\u0103-l cu br\u0103\u021b\u0103ri pentru un impact maxim.<\/p>","protected":false},"excerpt":{"rendered":"<p>Ceasul Lexington eman\u0103 o str\u0103lucire modern\u0103 cu cristalele sale pav\u00e9. Carcasa din o\u021bel inoxidabil rezist\u0103 rigorilor purt\u0103rii zilnice, \u00een timp ce cadranul cronograf ofer\u0103 func\u021bionalitate suplimentar\u0103. Poart\u0103-l singur sau asorteaz\u0103-l cu br\u0103\u021b\u0103ri pentru un impact maxim.<\/p>","protected":false},"featured_media":63111,"comment_status":"closed","ping_status":"open","template":"","meta":{"_acf_changed":false},"product_brand":[],"product_cat":[25,616],"product_tag":[],"class_list":{"0":"post-63110","1":"product","2":"type-product","3":"status-publish","4":"has-post-thumbnail","6":"product_cat-ceasuri-dama","7":"product_cat-michael-kors","8":"pa_brand-michael-kors","9":"pa_braslet-otel-inoxidabil","10":"pa_corpus-33-mm","11":"pa_decor-cristale-swarowski","12":"pa_forma-rotund","13":"pa_funcii-data","14":"pa_funcii-ziua-saptamanii","15":"pa_garatia-24-luni","16":"pa_korpus-argintiu","17":"pa_kvarc-quartz","18":"pa_material-otel-inoxidabil","19":"pa_mehanizm-quartz","20":"pa_remeshok-argintiu","21":"pa_steklo-cristal-mineral","22":"pa_strana-sua","23":"pa_voda-5-atm","25":"first","26":"instock","27":"purchasable","28":"product-type-simple"},"acf":[],"_links":{"self":[{"href":"https:\/\/ceasuri.md\/ru\/wp-json\/wp\/v2\/product\/63110","targetHints":{"allow":["GET"]}}],"collection":[{"href":"https:\/\/ceasuri.md\/ru\/wp-json\/wp\/v2\/product"}],"about":[{"href":"https:\/\/ceasuri.md\/ru\/wp-json\/wp\/v2\/types\/product"}],"replies":[{"embeddable":true,"href":"https:\/\/ceasuri.md\/ru\/wp-json\/wp\/v2\/comments?post=63110"}],"wp:featuredmedia":[{"embeddable":true,"href":"https:\/\/ceasuri.md\/ru\/wp-json\/wp\/v2\/media\/63111"}],"wp:attachment":[{"href":"https:\/\/ceasuri.md\/ru\/wp-json\/wp\/v2\/media?parent=63110"}],"wp:term":[{"taxonomy":"product_brand","embeddable":true,"href":"https:\/\/ceasuri.md\/ru\/wp-json\/wp\/v2\/product_brand?post=63110"},{"taxonomy":"product_cat","embeddable":true,"href":"https:\/\/ceasuri.md\/ru\/wp-json\/wp\/v2\/product_cat?post=63110"},{"taxonomy":"product_tag","embeddable":true,"href":"https:\/\/ceasuri.md\/ru\/wp-json\/wp\/v2\/product_tag?post=63110"}],"curies":[{"name":"wp","href":"https:\/\/api.w.org\/{rel}","templated":true}]}}