{"id":63105,"date":"2026-04-03T01:40:41","date_gmt":"2026-04-02T22:40:41","guid":{"rendered":"http:\/\/new.ceasuri.md\/shop\/uncategorized\/michael-kors-bradshaw-mk5605\/"},"modified":"2026-04-20T01:59:18","modified_gmt":"2026-04-19T22:59:18","slug":"michael-kors-bradshaw-mk5605","status":"publish","type":"product","link":"https:\/\/ceasuri.md\/ru\/shop\/branduri\/michael-kors\/michael-kors-bradshaw-mk5605\/","title":{"rendered":"\u0427\u0430\u0441\u044b MICHAEL KORS BRADSHAW MK5605"},"content":{"rendered":"<p>Ceasul Bradshaw este un ceas de dam\u0103 remarcabil, \u00een stil boyfriend, perfect pentru orice ocazie.<\/p>\n<p>Carcasa rotund\u0103 de 42 mm are un finisaj complet auriu, conferind ceasului un aspect luxos \u0219i modern.<\/p>\n<p>Cadranul cronograf multifunc\u021bional face ca ceasul s\u0103 fie nu doar elegant, ci \u0219i practic. Ace \u0219i indexurile contrastante asigur\u0103 o citire u\u0219oar\u0103, iar logo-ul Michael Kors completeaz\u0103 designul.<\/p>\n<p>Mi\u0219carea cu cuar\u021b asigur\u0103 o m\u0103surare precis\u0103 a timpului, \u00een timp ce cristalul mineral protejeaz\u0103 cadranul.<\/p>\n<p>Br\u0103\u021bara cu o \u00eencuietoare convenabil\u0103 se potrive\u0219te bine pe \u00eencheietura m\u00e2inii \u0219i este confortabil\u0103 pentru purtarea zilnic\u0103.<\/p>\n<p>Rezistent la ap\u0103 p\u00e2n\u0103 la 100 de metri, ceasul poate fi purtat \u00een timp ce te speli pe m\u00e2ini sau \u00een ploaie.<\/p>\n<p>Aceasta este alegerea perfect\u0103 pentru femeile care apreciaz\u0103 stilul, calitatea \u0219i accesoriile expresive cu caracter.<\/p>","protected":false},"excerpt":{"rendered":"<p>Ceasul Bradshaw este un ceas de dam\u0103 remarcabil, \u00een stil boyfriend, perfect pentru orice ocazie. Carcasa rotund\u0103 de 42 mm are un finisaj complet auriu, conferind ceasului un aspect luxos \u0219i modern. Cadranul cronograf multifunc\u021bional face ca ceasul s\u0103 fie nu doar elegant, ci \u0219i practic. Ace \u0219i indexurile contrastante asigur\u0103 o citire u\u0219oar\u0103, iar [&hellip;]<\/p>\n","protected":false},"featured_media":63106,"comment_status":"closed","ping_status":"open","template":"","meta":{"_acf_changed":false},"product_brand":[],"product_cat":[25,616],"product_tag":[],"class_list":{"0":"post-63105","1":"product","2":"type-product","3":"status-publish","4":"has-post-thumbnail","6":"product_cat-ceasuri-dama","7":"product_cat-michael-kors","8":"pa_brand-michael-kors","9":"pa_braslet-otel-inoxidabil","10":"pa_corpus-42-mm","11":"pa_forma-rotund","12":"pa_funcii-cronograf","13":"pa_funcii-data","14":"pa_garatia-24-luni","15":"pa_korpus-auriu","16":"pa_kvarc-quartz","17":"pa_material-otel-inoxidabil","18":"pa_mehanizm-quartz","19":"pa_remeshok-auriu","20":"pa_steklo-cristal-mineral","21":"pa_strana-sua","22":"pa_voda-10-atm","24":"first","25":"instock","26":"purchasable","27":"product-type-simple"},"acf":[],"_links":{"self":[{"href":"https:\/\/ceasuri.md\/ru\/wp-json\/wp\/v2\/product\/63105","targetHints":{"allow":["GET"]}}],"collection":[{"href":"https:\/\/ceasuri.md\/ru\/wp-json\/wp\/v2\/product"}],"about":[{"href":"https:\/\/ceasuri.md\/ru\/wp-json\/wp\/v2\/types\/product"}],"replies":[{"embeddable":true,"href":"https:\/\/ceasuri.md\/ru\/wp-json\/wp\/v2\/comments?post=63105"}],"wp:featuredmedia":[{"embeddable":true,"href":"https:\/\/ceasuri.md\/ru\/wp-json\/wp\/v2\/media\/63106"}],"wp:attachment":[{"href":"https:\/\/ceasuri.md\/ru\/wp-json\/wp\/v2\/media?parent=63105"}],"wp:term":[{"taxonomy":"product_brand","embeddable":true,"href":"https:\/\/ceasuri.md\/ru\/wp-json\/wp\/v2\/product_brand?post=63105"},{"taxonomy":"product_cat","embeddable":true,"href":"https:\/\/ceasuri.md\/ru\/wp-json\/wp\/v2\/product_cat?post=63105"},{"taxonomy":"product_tag","embeddable":true,"href":"https:\/\/ceasuri.md\/ru\/wp-json\/wp\/v2\/product_tag?post=63105"}],"curies":[{"name":"wp","href":"https:\/\/api.w.org\/{rel}","templated":true}]}}