{"id":63100,"date":"2026-04-03T01:39:36","date_gmt":"2026-04-02T22:39:36","guid":{"rendered":"http:\/\/new.ceasuri.md\/shop\/uncategorized\/michael-kors-maren-mk7495\/"},"modified":"2026-04-20T01:59:19","modified_gmt":"2026-04-19T22:59:19","slug":"michael-kors-maren-mk7495","status":"publish","type":"product","link":"https:\/\/ceasuri.md\/ru\/shop\/branduri\/michael-kors\/michael-kors-maren-mk7495\/","title":{"rendered":"\u0427\u0430\u0441\u044b MICHAEL KORS MAREN MK7495"},"content":{"rendered":"<p>Pentru femeile care nu accept\u0103 compromisuri \u00een ceea ce prive\u0219te stilul \u0219i calitatea, Michael Kors Maren este alegerea ideal\u0103.<\/p>\n<p>Acest cronograf sportiv combin\u0103 o carcas\u0103 rezistent\u0103 \u0219i un br\u0103\u021bar\u0103 din o\u021bel inoxidabil. Carcasa \u00een dou\u0103 culori se transform\u0103 treptat \u00eentr-o br\u0103\u021bar\u0103 argintie. Carcasa rotund\u0103 este \u00eentotdeauna o alegere stilat\u0103 \u0219i elegant\u0103.<\/p>\n<p>Cadranul este protejat de un sticl\u0103 mineral\u0103 rezistent\u0103. Datorit\u0103 subcadranelor marca Michael Kors, acest cronograf combin\u0103 func\u021bionalitatea \u0219i aspectul dinamic. O func\u021bie util\u0103 este indicarea datei, care permite vizualizarea datei curente dintr-o singur\u0103 privire.<\/p>\n<p>Mecanismul cu cuar\u021b asigur\u0103 precizia.<\/p>\n<p>Acest ceas sport de la Michael Kors este ideal pentru activit\u0103\u021bi \u00een aer liber \u0219i va ad\u0103uga dinamism oric\u0103rui look.<\/p>","protected":false},"excerpt":{"rendered":"<p>Pentru femeile care nu accept\u0103 compromisuri \u00een ceea ce prive\u0219te stilul \u0219i calitatea, Michael Kors Maren este alegerea ideal\u0103. Acest cronograf sportiv combin\u0103 o carcas\u0103 rezistent\u0103 \u0219i un br\u0103\u021bar\u0103 din o\u021bel inoxidabil. Carcasa \u00een dou\u0103 culori se transform\u0103 treptat \u00eentr-o br\u0103\u021bar\u0103 argintie. Carcasa rotund\u0103 este \u00eentotdeauna o alegere stilat\u0103 \u0219i elegant\u0103. Cadranul este protejat de [&hellip;]<\/p>\n","protected":false},"featured_media":63101,"comment_status":"closed","ping_status":"open","template":"","meta":{"_acf_changed":false},"product_brand":[],"product_cat":[25,616],"product_tag":[],"class_list":{"0":"post-63100","1":"product","2":"type-product","3":"status-publish","4":"has-post-thumbnail","6":"product_cat-ceasuri-dama","7":"product_cat-michael-kors","8":"pa_brand-michael-kors","9":"pa_braslet-otel-inoxidabil","10":"pa_corpus-40-mm","11":"pa_forma-rotund","12":"pa_funcii-cronograf","13":"pa_funcii-data","14":"pa_garatia-24-luni","15":"pa_korpus-bicolor","16":"pa_kvarc-quartz","17":"pa_material-otel-inoxidabil","18":"pa_mehanizm-quartz","19":"pa_remeshok-argintiu","20":"pa_steklo-cristal-mineral","21":"pa_strana-sua","22":"pa_voda-5-atm","24":"first","25":"instock","26":"purchasable","27":"product-type-simple"},"acf":[],"_links":{"self":[{"href":"https:\/\/ceasuri.md\/ru\/wp-json\/wp\/v2\/product\/63100","targetHints":{"allow":["GET"]}}],"collection":[{"href":"https:\/\/ceasuri.md\/ru\/wp-json\/wp\/v2\/product"}],"about":[{"href":"https:\/\/ceasuri.md\/ru\/wp-json\/wp\/v2\/types\/product"}],"replies":[{"embeddable":true,"href":"https:\/\/ceasuri.md\/ru\/wp-json\/wp\/v2\/comments?post=63100"}],"wp:featuredmedia":[{"embeddable":true,"href":"https:\/\/ceasuri.md\/ru\/wp-json\/wp\/v2\/media\/63101"}],"wp:attachment":[{"href":"https:\/\/ceasuri.md\/ru\/wp-json\/wp\/v2\/media?parent=63100"}],"wp:term":[{"taxonomy":"product_brand","embeddable":true,"href":"https:\/\/ceasuri.md\/ru\/wp-json\/wp\/v2\/product_brand?post=63100"},{"taxonomy":"product_cat","embeddable":true,"href":"https:\/\/ceasuri.md\/ru\/wp-json\/wp\/v2\/product_cat?post=63100"},{"taxonomy":"product_tag","embeddable":true,"href":"https:\/\/ceasuri.md\/ru\/wp-json\/wp\/v2\/product_tag?post=63100"}],"curies":[{"name":"wp","href":"https:\/\/api.w.org\/{rel}","templated":true}]}}