{"id":63095,"date":"2025-12-25T10:49:18","date_gmt":"2025-12-25T08:49:18","guid":{"rendered":"http:\/\/new.ceasuri.md\/shop\/uncategorized\/michael-kors-bryant-mk7532\/"},"modified":"2026-05-01T20:01:12","modified_gmt":"2026-05-01T17:01:12","slug":"michael-kors-bryant-mk7532","status":"publish","type":"product","link":"https:\/\/ceasuri.md\/ru\/shop\/branduri\/michael-kors\/michael-kors-bryant-mk7532\/","title":{"rendered":"\u0427\u0430\u0441\u044b MICHAEL KORS BRYANT MK7532"},"content":{"rendered":"<p>O combina\u021bie elegant\u0103 \u00eentre clasicul modern \u0219i glamourul caracteristic al brandului Michael Kors.<\/p>\n<p>Modelul este creat pentru cei care apreciaz\u0103 accentele stilate \u0219i calitatea impecabil\u0103 \u00een \u021binutele de zi cu zi.<\/p>\n<p>Carcasa ceasului este realizat\u0103 din o\u021bel inoxidabil cu un finisaj auriu rafinat, care confer\u0103 accesoriului un aspect luxos \u0219i prestigios.<\/p>\n<p>Cadranul rotund este completat armonios de subcadranele cronografului \u0219i fereastra de dat\u0103. Sticla mineral\u0103 \u00eel protejeaz\u0103 de mici deterior\u0103ri.<\/p>\n<p>Mecanismul cu cuar\u021b garanteaz\u0103 precizia \u0219i fiabilitatea \u00een func\u021bionare.<\/p>\n<p>Br\u0103\u021bara metalic\u0103 se fixeaz\u0103 confortabil pe \u00eencheietura m\u00e2inii \u0219i subliniaz\u0103 designul rafinat al modelului.<\/p>\n<p>Ceasul se potrive\u0219te perfect at\u00e2t cu stilul business, c\u00e2t \u0219i cu \u021binuta de sear\u0103.<\/p>","protected":false},"excerpt":{"rendered":"<p>O combina\u021bie elegant\u0103 \u00eentre clasicul modern \u0219i glamourul caracteristic al brandului Michael Kors. Modelul este creat pentru cei care apreciaz\u0103 accentele stilate \u0219i calitatea impecabil\u0103 \u00een \u021binutele de zi cu zi. Carcasa ceasului este realizat\u0103 din o\u021bel inoxidabil cu un finisaj auriu rafinat, care confer\u0103 accesoriului un aspect luxos \u0219i prestigios. Cadranul rotund este completat [&hellip;]<\/p>\n","protected":false},"featured_media":63096,"comment_status":"closed","ping_status":"open","template":"","meta":{"_acf_changed":false},"product_brand":[],"product_cat":[25,616],"product_tag":[],"class_list":{"0":"post-63095","1":"product","2":"type-product","3":"status-publish","4":"has-post-thumbnail","6":"product_cat-ceasuri-dama","7":"product_cat-michael-kors","8":"pa_brand-michael-kors","9":"pa_braslet-otel-inoxidabil","10":"pa_corpus-35-mm","11":"pa_decor-cristale-swarowski","12":"pa_forma-rotund","13":"pa_funcii-cronograf","14":"pa_funcii-data","15":"pa_garatia-24-luni","16":"pa_korpus-bicolor","17":"pa_kvarc-quartz","18":"pa_material-otel-inoxidabil","19":"pa_mehanizm-quartz","20":"pa_remeshok-bicolor","21":"pa_steklo-cristal-mineral","22":"pa_strana-sua","23":"pa_voda-5-atm","25":"first","26":"instock","27":"purchasable","28":"product-type-simple"},"acf":[],"_links":{"self":[{"href":"https:\/\/ceasuri.md\/ru\/wp-json\/wp\/v2\/product\/63095","targetHints":{"allow":["GET"]}}],"collection":[{"href":"https:\/\/ceasuri.md\/ru\/wp-json\/wp\/v2\/product"}],"about":[{"href":"https:\/\/ceasuri.md\/ru\/wp-json\/wp\/v2\/types\/product"}],"replies":[{"embeddable":true,"href":"https:\/\/ceasuri.md\/ru\/wp-json\/wp\/v2\/comments?post=63095"}],"wp:featuredmedia":[{"embeddable":true,"href":"https:\/\/ceasuri.md\/ru\/wp-json\/wp\/v2\/media\/63096"}],"wp:attachment":[{"href":"https:\/\/ceasuri.md\/ru\/wp-json\/wp\/v2\/media?parent=63095"}],"wp:term":[{"taxonomy":"product_brand","embeddable":true,"href":"https:\/\/ceasuri.md\/ru\/wp-json\/wp\/v2\/product_brand?post=63095"},{"taxonomy":"product_cat","embeddable":true,"href":"https:\/\/ceasuri.md\/ru\/wp-json\/wp\/v2\/product_cat?post=63095"},{"taxonomy":"product_tag","embeddable":true,"href":"https:\/\/ceasuri.md\/ru\/wp-json\/wp\/v2\/product_tag?post=63095"}],"curies":[{"name":"wp","href":"https:\/\/api.w.org\/{rel}","templated":true}]}}