{"id":63090,"date":"2026-04-03T01:39:36","date_gmt":"2026-04-02T22:39:36","guid":{"rendered":"http:\/\/new.ceasuri.md\/shop\/uncategorized\/michael-kors-slim-runway-mk7545\/"},"modified":"2026-04-20T01:59:20","modified_gmt":"2026-04-19T22:59:20","slug":"michael-kors-slim-runway-mk7545","status":"publish","type":"product","link":"https:\/\/ceasuri.md\/ru\/shop\/branduri\/michael-kors\/michael-kors-slim-runway-mk7545\/","title":{"rendered":"\u0427\u0430\u0441\u044b MICHAEL KORS SLIM RUNWAY MK7545"},"content":{"rendered":"<p>Ceasurile Slim Runway, rafinate \u0219i elegante, reinterpreteaz\u0103 elegan\u021ba modern\u0103.<\/p>\n<p>Aceste ceasuri cu cuar\u021b, cu cadran alb ca z\u0103pada \u0219i carcas\u0103 sub\u021bire, se remarc\u0103 prin designul minimalist, dar \u00een acela\u0219i timp str\u0103lucitor, perfect pentru femeia modern\u0103.<\/p>\n<p>Carcas\u0103 rotund\u0103 din o\u021bel inoxidabil de culoare auriu roz cu cadran alb, care imit\u0103 razele soarelui.<\/p>\n<p>Curea din piele natural\u0103 de culoare roz, reglabil\u0103 pentru o potrivire individual\u0103.<\/p>\n<p>Rezisten\u021b\u0103 la ap\u0103 5 ATM.<\/p>\n<p>Designul rafinat va completa orice \u021binut\u0103, at\u00e2t pentru uzul zilnic, c\u00e2t \u0219i pentru ocazii speciale.<\/p>","protected":false},"excerpt":{"rendered":"<p>Ceasurile Slim Runway, rafinate \u0219i elegante, reinterpreteaz\u0103 elegan\u021ba modern\u0103. Aceste ceasuri cu cuar\u021b, cu cadran alb ca z\u0103pada \u0219i carcas\u0103 sub\u021bire, se remarc\u0103 prin designul minimalist, dar \u00een acela\u0219i timp str\u0103lucitor, perfect pentru femeia modern\u0103. Carcas\u0103 rotund\u0103 din o\u021bel inoxidabil de culoare auriu roz cu cadran alb, care imit\u0103 razele soarelui. Curea din piele natural\u0103 [&hellip;]<\/p>\n","protected":false},"featured_media":63091,"comment_status":"closed","ping_status":"open","template":"","meta":{"_acf_changed":false},"product_brand":[],"product_cat":[25,616],"product_tag":[],"class_list":{"0":"post-63090","1":"product","2":"type-product","3":"status-publish","4":"has-post-thumbnail","6":"product_cat-ceasuri-dama","7":"product_cat-michael-kors","8":"pa_brand-michael-kors","9":"pa_braslet-piele","10":"pa_corpus-38-mm","11":"pa_forma-rotund","12":"pa_garatia-24-luni","13":"pa_korpus-roz-gold","14":"pa_kvarc-quartz","15":"pa_material-otel-inoxidabil","16":"pa_mehanizm-quartz","17":"pa_remeshok-roz","18":"pa_remeshok-roz-gold","19":"pa_steklo-cristal-mineral","20":"pa_strana-sua","21":"pa_voda-5-atm","23":"first","24":"instock","25":"purchasable","26":"product-type-simple"},"acf":[],"_links":{"self":[{"href":"https:\/\/ceasuri.md\/ru\/wp-json\/wp\/v2\/product\/63090","targetHints":{"allow":["GET"]}}],"collection":[{"href":"https:\/\/ceasuri.md\/ru\/wp-json\/wp\/v2\/product"}],"about":[{"href":"https:\/\/ceasuri.md\/ru\/wp-json\/wp\/v2\/types\/product"}],"replies":[{"embeddable":true,"href":"https:\/\/ceasuri.md\/ru\/wp-json\/wp\/v2\/comments?post=63090"}],"wp:featuredmedia":[{"embeddable":true,"href":"https:\/\/ceasuri.md\/ru\/wp-json\/wp\/v2\/media\/63091"}],"wp:attachment":[{"href":"https:\/\/ceasuri.md\/ru\/wp-json\/wp\/v2\/media?parent=63090"}],"wp:term":[{"taxonomy":"product_brand","embeddable":true,"href":"https:\/\/ceasuri.md\/ru\/wp-json\/wp\/v2\/product_brand?post=63090"},{"taxonomy":"product_cat","embeddable":true,"href":"https:\/\/ceasuri.md\/ru\/wp-json\/wp\/v2\/product_cat?post=63090"},{"taxonomy":"product_tag","embeddable":true,"href":"https:\/\/ceasuri.md\/ru\/wp-json\/wp\/v2\/product_tag?post=63090"}],"curies":[{"name":"wp","href":"https:\/\/api.w.org\/{rel}","templated":true}]}}