{"id":63084,"date":"2026-04-03T01:39:36","date_gmt":"2026-04-02T22:39:36","guid":{"rendered":"http:\/\/new.ceasuri.md\/shop\/uncategorized\/michael-kors-slim-runway-mk7561set\/"},"modified":"2026-04-20T01:59:21","modified_gmt":"2026-04-19T22:59:21","slug":"michael-kors-slim-runway-mk7561set","status":"publish","type":"product","link":"https:\/\/ceasuri.md\/ru\/shop\/branduri\/michael-kors\/michael-kors-slim-runway-mk7561set\/","title":{"rendered":"\u0427\u0430\u0441\u044b MICHAEL KORS SLIM RUNWAY MK7561SET"},"content":{"rendered":"<p>Colec\u021bia Slim Runway de la Michael Kors este creat\u0103 pentru iubitorii stilului minimalist, dar impresionant.<\/p>\n<p>Cu linii curate \u0219i o siluet\u0103 elegant\u0103, aceste ceasuri \u00eentruchipeaz\u0103 luxul modern \u0219i estetica atemporal\u0103. Este accesoriul perfect pentru orice garderob\u0103 \u2013 suficient de discret pentru a fi purtat zilnic, dar \u0219i suficient de elegant pentru a face impresie.<\/p>\n<p>Slim Runway este simbolul elegan\u021bei moderne, combin\u00e2nd rafinamentul, func\u021bionalitatea \u0219i designul impecabil.<\/p>\n<p>Un ceas feminin superb, cu un design clasic. Modelul este fabricat din o\u021bel inoxidabil cu acoperire aurie \u0219i protejat cu sticl\u0103 mineral\u0103.<\/p>\n<p>Cadran analogic cu accente aurii.<\/p>\n<p>Impermeabilitatea de 5 ATM protejeaz\u0103 ceasul de stropi.<\/p>\n<p>Ceasul este completat de o br\u0103\u021bar\u0103 elegant\u0103 cu plac\u0103 \u0219i cercei \u00een acela\u0219i stil.<\/p>","protected":false},"excerpt":{"rendered":"<p>Colec\u021bia Slim Runway de la Michael Kors este creat\u0103 pentru iubitorii stilului minimalist, dar impresionant. Cu linii curate \u0219i o siluet\u0103 elegant\u0103, aceste ceasuri \u00eentruchipeaz\u0103 luxul modern \u0219i estetica atemporal\u0103. Este accesoriul perfect pentru orice garderob\u0103 \u2013 suficient de discret pentru a fi purtat zilnic, dar \u0219i suficient de elegant pentru a face impresie. Slim [&hellip;]<\/p>\n","protected":false},"featured_media":63085,"comment_status":"closed","ping_status":"open","template":"","meta":{"_acf_changed":false},"product_brand":[],"product_cat":[25,616],"product_tag":[],"class_list":{"0":"post-63084","1":"product","2":"type-product","3":"status-publish","4":"has-post-thumbnail","6":"product_cat-ceasuri-dama","7":"product_cat-michael-kors","8":"pa_brand-michael-kors","9":"pa_braslet-otel-inoxidabil","10":"pa_corpus-32-mm","11":"pa_forma-rotund","12":"pa_funcii-set-cadou","13":"pa_garatia-24-luni","14":"pa_korpus-auriu","15":"pa_kvarc-quartz","16":"pa_material-otel-inoxidabil","17":"pa_mehanizm-quartz","18":"pa_remeshok-auriu","19":"pa_steklo-cristal-mineral","20":"pa_strana-sua","21":"pa_voda-5-atm","23":"first","24":"instock","25":"purchasable","26":"product-type-simple"},"acf":[],"_links":{"self":[{"href":"https:\/\/ceasuri.md\/ru\/wp-json\/wp\/v2\/product\/63084","targetHints":{"allow":["GET"]}}],"collection":[{"href":"https:\/\/ceasuri.md\/ru\/wp-json\/wp\/v2\/product"}],"about":[{"href":"https:\/\/ceasuri.md\/ru\/wp-json\/wp\/v2\/types\/product"}],"replies":[{"embeddable":true,"href":"https:\/\/ceasuri.md\/ru\/wp-json\/wp\/v2\/comments?post=63084"}],"wp:featuredmedia":[{"embeddable":true,"href":"https:\/\/ceasuri.md\/ru\/wp-json\/wp\/v2\/media\/63085"}],"wp:attachment":[{"href":"https:\/\/ceasuri.md\/ru\/wp-json\/wp\/v2\/media?parent=63084"}],"wp:term":[{"taxonomy":"product_brand","embeddable":true,"href":"https:\/\/ceasuri.md\/ru\/wp-json\/wp\/v2\/product_brand?post=63084"},{"taxonomy":"product_cat","embeddable":true,"href":"https:\/\/ceasuri.md\/ru\/wp-json\/wp\/v2\/product_cat?post=63084"},{"taxonomy":"product_tag","embeddable":true,"href":"https:\/\/ceasuri.md\/ru\/wp-json\/wp\/v2\/product_tag?post=63084"}],"curies":[{"name":"wp","href":"https:\/\/api.w.org\/{rel}","templated":true}]}}