{"id":63079,"date":"2026-04-03T01:39:36","date_gmt":"2026-04-02T22:39:36","guid":{"rendered":"http:\/\/new.ceasuri.md\/shop\/uncategorized\/michael-kors-maritime-mk9204\/"},"modified":"2026-04-07T05:15:23","modified_gmt":"2026-04-07T02:15:23","slug":"michael-kors-maritime-mk9204","status":"publish","type":"product","link":"https:\/\/ceasuri.md\/ru\/shop\/branduri\/michael-kors\/michael-kors-maritime-mk9204\/","title":{"rendered":"Ceas MICHAEL KORS MARITIME MK9204"},"content":{"rendered":"<p>Ceasul Maritime din o\u021bel inoxidabil este preg\u0103tit pentru urm\u0103toarea dvs. aventur\u0103.<\/p>\n<p>Rezistent \u0219i elegant, ceasul de culoare gri mat rezist\u0103 la aproape orice provocare acvatic\u0103 la ad\u00e2ncimi de p\u00e2n\u0103 la 200 de metri, datorit\u0103 coroanei \u00een\u0219urubate.<\/p>\n<p>Modelul este dotat cu un cadran negru elegant, cu dat\u0103 \u0219i subcadrane cronograf.<\/p>\n<p>Tehnologia Super Lume permite citirea orei chiar \u0219i \u00een condi\u021bii de iluminare slab\u0103.<\/p>","protected":false},"excerpt":{"rendered":"<p>Ceasul Maritime din o\u021bel inoxidabil este preg\u0103tit pentru urm\u0103toarea dvs. aventur\u0103. Rezistent \u0219i elegant, ceasul de culoare gri mat rezist\u0103 la aproape orice provocare acvatic\u0103 la ad\u00e2ncimi de p\u00e2n\u0103 la 200 de metri, datorit\u0103 coroanei \u00een\u0219urubate. Modelul este dotat cu un cadran negru elegant, cu dat\u0103 \u0219i subcadrane cronograf. Tehnologia Super Lume permite citirea orei [&hellip;]<\/p>\n","protected":false},"featured_media":63080,"comment_status":"closed","ping_status":"open","template":"","meta":{"_acf_changed":false},"product_brand":[],"product_cat":[20,616],"product_tag":[],"class_list":{"0":"post-63079","1":"product","2":"type-product","3":"status-publish","4":"has-post-thumbnail","6":"product_cat-ceasuri-barbati","7":"product_cat-michael-kors","8":"pa_brand-michael-kors","9":"pa_braslet-otel-inoxidabil","10":"pa_corpus-45-mm","11":"pa_forma-rotund","12":"pa_funcii-cronograf","13":"pa_funcii-data","14":"pa_garatia-24-luni","15":"pa_korpus-gri","16":"pa_material-otel-inoxidabil","17":"pa_mehanizm-quartz","18":"pa_remeshok-gri","19":"pa_steklo-cristal-mineral","20":"pa_strana-sua","21":"pa_voda-20-atm","23":"first","24":"instock","25":"purchasable","26":"product-type-simple"},"acf":[],"_links":{"self":[{"href":"https:\/\/ceasuri.md\/ru\/wp-json\/wp\/v2\/product\/63079","targetHints":{"allow":["GET"]}}],"collection":[{"href":"https:\/\/ceasuri.md\/ru\/wp-json\/wp\/v2\/product"}],"about":[{"href":"https:\/\/ceasuri.md\/ru\/wp-json\/wp\/v2\/types\/product"}],"replies":[{"embeddable":true,"href":"https:\/\/ceasuri.md\/ru\/wp-json\/wp\/v2\/comments?post=63079"}],"wp:featuredmedia":[{"embeddable":true,"href":"https:\/\/ceasuri.md\/ru\/wp-json\/wp\/v2\/media\/63080"}],"wp:attachment":[{"href":"https:\/\/ceasuri.md\/ru\/wp-json\/wp\/v2\/media?parent=63079"}],"wp:term":[{"taxonomy":"product_brand","embeddable":true,"href":"https:\/\/ceasuri.md\/ru\/wp-json\/wp\/v2\/product_brand?post=63079"},{"taxonomy":"product_cat","embeddable":true,"href":"https:\/\/ceasuri.md\/ru\/wp-json\/wp\/v2\/product_cat?post=63079"},{"taxonomy":"product_tag","embeddable":true,"href":"https:\/\/ceasuri.md\/ru\/wp-json\/wp\/v2\/product_tag?post=63079"}],"curies":[{"name":"wp","href":"https:\/\/api.w.org\/{rel}","templated":true}]}}