{"id":63064,"date":"2026-04-03T01:39:36","date_gmt":"2026-04-02T22:39:36","guid":{"rendered":"http:\/\/new.ceasuri.md\/shop\/uncategorized\/michael-kors-blake-mk9209\/"},"modified":"2026-04-07T05:15:20","modified_gmt":"2026-04-07T02:15:20","slug":"michael-kors-blake-mk9209","status":"publish","type":"product","link":"https:\/\/ceasuri.md\/ru\/shop\/branduri\/michael-kors\/michael-kors-blake-mk9209\/","title":{"rendered":"Ceas MICHAEL KORS BLAKE MK9209"},"content":{"rendered":"<p>Liniile curate \u0219i m\u0103iestria atemporal\u0103 se \u00eembin\u0103 \u00een ceasurile Blake.<\/p>\n<p>Aceast\u0103 versiune de 42 mm se distinge prin curea din piele natural\u0103, cadran albastru \u00eenchis \u0219i carcas\u0103 din o\u021bel inoxidabil \u00een dou\u0103 culori.<\/p>\n<p>Ceasul, echipat cu mecanism cu cuar\u021b \u0219i protejat de sticl\u0103 mineral\u0103, demonstreaz\u0103 c\u0103 simplitatea poate fi expresiv\u0103.<\/p>","protected":false},"excerpt":{"rendered":"<p>Liniile curate \u0219i m\u0103iestria atemporal\u0103 se \u00eembin\u0103 \u00een ceasurile Blake. Aceast\u0103 versiune de 42 mm se distinge prin curea din piele natural\u0103, cadran albastru \u00eenchis \u0219i carcas\u0103 din o\u021bel inoxidabil \u00een dou\u0103 culori. Ceasul, echipat cu mecanism cu cuar\u021b \u0219i protejat de sticl\u0103 mineral\u0103, demonstreaz\u0103 c\u0103 simplitatea poate fi expresiv\u0103.<\/p>","protected":false},"featured_media":63065,"comment_status":"closed","ping_status":"open","template":"","meta":{"_acf_changed":false},"product_brand":[],"product_cat":[20,616],"product_tag":[],"class_list":{"0":"post-63064","1":"product","2":"type-product","3":"status-publish","4":"has-post-thumbnail","6":"product_cat-ceasuri-barbati","7":"product_cat-michael-kors","8":"pa_brand-michael-kors","9":"pa_braslet-piele","10":"pa_corpus-42-mm","11":"pa_forma-rotund","12":"pa_funcii-data","13":"pa_funcii-ziua-saptamanii","14":"pa_garatia-24-luni","15":"pa_korpus-bicolor","16":"pa_material-otel-inoxidabil","17":"pa_mehanizm-quartz","18":"pa_remeshok-maro","19":"pa_steklo-cristal-mineral","20":"pa_strana-sua","21":"pa_voda-5-atm","23":"first","24":"instock","25":"purchasable","26":"product-type-simple"},"acf":[],"_links":{"self":[{"href":"https:\/\/ceasuri.md\/ru\/wp-json\/wp\/v2\/product\/63064","targetHints":{"allow":["GET"]}}],"collection":[{"href":"https:\/\/ceasuri.md\/ru\/wp-json\/wp\/v2\/product"}],"about":[{"href":"https:\/\/ceasuri.md\/ru\/wp-json\/wp\/v2\/types\/product"}],"replies":[{"embeddable":true,"href":"https:\/\/ceasuri.md\/ru\/wp-json\/wp\/v2\/comments?post=63064"}],"wp:featuredmedia":[{"embeddable":true,"href":"https:\/\/ceasuri.md\/ru\/wp-json\/wp\/v2\/media\/63065"}],"wp:attachment":[{"href":"https:\/\/ceasuri.md\/ru\/wp-json\/wp\/v2\/media?parent=63064"}],"wp:term":[{"taxonomy":"product_brand","embeddable":true,"href":"https:\/\/ceasuri.md\/ru\/wp-json\/wp\/v2\/product_brand?post=63064"},{"taxonomy":"product_cat","embeddable":true,"href":"https:\/\/ceasuri.md\/ru\/wp-json\/wp\/v2\/product_cat?post=63064"},{"taxonomy":"product_tag","embeddable":true,"href":"https:\/\/ceasuri.md\/ru\/wp-json\/wp\/v2\/product_tag?post=63064"}],"curies":[{"name":"wp","href":"https:\/\/api.w.org\/{rel}","templated":true}]}}