{"id":63059,"date":"2026-04-03T01:39:36","date_gmt":"2026-04-02T22:39:36","guid":{"rendered":"http:\/\/new.ceasuri.md\/shop\/uncategorized\/michael-kors-sage-mk9212\/"},"modified":"2026-04-17T15:45:07","modified_gmt":"2026-04-17T12:45:07","slug":"michael-kors-sage-mk9212","status":"publish","type":"product","link":"https:\/\/ceasuri.md\/ru\/shop\/branduri\/michael-kors\/michael-kors-sage-mk9212\/","title":{"rendered":"Ceas MICHAEL KORS SAGE MK9212"},"content":{"rendered":"<p>Ceasuri care \u00eembin\u0103 perfect rafinamentul \u0219i func\u021bionalitatea. Create de renumitul brand Michael Kors, aceste ceasuri nu sunt doar un accesoriu, ci un element spectaculos care va completa orice \u021binut\u0103.<\/p>\n<p>Modelul are carcas\u0103 \u0219i br\u0103\u021bar\u0103 din o\u021bel inoxidabil, care asigur\u0103 durabilitate \u0219i p\u0103streaz\u0103 aspectul elegant. Carcasa argintie contrasteaz\u0103 perfect cu cadranul negru spectaculos, cre\u00e2nd un aspect vizual atractiv.<\/p>\n<p>Datorit\u0103 dimensiunii impresionante de 44 mm, acest ceas arat\u0103 spectaculos la \u00eencheietura m\u00e2inii, fiind potrivit at\u00e2t pentru ocazii cotidiene, c\u00e2t \u0219i pentru ocazii speciale.<\/p>\n<p>Cronograful cu cuar\u021b garanteaz\u0103 precizia \u0219i func\u021bionarea fiabil\u0103. Acest mecanism complex permite urm\u0103rirea cu mare precizie a timpului, fie c\u0103 este vorba de antrenamente sau de gestionarea unui program \u00eenc\u0103rcat.<\/p>\n<p>Acest ceas este creat pentru cei care apreciaz\u0103 elegan\u021ba \u0219i func\u021bionalitatea. Silueta sa rafinat\u0103 \u0219i estetica modern\u0103 \u00eel fac un accesoriu universal, care se potrive\u0219te cu u\u0219urin\u021b\u0103 at\u00e2t \u021binutelor de zi, c\u00e2t \u0219i celor de sear\u0103.<\/p>","protected":false},"excerpt":{"rendered":"<p>Ceasuri care \u00eembin\u0103 perfect rafinamentul \u0219i func\u021bionalitatea. Create de renumitul brand Michael Kors, aceste ceasuri nu sunt doar un accesoriu, ci un element spectaculos care va completa orice \u021binut\u0103. Modelul are carcas\u0103 \u0219i br\u0103\u021bar\u0103 din o\u021bel inoxidabil, care asigur\u0103 durabilitate \u0219i p\u0103streaz\u0103 aspectul elegant. Carcasa argintie contrasteaz\u0103 perfect cu cadranul negru spectaculos, cre\u00e2nd un aspect [&hellip;]<\/p>\n","protected":false},"featured_media":63060,"comment_status":"closed","ping_status":"open","template":"","meta":{"_acf_changed":false},"product_brand":[],"product_cat":[20,616],"product_tag":[],"class_list":{"0":"post-63059","1":"product","2":"type-product","3":"status-publish","4":"has-post-thumbnail","6":"product_cat-ceasuri-barbati","7":"product_cat-michael-kors","8":"pa_brand-michael-kors","9":"pa_braslet-otel-inoxidabil","10":"pa_corpus-44-mm","11":"pa_forma-rotund","12":"pa_funcii-cronograf","13":"pa_funcii-data","14":"pa_garatia-24-luni","15":"pa_korpus-bicolor","16":"pa_kvarc-quartz","17":"pa_material-otel-inoxidabil","18":"pa_mehanizm-quartz","19":"pa_remeshok-argintiu","20":"pa_steklo-cristal-mineral","21":"pa_strana-sua","22":"pa_voda-5-atm","24":"first","25":"instock","26":"purchasable","27":"product-type-simple"},"acf":[],"_links":{"self":[{"href":"https:\/\/ceasuri.md\/ru\/wp-json\/wp\/v2\/product\/63059","targetHints":{"allow":["GET"]}}],"collection":[{"href":"https:\/\/ceasuri.md\/ru\/wp-json\/wp\/v2\/product"}],"about":[{"href":"https:\/\/ceasuri.md\/ru\/wp-json\/wp\/v2\/types\/product"}],"replies":[{"embeddable":true,"href":"https:\/\/ceasuri.md\/ru\/wp-json\/wp\/v2\/comments?post=63059"}],"wp:featuredmedia":[{"embeddable":true,"href":"https:\/\/ceasuri.md\/ru\/wp-json\/wp\/v2\/media\/63060"}],"wp:attachment":[{"href":"https:\/\/ceasuri.md\/ru\/wp-json\/wp\/v2\/media?parent=63059"}],"wp:term":[{"taxonomy":"product_brand","embeddable":true,"href":"https:\/\/ceasuri.md\/ru\/wp-json\/wp\/v2\/product_brand?post=63059"},{"taxonomy":"product_cat","embeddable":true,"href":"https:\/\/ceasuri.md\/ru\/wp-json\/wp\/v2\/product_cat?post=63059"},{"taxonomy":"product_tag","embeddable":true,"href":"https:\/\/ceasuri.md\/ru\/wp-json\/wp\/v2\/product_tag?post=63059"}],"curies":[{"name":"wp","href":"https:\/\/api.w.org\/{rel}","templated":true}]}}