{"id":63054,"date":"2026-04-03T01:39:36","date_gmt":"2026-04-02T22:39:36","guid":{"rendered":"http:\/\/new.ceasuri.md\/shop\/uncategorized\/michael-kors-sage-mk9213\/"},"modified":"2026-04-07T05:15:19","modified_gmt":"2026-04-07T02:15:19","slug":"michael-kors-sage-mk9213","status":"publish","type":"product","link":"https:\/\/ceasuri.md\/ru\/shop\/branduri\/michael-kors\/michael-kors-sage-mk9213\/","title":{"rendered":"Ceas MICHAEL KORS SAGE MK9213"},"content":{"rendered":"<p>Ceasuri care \u00eembin\u0103 perfect rafinamentul \u0219i func\u021bionalitatea. Create de renumitul brand Michael Kors, aceste ceasuri nu sunt doar un accesoriu, ci un element spectaculos care va completa orice \u021binut\u0103.<\/p>\n<p>Carcasa de 44 mm garanteaz\u0103 c\u0103 ceasul va atrage aten\u021bia, r\u0103m\u00e2n\u00e2nd \u00een acela\u0219i timp confortabil la \u00eencheietura m\u00e2inii.<\/p>\n<p>Ceasul este realizat cu m\u0103iestrie din o\u021bel inoxidabil de \u00eenalt\u0103 calitate, at\u00e2t carcasa, c\u00e2t \u0219i br\u0103\u021bara, asigur\u00e2nd durabilitatea.<\/p>\n<p>Una dintre caracteristicile remarcabile ale modelului este cadranul albastru, care adaug\u0103 str\u0103lucire aspectului general. Culoarea saturat\u0103 contrasteaz\u0103 perfect cu carcasa, cre\u00e2nd un aspect vizual atractiv.<\/p>\n<p>Cronograful cu cuar\u021b asigur\u0103 m\u0103surarea precis\u0103 a timpului, permi\u021b\u00e2ndu-v\u0103 s\u0103 fi\u021bi punctual, bucur\u00e2ndu-v\u0103 de elegan\u021ba acestui ceas rafinat.<\/p>","protected":false},"excerpt":{"rendered":"<p>Ceasuri care \u00eembin\u0103 perfect rafinamentul \u0219i func\u021bionalitatea. Create de renumitul brand Michael Kors, aceste ceasuri nu sunt doar un accesoriu, ci un element spectaculos care va completa orice \u021binut\u0103. Carcasa de 44 mm garanteaz\u0103 c\u0103 ceasul va atrage aten\u021bia, r\u0103m\u00e2n\u00e2nd \u00een acela\u0219i timp confortabil la \u00eencheietura m\u00e2inii. Ceasul este realizat cu m\u0103iestrie din o\u021bel inoxidabil [&hellip;]<\/p>\n","protected":false},"featured_media":63055,"comment_status":"closed","ping_status":"open","template":"","meta":{"_acf_changed":false},"product_brand":[],"product_cat":[20,616],"product_tag":[],"class_list":{"0":"post-63054","1":"product","2":"type-product","3":"status-publish","4":"has-post-thumbnail","6":"product_cat-ceasuri-barbati","7":"product_cat-michael-kors","8":"pa_brand-michael-kors","9":"pa_braslet-otel-inoxidabil","10":"pa_corpus-44-mm","11":"pa_forma-rotund","12":"pa_funcii-cronograf","13":"pa_funcii-data","14":"pa_garatia-24-luni","15":"pa_korpus-gri","16":"pa_material-otel-inoxidabil","17":"pa_mehanizm-quartz","18":"pa_remeshok-gri","19":"pa_steklo-cristal-mineral","20":"pa_strana-sua","21":"pa_voda-5-atm","23":"first","24":"instock","25":"purchasable","26":"product-type-simple"},"acf":[],"_links":{"self":[{"href":"https:\/\/ceasuri.md\/ru\/wp-json\/wp\/v2\/product\/63054","targetHints":{"allow":["GET"]}}],"collection":[{"href":"https:\/\/ceasuri.md\/ru\/wp-json\/wp\/v2\/product"}],"about":[{"href":"https:\/\/ceasuri.md\/ru\/wp-json\/wp\/v2\/types\/product"}],"replies":[{"embeddable":true,"href":"https:\/\/ceasuri.md\/ru\/wp-json\/wp\/v2\/comments?post=63054"}],"wp:featuredmedia":[{"embeddable":true,"href":"https:\/\/ceasuri.md\/ru\/wp-json\/wp\/v2\/media\/63055"}],"wp:attachment":[{"href":"https:\/\/ceasuri.md\/ru\/wp-json\/wp\/v2\/media?parent=63054"}],"wp:term":[{"taxonomy":"product_brand","embeddable":true,"href":"https:\/\/ceasuri.md\/ru\/wp-json\/wp\/v2\/product_brand?post=63054"},{"taxonomy":"product_cat","embeddable":true,"href":"https:\/\/ceasuri.md\/ru\/wp-json\/wp\/v2\/product_cat?post=63054"},{"taxonomy":"product_tag","embeddable":true,"href":"https:\/\/ceasuri.md\/ru\/wp-json\/wp\/v2\/product_tag?post=63054"}],"curies":[{"name":"wp","href":"https:\/\/api.w.org\/{rel}","templated":true}]}}