{"id":63044,"date":"2026-04-03T01:39:36","date_gmt":"2026-04-02T22:39:36","guid":{"rendered":"http:\/\/new.ceasuri.md\/shop\/uncategorized\/michael-kors-maritime-mk9215\/"},"modified":"2026-04-20T01:59:25","modified_gmt":"2026-04-19T22:59:25","slug":"michael-kors-maritime-mk9215","status":"publish","type":"product","link":"https:\/\/ceasuri.md\/ru\/shop\/branduri\/michael-kors\/michael-kors-maritime-mk9215\/","title":{"rendered":"\u0427\u0430\u0441\u044b MICHAEL KORS MARITIME MK9215"},"content":{"rendered":"<p>Porne\u0219te \u00een urm\u0103toarea aventur\u0103 cu ceasul Maritime din o\u021bel inoxidabil.<\/p>\n<p>Conceput pentru a rezista \u00een timp \u0219i pentru a face fa\u021b\u0103 majorit\u0103\u021bii condi\u021biilor subacvatice, acest ceas bicolor te va \u00eenso\u021bi cu siguran\u021b\u0103 la ad\u00e2ncimi de p\u00e2n\u0103 la 200 de metri, gra\u021bie mecanismului cu coroan\u0103 \u00een\u0219urubat\u0103.<\/p>\n<p>Modelul este echipat cu un cronograf cu cuar\u021b.<\/p>\n<p>Cadranul de culoare m\u0103slinie are un design clasic \u0219i tehnologie Super Lume, care permite urm\u0103rirea timpului \u00een condi\u021bii de iluminare slab\u0103.<\/p>\n<p>Br\u0103\u021bara din o\u021bel inoxidabil asigur\u0103 protec\u021bie \u0219i durabilitate, iar \u00eenchiz\u0103toarea practic\u0103 pliabil\u0103 garanteaz\u0103 o fixare sigur\u0103.<\/p>","protected":false},"excerpt":{"rendered":"<p>Porne\u0219te \u00een urm\u0103toarea aventur\u0103 cu ceasul Maritime din o\u021bel inoxidabil. Conceput pentru a rezista \u00een timp \u0219i pentru a face fa\u021b\u0103 majorit\u0103\u021bii condi\u021biilor subacvatice, acest ceas bicolor te va \u00eenso\u021bi cu siguran\u021b\u0103 la ad\u00e2ncimi de p\u00e2n\u0103 la 200 de metri, gra\u021bie mecanismului cu coroan\u0103 \u00een\u0219urubat\u0103. Modelul este echipat cu un cronograf cu cuar\u021b. Cadranul de [&hellip;]<\/p>\n","protected":false},"featured_media":63045,"comment_status":"closed","ping_status":"open","template":"","meta":{"_acf_changed":false},"product_brand":[],"product_cat":[20,616],"product_tag":[],"class_list":{"0":"post-63044","1":"product","2":"type-product","3":"status-publish","4":"has-post-thumbnail","6":"product_cat-ceasuri-barbati","7":"product_cat-michael-kors","8":"pa_brand-michael-kors","9":"pa_braslet-otel-inoxidabil","10":"pa_corpus-45-mm","11":"pa_forma-rotund","12":"pa_funcii-cronograf","13":"pa_funcii-data","14":"pa_garatia-24-luni","15":"pa_korpus-argintiu","16":"pa_korpus-auriu","17":"pa_kvarc-quartz","18":"pa_material-otel-inoxidabil","19":"pa_mehanizm-quartz","20":"pa_remeshok-argintiu","21":"pa_steklo-cristal-mineral","22":"pa_strana-sua","23":"pa_voda-20-atm","25":"first","26":"instock","27":"purchasable","28":"product-type-simple"},"acf":[],"_links":{"self":[{"href":"https:\/\/ceasuri.md\/ru\/wp-json\/wp\/v2\/product\/63044","targetHints":{"allow":["GET"]}}],"collection":[{"href":"https:\/\/ceasuri.md\/ru\/wp-json\/wp\/v2\/product"}],"about":[{"href":"https:\/\/ceasuri.md\/ru\/wp-json\/wp\/v2\/types\/product"}],"replies":[{"embeddable":true,"href":"https:\/\/ceasuri.md\/ru\/wp-json\/wp\/v2\/comments?post=63044"}],"wp:featuredmedia":[{"embeddable":true,"href":"https:\/\/ceasuri.md\/ru\/wp-json\/wp\/v2\/media\/63045"}],"wp:attachment":[{"href":"https:\/\/ceasuri.md\/ru\/wp-json\/wp\/v2\/media?parent=63044"}],"wp:term":[{"taxonomy":"product_brand","embeddable":true,"href":"https:\/\/ceasuri.md\/ru\/wp-json\/wp\/v2\/product_brand?post=63044"},{"taxonomy":"product_cat","embeddable":true,"href":"https:\/\/ceasuri.md\/ru\/wp-json\/wp\/v2\/product_cat?post=63044"},{"taxonomy":"product_tag","embeddable":true,"href":"https:\/\/ceasuri.md\/ru\/wp-json\/wp\/v2\/product_tag?post=63044"}],"curies":[{"name":"wp","href":"https:\/\/api.w.org\/{rel}","templated":true}]}}