{"id":63029,"date":"2026-04-03T01:39:36","date_gmt":"2026-04-02T22:39:36","guid":{"rendered":"http:\/\/new.ceasuri.md\/shop\/uncategorized\/michael-kors-billie-mk9222\/"},"modified":"2026-04-20T01:59:27","modified_gmt":"2026-04-19T22:59:27","slug":"michael-kors-billie-mk9222","status":"publish","type":"product","link":"https:\/\/ceasuri.md\/ru\/shop\/branduri\/michael-kors\/michael-kors-billie-mk9222\/","title":{"rendered":"\u0427\u0430\u0441\u044b MICHAEL KORS BILLIE MK9222"},"content":{"rendered":"<p>Ceasul Billie de dimensiuni mari are un cadran albastru atr\u0103g\u0103tor, cu cifra roman\u0103 12 \u0219i marcaje argintii.<\/p>\n<p>Modelul este echipat cu un cronograf cu cuar\u021b \u0219i este rezistent la ap\u0103 p\u00e2n\u0103 la 5 ATM.<\/p>\n<p>Br\u0103\u021bara rafinat\u0103 din o\u021bel inoxidabil argintiu, cu trei sec\u021biuni, completeaz\u0103 designul elegant.<\/p>\n<p>Pute\u021bi conta pe acest ceas dac\u0103 dori\u021bi s\u0103 face\u021bi impresie la birou sau s\u0103 ad\u0103uga\u021bi o not\u0103 de elegan\u021b\u0103 \u021binutei dvs. de weekend.<\/p>","protected":false},"excerpt":{"rendered":"<p>Ceasul Billie de dimensiuni mari are un cadran albastru atr\u0103g\u0103tor, cu cifra roman\u0103 12 \u0219i marcaje argintii. Modelul este echipat cu un cronograf cu cuar\u021b \u0219i este rezistent la ap\u0103 p\u00e2n\u0103 la 5 ATM. Br\u0103\u021bara rafinat\u0103 din o\u021bel inoxidabil argintiu, cu trei sec\u021biuni, completeaz\u0103 designul elegant. Pute\u021bi conta pe acest ceas dac\u0103 dori\u021bi s\u0103 face\u021bi [&hellip;]<\/p>\n","protected":false},"featured_media":63030,"comment_status":"closed","ping_status":"open","template":"","meta":{"_acf_changed":false},"product_brand":[],"product_cat":[20,616],"product_tag":[],"class_list":{"0":"post-63029","1":"product","2":"type-product","3":"status-publish","4":"has-post-thumbnail","6":"product_cat-ceasuri-barbati","7":"product_cat-michael-kors","8":"pa_brand-michael-kors","9":"pa_braslet-otel-inoxidabil","10":"pa_corpus-44-mm","11":"pa_forma-rotund","12":"pa_funcii-cronograf","13":"pa_funcii-data","14":"pa_garatia-24-luni","15":"pa_korpus-argintiu","16":"pa_kvarc-quartz","17":"pa_material-otel-inoxidabil","18":"pa_mehanizm-quartz","19":"pa_remeshok-argintiu","20":"pa_steklo-cristal-mineral","21":"pa_strana-sua","22":"pa_voda-5-atm","24":"first","25":"instock","26":"purchasable","27":"product-type-simple"},"acf":[],"_links":{"self":[{"href":"https:\/\/ceasuri.md\/ru\/wp-json\/wp\/v2\/product\/63029","targetHints":{"allow":["GET"]}}],"collection":[{"href":"https:\/\/ceasuri.md\/ru\/wp-json\/wp\/v2\/product"}],"about":[{"href":"https:\/\/ceasuri.md\/ru\/wp-json\/wp\/v2\/types\/product"}],"replies":[{"embeddable":true,"href":"https:\/\/ceasuri.md\/ru\/wp-json\/wp\/v2\/comments?post=63029"}],"wp:featuredmedia":[{"embeddable":true,"href":"https:\/\/ceasuri.md\/ru\/wp-json\/wp\/v2\/media\/63030"}],"wp:attachment":[{"href":"https:\/\/ceasuri.md\/ru\/wp-json\/wp\/v2\/media?parent=63029"}],"wp:term":[{"taxonomy":"product_brand","embeddable":true,"href":"https:\/\/ceasuri.md\/ru\/wp-json\/wp\/v2\/product_brand?post=63029"},{"taxonomy":"product_cat","embeddable":true,"href":"https:\/\/ceasuri.md\/ru\/wp-json\/wp\/v2\/product_cat?post=63029"},{"taxonomy":"product_tag","embeddable":true,"href":"https:\/\/ceasuri.md\/ru\/wp-json\/wp\/v2\/product_tag?post=63029"}],"curies":[{"name":"wp","href":"https:\/\/api.w.org\/{rel}","templated":true}]}}