{"id":63024,"date":"2026-04-03T01:39:36","date_gmt":"2026-04-02T22:39:36","guid":{"rendered":"http:\/\/new.ceasuri.md\/shop\/uncategorized\/fossil-carlie-es5330\/"},"modified":"2026-04-07T05:15:11","modified_gmt":"2026-04-07T02:15:11","slug":"fossil-carlie-es5330","status":"publish","type":"product","link":"https:\/\/ceasuri.md\/ru\/shop\/branduri\/fossil\/fossil-carlie-es5330\/","title":{"rendered":"Ceas FOSSIL CARLIE ES5330"},"content":{"rendered":"<p>Ceasurile din colec\u021bia Carlie reprezint\u0103 chintesen\u021ba stilului casual \u0219i a elegan\u021bei rafinate, create pentru femeile care apreciaz\u0103 accesoriile potrivite pentru orice ocazie.<\/p>\n<p>Caracteristica unic\u0103 a acestui model const\u0103 \u00een designul s\u0103u: balamalele br\u0103\u021b\u0103rii \u00een form\u0103 de T, inspirate de estetica anilor &#8217;90, confer\u0103 ceasului un caracter unic \u0219i \u00eel transform\u0103 \u00eentr-un accesoriu de mod\u0103 recognoscibil.<\/p>\n<p>Carcasa compact\u0103 din o\u021bel inoxidabil, \u00een nuan\u021b\u0103 auriu-roz, se a\u0219eaz\u0103 perfect pe o \u00eencheietur\u0103 sub\u021bire, subliniind feminitatea \u0219i gustul rafinat al posesoarei sale.<\/p>\n<p>Cadranul argintiu cu efect de soare, combinat cu cifre romane \u0219i indec\u0219i simpli, creeaz\u0103 un aspect curat \u0219i elegant. Ace luminescente faciliteaz\u0103 citirea \u00een orice moment al zilei, f\u0103c\u00e2nd acest ceas nu doar frumos, ci \u0219i practic.<\/p>\n<p>Acesta este un accesoriu cu adev\u0103rat elegant, care va ad\u0103uga o not\u0103 de rafinament oric\u0103rei \u021binute.<\/p>","protected":false},"excerpt":{"rendered":"<p>Ceasurile din colec\u021bia Carlie reprezint\u0103 chintesen\u021ba stilului casual \u0219i a elegan\u021bei rafinate, create pentru femeile care apreciaz\u0103 accesoriile potrivite pentru orice ocazie. Caracteristica unic\u0103 a acestui model const\u0103 \u00een designul s\u0103u: balamalele br\u0103\u021b\u0103rii \u00een form\u0103 de T, inspirate de estetica anilor &#8217;90, confer\u0103 ceasului un caracter unic \u0219i \u00eel transform\u0103 \u00eentr-un accesoriu de mod\u0103 recognoscibil. [&hellip;]<\/p>\n","protected":false},"featured_media":63025,"comment_status":"closed","ping_status":"open","template":"","meta":{"_acf_changed":false},"product_brand":[],"product_cat":[25,396],"product_tag":[],"class_list":{"0":"post-63024","1":"product","2":"type-product","3":"status-publish","4":"has-post-thumbnail","6":"product_cat-ceasuri-dama","7":"product_cat-fossil","8":"pa_brand-fossil","9":"pa_braslet-otel-inoxidabil","10":"pa_corpus-28-mm","11":"pa_forma-rotund","12":"pa_garatia-24-luni","13":"pa_korpus-roz-gold","14":"pa_material-otel-inoxidabil","15":"pa_mehanizm-quartz","16":"pa_remeshok-roz-gold","17":"pa_steklo-cristal-mineral","18":"pa_strana-sua","19":"pa_voda-5-atm","21":"first","22":"instock","23":"purchasable","24":"product-type-simple"},"acf":[],"_links":{"self":[{"href":"https:\/\/ceasuri.md\/ru\/wp-json\/wp\/v2\/product\/63024","targetHints":{"allow":["GET"]}}],"collection":[{"href":"https:\/\/ceasuri.md\/ru\/wp-json\/wp\/v2\/product"}],"about":[{"href":"https:\/\/ceasuri.md\/ru\/wp-json\/wp\/v2\/types\/product"}],"replies":[{"embeddable":true,"href":"https:\/\/ceasuri.md\/ru\/wp-json\/wp\/v2\/comments?post=63024"}],"wp:featuredmedia":[{"embeddable":true,"href":"https:\/\/ceasuri.md\/ru\/wp-json\/wp\/v2\/media\/63025"}],"wp:attachment":[{"href":"https:\/\/ceasuri.md\/ru\/wp-json\/wp\/v2\/media?parent=63024"}],"wp:term":[{"taxonomy":"product_brand","embeddable":true,"href":"https:\/\/ceasuri.md\/ru\/wp-json\/wp\/v2\/product_brand?post=63024"},{"taxonomy":"product_cat","embeddable":true,"href":"https:\/\/ceasuri.md\/ru\/wp-json\/wp\/v2\/product_cat?post=63024"},{"taxonomy":"product_tag","embeddable":true,"href":"https:\/\/ceasuri.md\/ru\/wp-json\/wp\/v2\/product_tag?post=63024"}],"curies":[{"name":"wp","href":"https:\/\/api.w.org\/{rel}","templated":true}]}}