{"id":63014,"date":"2026-04-03T01:39:36","date_gmt":"2026-04-02T22:39:36","guid":{"rendered":"http:\/\/new.ceasuri.md\/shop\/uncategorized\/fossil-scarlette-es5338\/"},"modified":"2026-04-16T21:37:49","modified_gmt":"2026-04-16T18:37:49","slug":"fossil-scarlette-es5338","status":"publish","type":"product","link":"https:\/\/ceasuri.md\/ru\/shop\/branduri\/fossil\/fossil-scarlette-es5338\/","title":{"rendered":"Ceas FOSSIL ES5338"},"content":{"rendered":"<p>\u00centruchiparea luxului orbitor \u0219i a stilului contemporan, creat\u0103 special pentru femeile active care se str\u0103duiesc s\u0103 fie \u00een centrul aten\u021biei.<\/p>\n<p>Tr\u0103s\u0103tura distinctiv\u0103 a acestui model este cadranul auriu cu efect de raze de soare, care capteaz\u0103 lumina \u0219i confer\u0103 accesoriului o str\u0103lucire vibrant\u0103 \u0219i cald\u0103.<\/p>\n<p>Carcasa compact\u0103 completeaz\u0103 elegant aspectul, men\u021bin\u00e2nd echilibrul perfect \u00eentre sofisticare \u0219i expresivitate. Carcasa complet aurie \u0219i br\u0103\u021bara din o\u021bel inoxidabil transform\u0103 acest ceas de m\u00e2n\u0103 \u00eentr-o pies\u0103 de rezisten\u021b\u0103 care subliniaz\u0103 \u00eencrederea posesoarei sale.<\/p>\n<p>Mecanismul cu afi\u0219aj pentru dat\u0103 asigur\u0103 o func\u021bionalitate impecabil\u0103, f\u0103c\u00e2nd din acest model un companion de \u00eencredere pentru un stil de via\u021b\u0103 dinamic.<\/p>\n<p>Acest accesoriu cu adev\u0103rat elegant va ad\u0103uga o not\u0103 de str\u0103lucire rafinat\u0103 oric\u0103rei \u021binute.<\/p>","protected":false},"excerpt":{"rendered":"<p>\u00centruchiparea luxului orbitor \u0219i a stilului contemporan, creat\u0103 special pentru femeile active care se str\u0103duiesc s\u0103 fie \u00een centrul aten\u021biei. Tr\u0103s\u0103tura distinctiv\u0103 a acestui model este cadranul auriu cu efect de raze de soare, care capteaz\u0103 lumina \u0219i confer\u0103 accesoriului o str\u0103lucire vibrant\u0103 \u0219i cald\u0103. Carcasa compact\u0103 completeaz\u0103 elegant aspectul, men\u021bin\u00e2nd echilibrul perfect \u00eentre sofisticare [&hellip;]<\/p>\n","protected":false},"featured_media":63015,"comment_status":"closed","ping_status":"open","template":"","meta":{"_acf_changed":false},"product_brand":[],"product_cat":[25,396],"product_tag":[],"class_list":{"0":"post-63014","1":"product","2":"type-product","3":"status-publish","4":"has-post-thumbnail","6":"product_cat-ceasuri-dama","7":"product_cat-fossil","8":"pa_brand-fossil","9":"pa_braslet-otel-inoxidabil","10":"pa_corpus-32-mm","11":"pa_forma-rotund","12":"pa_funcii-data","13":"pa_garatia-24-luni","14":"pa_korpus-auriu","15":"pa_kvarc-quartz","16":"pa_material-otel-inoxidabil","17":"pa_mehanizm-quartz","18":"pa_remeshok-auriu","19":"pa_steklo-cristal-mineral","20":"pa_strana-sua","21":"pa_voda-5-atm","23":"first","24":"instock","25":"purchasable","26":"product-type-simple"},"acf":[],"_links":{"self":[{"href":"https:\/\/ceasuri.md\/ru\/wp-json\/wp\/v2\/product\/63014","targetHints":{"allow":["GET"]}}],"collection":[{"href":"https:\/\/ceasuri.md\/ru\/wp-json\/wp\/v2\/product"}],"about":[{"href":"https:\/\/ceasuri.md\/ru\/wp-json\/wp\/v2\/types\/product"}],"replies":[{"embeddable":true,"href":"https:\/\/ceasuri.md\/ru\/wp-json\/wp\/v2\/comments?post=63014"}],"wp:featuredmedia":[{"embeddable":true,"href":"https:\/\/ceasuri.md\/ru\/wp-json\/wp\/v2\/media\/63015"}],"wp:attachment":[{"href":"https:\/\/ceasuri.md\/ru\/wp-json\/wp\/v2\/media?parent=63014"}],"wp:term":[{"taxonomy":"product_brand","embeddable":true,"href":"https:\/\/ceasuri.md\/ru\/wp-json\/wp\/v2\/product_brand?post=63014"},{"taxonomy":"product_cat","embeddable":true,"href":"https:\/\/ceasuri.md\/ru\/wp-json\/wp\/v2\/product_cat?post=63014"},{"taxonomy":"product_tag","embeddable":true,"href":"https:\/\/ceasuri.md\/ru\/wp-json\/wp\/v2\/product_tag?post=63014"}],"curies":[{"name":"wp","href":"https:\/\/api.w.org\/{rel}","templated":true}]}}