{"id":63009,"date":"2026-04-03T01:39:36","date_gmt":"2026-04-02T22:39:36","guid":{"rendered":"http:\/\/new.ceasuri.md\/shop\/uncategorized\/fossil-harlow-es5362\/"},"modified":"2026-04-07T05:15:09","modified_gmt":"2026-04-07T02:15:09","slug":"fossil-harlow-es5362","status":"publish","type":"product","link":"https:\/\/ceasuri.md\/ru\/shop\/branduri\/fossil\/fossil-harlow-es5362\/","title":{"rendered":"Ceas FOSSIL HARLOW ES5362"},"content":{"rendered":"<p>O \u00eentruchipare magistral\u0103 a \u0219icului vintage, adus din schi\u021be de arhiv\u0103 \u00een lumea modern\u0103.<\/p>\n<p>Principala caracteristic\u0103 unic\u0103 a acestui model este carcasa sa octogonal\u0103 complex\u0103, care confer\u0103 accesoriului claritate arhitectural\u0103 \u0219i \u00eel diferen\u021biaz\u0103 de formele conven\u021bionale.<\/p>\n<p>Cadranul texturat cremos adaug\u0103 o profunzime rafinat\u0103 aspectului, transform\u00e2nd acest ceas de m\u00e2n\u0103 \u00eentr-o pies\u0103 de art\u0103 rafinat\u0103 la \u00eencheietura m\u00e2inii.<\/p>\n<p>Br\u0103\u021bara lustruit\u0103 cu cinci leg\u0103turi, realizat\u0103 din o\u021bel inoxidabil bicolor, atrage aten\u021bia \u00een mod deosebit. Aceast\u0103 combina\u021bie de culori confer\u0103 o dinamic\u0103 modern\u0103 designului \u0219i permite accesoriului s\u0103 completeze armonios oricare dintre bijuteriile dumneavoastr\u0103.<\/p>\n<p>Combina\u021bia dintre inspira\u021bie \u0219i m\u0103iestria impecabil\u0103 face din acest ceas alegerea ideal\u0103 pentru femeile care apreciaz\u0103 istoria \u0219i rafinamentul. Este un accesoriu cu adev\u0103rat elegant, care v\u0103 va eviden\u021bia individualitatea.<\/p>","protected":false},"excerpt":{"rendered":"<p>O \u00eentruchipare magistral\u0103 a \u0219icului vintage, adus din schi\u021be de arhiv\u0103 \u00een lumea modern\u0103. Principala caracteristic\u0103 unic\u0103 a acestui model este carcasa sa octogonal\u0103 complex\u0103, care confer\u0103 accesoriului claritate arhitectural\u0103 \u0219i \u00eel diferen\u021biaz\u0103 de formele conven\u021bionale. Cadranul texturat cremos adaug\u0103 o profunzime rafinat\u0103 aspectului, transform\u00e2nd acest ceas de m\u00e2n\u0103 \u00eentr-o pies\u0103 de art\u0103 rafinat\u0103 la [&hellip;]<\/p>\n","protected":false},"featured_media":63010,"comment_status":"closed","ping_status":"open","template":"","meta":{"_acf_changed":false},"product_brand":[],"product_cat":[25,396],"product_tag":[],"class_list":{"0":"post-63009","1":"product","2":"type-product","3":"status-publish","4":"has-post-thumbnail","6":"product_cat-ceasuri-dama","7":"product_cat-fossil","8":"pa_brand-fossil","9":"pa_braslet-otel-inoxidabil","10":"pa_corpus-27-mm","11":"pa_forma-octogonala","12":"pa_garatia-24-luni","13":"pa_korpus-bicolor","14":"pa_material-otel-inoxidabil","15":"pa_mehanizm-quartz","16":"pa_remeshok-bicolor","17":"pa_steklo-cristal-mineral","18":"pa_strana-sua","19":"pa_voda-3-atm","21":"first","22":"instock","23":"purchasable","24":"product-type-simple"},"acf":[],"_links":{"self":[{"href":"https:\/\/ceasuri.md\/ru\/wp-json\/wp\/v2\/product\/63009","targetHints":{"allow":["GET"]}}],"collection":[{"href":"https:\/\/ceasuri.md\/ru\/wp-json\/wp\/v2\/product"}],"about":[{"href":"https:\/\/ceasuri.md\/ru\/wp-json\/wp\/v2\/types\/product"}],"replies":[{"embeddable":true,"href":"https:\/\/ceasuri.md\/ru\/wp-json\/wp\/v2\/comments?post=63009"}],"wp:featuredmedia":[{"embeddable":true,"href":"https:\/\/ceasuri.md\/ru\/wp-json\/wp\/v2\/media\/63010"}],"wp:attachment":[{"href":"https:\/\/ceasuri.md\/ru\/wp-json\/wp\/v2\/media?parent=63009"}],"wp:term":[{"taxonomy":"product_brand","embeddable":true,"href":"https:\/\/ceasuri.md\/ru\/wp-json\/wp\/v2\/product_brand?post=63009"},{"taxonomy":"product_cat","embeddable":true,"href":"https:\/\/ceasuri.md\/ru\/wp-json\/wp\/v2\/product_cat?post=63009"},{"taxonomy":"product_tag","embeddable":true,"href":"https:\/\/ceasuri.md\/ru\/wp-json\/wp\/v2\/product_tag?post=63009"}],"curies":[{"name":"wp","href":"https:\/\/api.w.org\/{rel}","templated":true}]}}