{"id":62999,"date":"2026-04-03T01:38:28","date_gmt":"2026-04-02T22:38:28","guid":{"rendered":"http:\/\/new.ceasuri.md\/shop\/uncategorized\/fossil-scarlette-es5388\/"},"modified":"2026-04-17T15:44:48","modified_gmt":"2026-04-17T12:44:48","slug":"fossil-scarlette-es5388","status":"publish","type":"product","link":"https:\/\/ceasuri.md\/ru\/shop\/branduri\/fossil\/fossil-scarlette-es5388\/","title":{"rendered":"Ceas FOSSIL SCARLETTE ES5388"},"content":{"rendered":"<p>O combina\u021bie armonioas\u0103 de clasicism sofisticat \u0219i func\u021bionalitate modern\u0103, creat\u0103 pentru femeile active care apreciaz\u0103 estetica \u00een fiecare detaliu.<\/p>\n<p>Cadranul verde, combinat cu acele aurii, creeaz\u0103 un contrast izbitor \u0219i confer\u0103 accesoriului o profunzime vizual\u0103 special\u0103.<\/p>\n<p>Br\u0103\u021bara din o\u021bel inoxidabil bicolor, care combin\u0103 tonuri de argintiu \u0219i auriu, face din acest ceas o alegere versatil\u0103, permi\u021b\u00e2ndu-v\u0103 s\u0103 \u00eel asorta\u021bi cu u\u0219urin\u021b\u0103 cu oricare dintre bijuteriile dvs.<\/p>\n<p>Designul atent este completat de o fereastr\u0103 practic\u0103 pentru dat\u0103, f\u0103c\u00e2nd din acest model un companion de \u00eencredere pentru un stil de via\u021b\u0103 dinamic.<\/p>\n<p>Acest ceas unic are o \u00eencuietoare pliabil\u0103 sigur\u0103 cu dou\u0103 butoane, asigur\u00e2nd o potrivire impecabil\u0103 \u0219i confortabil\u0103 pe \u00eencheietura m\u00e2inii.<\/p>\n<p>Acesta nu este doar un ceas, ci un accesoriu cu adev\u0103rat elegant, care subliniaz\u0103 statutul \u0219i gustul rafinat al proprietarului s\u0103u.<\/p>","protected":false},"excerpt":{"rendered":"<p>O combina\u021bie armonioas\u0103 de clasicism sofisticat \u0219i func\u021bionalitate modern\u0103, creat\u0103 pentru femeile active care apreciaz\u0103 estetica \u00een fiecare detaliu. Cadranul verde, combinat cu acele aurii, creeaz\u0103 un contrast izbitor \u0219i confer\u0103 accesoriului o profunzime vizual\u0103 special\u0103. Br\u0103\u021bara din o\u021bel inoxidabil bicolor, care combin\u0103 tonuri de argintiu \u0219i auriu, face din acest ceas o alegere versatil\u0103, [&hellip;]<\/p>\n","protected":false},"featured_media":63000,"comment_status":"closed","ping_status":"open","template":"","meta":{"_acf_changed":false},"product_brand":[],"product_cat":[25,396],"product_tag":[],"class_list":{"0":"post-62999","1":"product","2":"type-product","3":"status-publish","4":"has-post-thumbnail","6":"product_cat-ceasuri-dama","7":"product_cat-fossil","8":"pa_brand-fossil","9":"pa_braslet-otel-inoxidabil","10":"pa_corpus-32-mm","11":"pa_forma-rotund","12":"pa_funcii-data","13":"pa_garatia-24-luni","14":"pa_korpus-bicolor","15":"pa_kvarc-quartz","16":"pa_material-otel-inoxidabil","17":"pa_mehanizm-quartz","18":"pa_remeshok-bicolor","19":"pa_steklo-cristal-mineral","20":"pa_strana-sua","21":"pa_voda-5-atm","23":"first","24":"instock","25":"purchasable","26":"product-type-simple"},"acf":[],"_links":{"self":[{"href":"https:\/\/ceasuri.md\/ru\/wp-json\/wp\/v2\/product\/62999","targetHints":{"allow":["GET"]}}],"collection":[{"href":"https:\/\/ceasuri.md\/ru\/wp-json\/wp\/v2\/product"}],"about":[{"href":"https:\/\/ceasuri.md\/ru\/wp-json\/wp\/v2\/types\/product"}],"replies":[{"embeddable":true,"href":"https:\/\/ceasuri.md\/ru\/wp-json\/wp\/v2\/comments?post=62999"}],"wp:featuredmedia":[{"embeddable":true,"href":"https:\/\/ceasuri.md\/ru\/wp-json\/wp\/v2\/media\/63000"}],"wp:attachment":[{"href":"https:\/\/ceasuri.md\/ru\/wp-json\/wp\/v2\/media?parent=62999"}],"wp:term":[{"taxonomy":"product_brand","embeddable":true,"href":"https:\/\/ceasuri.md\/ru\/wp-json\/wp\/v2\/product_brand?post=62999"},{"taxonomy":"product_cat","embeddable":true,"href":"https:\/\/ceasuri.md\/ru\/wp-json\/wp\/v2\/product_cat?post=62999"},{"taxonomy":"product_tag","embeddable":true,"href":"https:\/\/ceasuri.md\/ru\/wp-json\/wp\/v2\/product_tag?post=62999"}],"curies":[{"name":"wp","href":"https:\/\/api.w.org\/{rel}","templated":true}]}}