{"id":62989,"date":"2026-04-03T01:38:28","date_gmt":"2026-04-02T22:38:28","guid":{"rendered":"http:\/\/new.ceasuri.md\/shop\/uncategorized\/fossil-gilmore-es5394\/"},"modified":"2026-04-07T05:15:05","modified_gmt":"2026-04-07T02:15:05","slug":"fossil-gilmore-es5394","status":"publish","type":"product","link":"https:\/\/ceasuri.md\/ru\/shop\/branduri\/fossil\/fossil-gilmore-es5394\/","title":{"rendered":"Ceas FOSSIL GILMORE ES5394"},"content":{"rendered":"<p>Ceasul de dam\u0103 Gilmore este o combina\u021bie sofisticat\u0103 de inspira\u021bie vintage \u0219i versatilitate modern\u0103, creat pentru femeile active care apreciaz\u0103 estetica \u00een fiecare detaliu.<\/p>\n<p>Tr\u0103s\u0103tura distinctiv\u0103 a acestui model este carcasa sa sub\u021bire, \u00een nuan\u021b\u0103 auriu-roz, care, \u00eempreun\u0103 cu un cadran radiant argintiu cu raze de soare, creeaz\u0103 un joc captivant de lumini.<\/p>\n<p>Br\u0103\u021bara \u00een form\u0103 de H accentueaz\u0103 precizia arhitectural\u0103 a designului, f\u0103c\u00e2nd din acest ceas de m\u00e2n\u0103 un adev\u0103rat simbol al rafinamentului.<\/p>\n<p>Cu un mecanism fiabil cu trei ace \u0219i o fereastr\u0103 practic\u0103 pentru dat\u0103, acest accesoriu asigur\u0103 o func\u021bionalitate impecabil\u0103, ajut\u00e2ndu-v\u0103 s\u0103 r\u0103m\u00e2ne\u021bi punctual\u0103 \u00een orice situa\u021bie.<\/p>\n<p>Acest ceas v\u0103 va completa armonios look-ul de la o \u00eent\u00e2lnire de afaceri de diminea\u021b\u0103 p\u00e2n\u0103 la un eveniment de sear\u0103, eviden\u021biindu-v\u0103 statutul \u0219i gusturile.<\/p>","protected":false},"excerpt":{"rendered":"<p>Ceasul de dam\u0103 Gilmore este o combina\u021bie sofisticat\u0103 de inspira\u021bie vintage \u0219i versatilitate modern\u0103, creat pentru femeile active care apreciaz\u0103 estetica \u00een fiecare detaliu. Tr\u0103s\u0103tura distinctiv\u0103 a acestui model este carcasa sa sub\u021bire, \u00een nuan\u021b\u0103 auriu-roz, care, \u00eempreun\u0103 cu un cadran radiant argintiu cu raze de soare, creeaz\u0103 un joc captivant de lumini. Br\u0103\u021bara \u00een [&hellip;]<\/p>\n","protected":false},"featured_media":62990,"comment_status":"closed","ping_status":"open","template":"","meta":{"_acf_changed":false},"product_brand":[],"product_cat":[25,396],"product_tag":[],"class_list":{"0":"post-62989","1":"product","2":"type-product","3":"status-publish","4":"has-post-thumbnail","6":"product_cat-ceasuri-dama","7":"product_cat-fossil","8":"pa_brand-fossil","9":"pa_braslet-otel-inoxidabil","10":"pa_corpus-38-mm","11":"pa_forma-rotund","12":"pa_funcii-data","13":"pa_garatia-24-luni","14":"pa_korpus-roz-gold","15":"pa_material-otel-inoxidabil","16":"pa_mehanizm-quartz","17":"pa_remeshok-roz-gold","18":"pa_steklo-cristal-mineral","19":"pa_strana-sua","20":"pa_voda-5-atm","22":"first","23":"instock","24":"purchasable","25":"product-type-simple"},"acf":[],"_links":{"self":[{"href":"https:\/\/ceasuri.md\/ru\/wp-json\/wp\/v2\/product\/62989","targetHints":{"allow":["GET"]}}],"collection":[{"href":"https:\/\/ceasuri.md\/ru\/wp-json\/wp\/v2\/product"}],"about":[{"href":"https:\/\/ceasuri.md\/ru\/wp-json\/wp\/v2\/types\/product"}],"replies":[{"embeddable":true,"href":"https:\/\/ceasuri.md\/ru\/wp-json\/wp\/v2\/comments?post=62989"}],"wp:featuredmedia":[{"embeddable":true,"href":"https:\/\/ceasuri.md\/ru\/wp-json\/wp\/v2\/media\/62990"}],"wp:attachment":[{"href":"https:\/\/ceasuri.md\/ru\/wp-json\/wp\/v2\/media?parent=62989"}],"wp:term":[{"taxonomy":"product_brand","embeddable":true,"href":"https:\/\/ceasuri.md\/ru\/wp-json\/wp\/v2\/product_brand?post=62989"},{"taxonomy":"product_cat","embeddable":true,"href":"https:\/\/ceasuri.md\/ru\/wp-json\/wp\/v2\/product_cat?post=62989"},{"taxonomy":"product_tag","embeddable":true,"href":"https:\/\/ceasuri.md\/ru\/wp-json\/wp\/v2\/product_tag?post=62989"}],"curies":[{"name":"wp","href":"https:\/\/api.w.org\/{rel}","templated":true}]}}