{"id":62974,"date":"2026-04-03T01:38:28","date_gmt":"2026-04-02T22:38:28","guid":{"rendered":"http:\/\/new.ceasuri.md\/shop\/uncategorized\/fossil-gilmore-es5397\/"},"modified":"2026-04-07T05:15:02","modified_gmt":"2026-04-07T02:15:02","slug":"fossil-gilmore-es5397","status":"publish","type":"product","link":"https:\/\/ceasuri.md\/ru\/shop\/branduri\/fossil\/fossil-gilmore-es5397\/","title":{"rendered":"Ceas FOSSIL GILMORE ES5397"},"content":{"rendered":"<p>O combina\u021bie magistral\u0103 de spirit vintage \u0219i func\u021bionalitate modern\u0103, creat\u0103 pentru femeile active care apreciaz\u0103 stilul versatil \u0219i estetica atemporal\u0103.<\/p>\n<p>Carcasa sub\u021bire se potrive\u0219te elegant pe \u00eencheietura m\u00e2inii, oferind un confort excep\u021bional \u0219i accentu\u00e2nd un aspect elegant.<\/p>\n<p>Cadranul argintiu cu efect de raze de soare reflect\u0103 eficient lumina, ad\u0103ug\u00e2nd o not\u0103 dinamic\u0103, \u00een timp ce mecanismul clasic cu trei ace \u0219i afi\u0219aj pentru dat\u0103 asigur\u0103 o precizie impecabil\u0103 \u00een orice situa\u021bie.<\/p>\n<p>Cureaua din piele maro, realizat\u0103 \u00een conformitate cu standardele stricte de mediu ale Leather Working Group (LWG), este deosebit de remarcabil\u0103.<\/p>\n<p>Acesta nu este doar un ceas de m\u00e2n\u0103, ci un accesoriu cu adev\u0103rat elegant, potrivit at\u00e2t pentru o \u00eent\u00e2lnire de afaceri formal\u0103, c\u00e2t \u0219i pentru un eveniment de sear\u0103.<\/p>","protected":false},"excerpt":{"rendered":"<p>O combina\u021bie magistral\u0103 de spirit vintage \u0219i func\u021bionalitate modern\u0103, creat\u0103 pentru femeile active care apreciaz\u0103 stilul versatil \u0219i estetica atemporal\u0103. Carcasa sub\u021bire se potrive\u0219te elegant pe \u00eencheietura m\u00e2inii, oferind un confort excep\u021bional \u0219i accentu\u00e2nd un aspect elegant. Cadranul argintiu cu efect de raze de soare reflect\u0103 eficient lumina, ad\u0103ug\u00e2nd o not\u0103 dinamic\u0103, \u00een timp ce [&hellip;]<\/p>\n","protected":false},"featured_media":62975,"comment_status":"closed","ping_status":"open","template":"","meta":{"_acf_changed":false},"product_brand":[],"product_cat":[25,396],"product_tag":[],"class_list":{"0":"post-62974","1":"product","2":"type-product","3":"status-publish","4":"has-post-thumbnail","6":"product_cat-ceasuri-dama","7":"product_cat-fossil","8":"pa_brand-fossil","9":"pa_braslet-piele","10":"pa_corpus-38-mm","11":"pa_forma-rotund","12":"pa_funcii-data","13":"pa_garatia-24-luni","14":"pa_korpus-auriu","15":"pa_material-otel-inoxidabil","16":"pa_mehanizm-quartz","17":"pa_remeshok-maro","18":"pa_steklo-cristal-mineral","19":"pa_strana-sua","20":"pa_voda-5-atm","22":"first","23":"instock","24":"purchasable","25":"product-type-simple"},"acf":[],"_links":{"self":[{"href":"https:\/\/ceasuri.md\/ru\/wp-json\/wp\/v2\/product\/62974","targetHints":{"allow":["GET"]}}],"collection":[{"href":"https:\/\/ceasuri.md\/ru\/wp-json\/wp\/v2\/product"}],"about":[{"href":"https:\/\/ceasuri.md\/ru\/wp-json\/wp\/v2\/types\/product"}],"replies":[{"embeddable":true,"href":"https:\/\/ceasuri.md\/ru\/wp-json\/wp\/v2\/comments?post=62974"}],"wp:featuredmedia":[{"embeddable":true,"href":"https:\/\/ceasuri.md\/ru\/wp-json\/wp\/v2\/media\/62975"}],"wp:attachment":[{"href":"https:\/\/ceasuri.md\/ru\/wp-json\/wp\/v2\/media?parent=62974"}],"wp:term":[{"taxonomy":"product_brand","embeddable":true,"href":"https:\/\/ceasuri.md\/ru\/wp-json\/wp\/v2\/product_brand?post=62974"},{"taxonomy":"product_cat","embeddable":true,"href":"https:\/\/ceasuri.md\/ru\/wp-json\/wp\/v2\/product_cat?post=62974"},{"taxonomy":"product_tag","embeddable":true,"href":"https:\/\/ceasuri.md\/ru\/wp-json\/wp\/v2\/product_tag?post=62974"}],"curies":[{"name":"wp","href":"https:\/\/api.w.org\/{rel}","templated":true}]}}