{"id":62963,"date":"2026-04-03T01:38:28","date_gmt":"2026-04-02T22:38:28","guid":{"rendered":"http:\/\/new.ceasuri.md\/shop\/uncategorized\/fossil-raquel-es5399\/"},"modified":"2026-04-20T01:58:13","modified_gmt":"2026-04-19T22:58:13","slug":"fossil-raquel-es5399","status":"publish","type":"product","link":"https:\/\/ceasuri.md\/ru\/shop\/branduri\/fossil\/fossil-raquel-es5399\/","title":{"rendered":"\u0427\u0430\u0441\u044b FOSSIL RAQUEL ES5399"},"content":{"rendered":"<p>Ceasul Raquel reprezint\u0103 revenirea triumfal\u0103 a unei icoane de stil legendare, reimaginat\u0103 pentru femeile moderne care apreciaz\u0103 estetica impecabil\u0103.<\/p>\n<p>Carcasa dreptunghiular\u0103, asociat\u0103 cu o br\u0103\u021bar\u0103 rafinat\u0103 din o\u021bel inoxidabil bicolor, eman\u0103 o sofisticare atemporal\u0103, subliniind statutul \u0219i aristocra\u021bia posesoarei sale.<\/p>\n<p>Caracteristica cheie a acestui model este cadranul alb str\u0103lucitor din sidef, care infuzeaz\u0103 accesoriul cu o str\u0103lucire delicat\u0103, transform\u00e2ndu-l \u00eentr-o adev\u0103rat\u0103 bijuterie.<\/p>\n<p>Mi\u0219carea clasic\u0103 multifunc\u021bional\u0103, cu indicator de soare \u0219i lun\u0103, adaug\u0103 un farmec aparte designului. Acest element complex nu numai c\u0103 extinde func\u021bionalitatea, dar adaug\u0103 \u0219i o not\u0103 de romantism vintage ceasului, combinat\u0103 cu o elegan\u021b\u0103 modern\u0103 revigorant\u0103.<\/p>\n<p>Acest ceas este un accesoriu cu adev\u0103rat elegant, care va completa armonios at\u00e2t un costum business, c\u00e2t \u0219i un look de sear\u0103. Va deveni un articol de garderob\u0103 preferat pe care ve\u021bi dori s\u0103-l purta\u021bi iar \u0219i iar.<\/p>","protected":false},"excerpt":{"rendered":"<p>Ceasul Raquel reprezint\u0103 revenirea triumfal\u0103 a unei icoane de stil legendare, reimaginat\u0103 pentru femeile moderne care apreciaz\u0103 estetica impecabil\u0103. Carcasa dreptunghiular\u0103, asociat\u0103 cu o br\u0103\u021bar\u0103 rafinat\u0103 din o\u021bel inoxidabil bicolor, eman\u0103 o sofisticare atemporal\u0103, subliniind statutul \u0219i aristocra\u021bia posesoarei sale. Caracteristica cheie a acestui model este cadranul alb str\u0103lucitor din sidef, care infuzeaz\u0103 accesoriul cu [&hellip;]<\/p>\n","protected":false},"featured_media":62964,"comment_status":"closed","ping_status":"open","template":"","meta":{"_acf_changed":false},"product_brand":[],"product_cat":[25,396],"product_tag":[],"class_list":{"0":"post-62963","1":"product","2":"type-product","3":"status-publish","4":"has-post-thumbnail","6":"product_cat-ceasuri-dama","7":"product_cat-fossil","8":"pa_brand-fossil","9":"pa_braslet-otel-inoxidabil","10":"pa_corpus-29-mm","11":"pa_forma-dreptunghiular","12":"pa_funcii-daynight","13":"pa_garatia-24-luni","14":"pa_korpus-bicolor","15":"pa_kvarc-quartz","16":"pa_material-otel-inoxidabil","17":"pa_mehanizm-quartz","18":"pa_remeshok-bicolor","19":"pa_steklo-cristal-mineral","20":"pa_strana-sua","21":"pa_voda-5-atm","23":"first","24":"instock","25":"purchasable","26":"product-type-simple"},"acf":[],"_links":{"self":[{"href":"https:\/\/ceasuri.md\/ru\/wp-json\/wp\/v2\/product\/62963","targetHints":{"allow":["GET"]}}],"collection":[{"href":"https:\/\/ceasuri.md\/ru\/wp-json\/wp\/v2\/product"}],"about":[{"href":"https:\/\/ceasuri.md\/ru\/wp-json\/wp\/v2\/types\/product"}],"replies":[{"embeddable":true,"href":"https:\/\/ceasuri.md\/ru\/wp-json\/wp\/v2\/comments?post=62963"}],"wp:featuredmedia":[{"embeddable":true,"href":"https:\/\/ceasuri.md\/ru\/wp-json\/wp\/v2\/media\/62964"}],"wp:attachment":[{"href":"https:\/\/ceasuri.md\/ru\/wp-json\/wp\/v2\/media?parent=62963"}],"wp:term":[{"taxonomy":"product_brand","embeddable":true,"href":"https:\/\/ceasuri.md\/ru\/wp-json\/wp\/v2\/product_brand?post=62963"},{"taxonomy":"product_cat","embeddable":true,"href":"https:\/\/ceasuri.md\/ru\/wp-json\/wp\/v2\/product_cat?post=62963"},{"taxonomy":"product_tag","embeddable":true,"href":"https:\/\/ceasuri.md\/ru\/wp-json\/wp\/v2\/product_tag?post=62963"}],"curies":[{"name":"wp","href":"https:\/\/api.w.org\/{rel}","templated":true}]}}