{"id":62953,"date":"2026-04-03T01:38:28","date_gmt":"2026-04-02T22:38:28","guid":{"rendered":"http:\/\/new.ceasuri.md\/shop\/uncategorized\/fossil-carlie-es5439\/"},"modified":"2026-04-07T05:15:00","modified_gmt":"2026-04-07T02:15:00","slug":"fossil-carlie-es5439","status":"publish","type":"product","link":"https:\/\/ceasuri.md\/ru\/shop\/branduri\/fossil\/fossil-carlie-es5439\/","title":{"rendered":"Ceas FOSSIL CARLIE ES5439"},"content":{"rendered":"<p>Acest model \u00eentruchipeaz\u0103 sofisticarea modern\u0103 \u0219i stilul impecabil, creat special pentru femeile active care apreciaz\u0103 armonia \u00een fiecare detaliu.<\/p>\n<p>Cadranul verde cu efect de raze de soare creeaz\u0103 un contrast vibrant \u0219i confer\u0103 accesoriului o profunzime vizual\u0103 incredibil\u0103 \u00een orice lumin\u0103.<\/p>\n<p>Carcasa rotund\u0103 lustruit\u0103, asociat\u0103 cu o br\u0103\u021bar\u0103 elegant\u0103 din o\u021bel inoxidabil cu mai multe leg\u0103turi, accentueaz\u0103 precizia arhitectural\u0103 a designului \u0219i adaug\u0103 o not\u0103 de clas\u0103 aspectului.<\/p>\n<p>Designul bicolor, combin\u00e2nd tonuri de auriu \u0219i argintiu, face din acest ceas de m\u00e2n\u0103 o alegere versatil\u0103, permi\u021b\u00e2ndu-i s\u0103 completeze perfect orice bijuterie.<\/p>\n<p>Mi\u0219carea elegant\u0103 cu trei ace asigur\u0103 un aspect modern \u0219i o citire u\u0219oar\u0103 a orei, \u00een timp ce \u00eencuietoarea pliabil\u0103 sigur\u0103 cu butoane asigur\u0103 o potrivire sigur\u0103 \u0219i confortabil\u0103 pe \u00eencheietura m\u00e2inii pe tot parcursul zilei.<\/p>\n<p>Acesta nu este doar un ceas original, ci un accesoriu cu adev\u0103rat elegant, care eviden\u021biaz\u0103 gustul rafinat al proprietarei sale.<\/p>","protected":false},"excerpt":{"rendered":"<p>Acest model \u00eentruchipeaz\u0103 sofisticarea modern\u0103 \u0219i stilul impecabil, creat special pentru femeile active care apreciaz\u0103 armonia \u00een fiecare detaliu. Cadranul verde cu efect de raze de soare creeaz\u0103 un contrast vibrant \u0219i confer\u0103 accesoriului o profunzime vizual\u0103 incredibil\u0103 \u00een orice lumin\u0103. Carcasa rotund\u0103 lustruit\u0103, asociat\u0103 cu o br\u0103\u021bar\u0103 elegant\u0103 din o\u021bel inoxidabil cu mai multe [&hellip;]<\/p>\n","protected":false},"featured_media":62954,"comment_status":"closed","ping_status":"open","template":"","meta":{"_acf_changed":false},"product_brand":[],"product_cat":[25,396],"product_tag":[],"class_list":{"0":"post-62953","1":"product","2":"type-product","3":"status-publish","4":"has-post-thumbnail","6":"product_cat-ceasuri-dama","7":"product_cat-fossil","8":"pa_brand-fossil","9":"pa_braslet-otel-inoxidabil","10":"pa_corpus-28-mm","11":"pa_decor-cristale-swarowski","12":"pa_forma-rotund","13":"pa_garatia-24-luni","14":"pa_korpus-argintiu","15":"pa_material-otel-inoxidabil","16":"pa_mehanizm-quartz","17":"pa_remeshok-bicolor","18":"pa_steklo-cristal-mineral","19":"pa_strana-sua","20":"pa_voda-5-atm","22":"first","23":"instock","24":"purchasable","25":"product-type-simple"},"acf":[],"_links":{"self":[{"href":"https:\/\/ceasuri.md\/ru\/wp-json\/wp\/v2\/product\/62953","targetHints":{"allow":["GET"]}}],"collection":[{"href":"https:\/\/ceasuri.md\/ru\/wp-json\/wp\/v2\/product"}],"about":[{"href":"https:\/\/ceasuri.md\/ru\/wp-json\/wp\/v2\/types\/product"}],"replies":[{"embeddable":true,"href":"https:\/\/ceasuri.md\/ru\/wp-json\/wp\/v2\/comments?post=62953"}],"wp:featuredmedia":[{"embeddable":true,"href":"https:\/\/ceasuri.md\/ru\/wp-json\/wp\/v2\/media\/62954"}],"wp:attachment":[{"href":"https:\/\/ceasuri.md\/ru\/wp-json\/wp\/v2\/media?parent=62953"}],"wp:term":[{"taxonomy":"product_brand","embeddable":true,"href":"https:\/\/ceasuri.md\/ru\/wp-json\/wp\/v2\/product_brand?post=62953"},{"taxonomy":"product_cat","embeddable":true,"href":"https:\/\/ceasuri.md\/ru\/wp-json\/wp\/v2\/product_cat?post=62953"},{"taxonomy":"product_tag","embeddable":true,"href":"https:\/\/ceasuri.md\/ru\/wp-json\/wp\/v2\/product_tag?post=62953"}],"curies":[{"name":"wp","href":"https:\/\/api.w.org\/{rel}","templated":true}]}}