{"id":62948,"date":"2026-04-03T01:38:28","date_gmt":"2026-04-02T22:38:28","guid":{"rendered":"http:\/\/new.ceasuri.md\/shop\/uncategorized\/fossil-carlie-es5440\/"},"modified":"2026-04-07T05:14:58","modified_gmt":"2026-04-07T02:14:58","slug":"fossil-carlie-es5440","status":"publish","type":"product","link":"https:\/\/ceasuri.md\/ru\/shop\/branduri\/fossil\/fossil-carlie-es5440\/","title":{"rendered":"Ceas FOSSIL CARLIE ES5440"},"content":{"rendered":"<p>\u00centruchiparea str\u0103lucirii sofisticate \u0219i a clasicismului modern, creat\u0103 pentru femeile active care aleg accesorii cu caracter.<\/p>\n<p>Caracteristica cheie a acestui model este br\u0103\u021bara sa elegant\u0103, de tip curb\u0103, care transform\u0103 ceasul \u00eentr-o bijuterie prestigioas\u0103.<\/p>\n<p>Cadranul negru lucios \u0219i bogat confer\u0103 ceasului o profunzime \u0219i o elegan\u021b\u0103 deosebite, cre\u00e2nd un contrast impecabil cu carcasa luxoas\u0103 placat\u0103 cu aur.<\/p>\n<p>Datorit\u0103 inovatoarei \u00eencuietori Adjust-O-Matic, acest ceas original asigur\u0103 o potrivire perfect\u0103, personalizat\u0103, combin\u00e2nd perfec\u021biunea estetic\u0103 cu confortul excep\u021bional.<\/p>\n<p>Acest accesoriu elegant eviden\u021biaz\u0103 \u00eencrederea \u0219i gustul rafinat al posesoarei sale.<\/p>","protected":false},"excerpt":{"rendered":"<p>\u00centruchiparea str\u0103lucirii sofisticate \u0219i a clasicismului modern, creat\u0103 pentru femeile active care aleg accesorii cu caracter. Caracteristica cheie a acestui model este br\u0103\u021bara sa elegant\u0103, de tip curb\u0103, care transform\u0103 ceasul \u00eentr-o bijuterie prestigioas\u0103. Cadranul negru lucios \u0219i bogat confer\u0103 ceasului o profunzime \u0219i o elegan\u021b\u0103 deosebite, cre\u00e2nd un contrast impecabil cu carcasa luxoas\u0103 placat\u0103 [&hellip;]<\/p>\n","protected":false},"featured_media":62949,"comment_status":"closed","ping_status":"open","template":"","meta":{"_acf_changed":false},"product_brand":[],"product_cat":[25,396],"product_tag":[],"class_list":{"0":"post-62948","1":"product","2":"type-product","3":"status-publish","4":"has-post-thumbnail","6":"product_cat-ceasuri-dama","7":"product_cat-fossil","8":"pa_brand-fossil","9":"pa_braslet-otel-inoxidabil","10":"pa_corpus-28-mm","11":"pa_forma-rotund","12":"pa_garatia-24-luni","13":"pa_korpus-auriu","14":"pa_material-otel-inoxidabil","15":"pa_mehanizm-quartz","16":"pa_remeshok-auriu","17":"pa_steklo-cristal-mineral","18":"pa_strana-sua","19":"pa_voda-5-atm","21":"first","22":"instock","23":"purchasable","24":"product-type-simple"},"acf":[],"_links":{"self":[{"href":"https:\/\/ceasuri.md\/ru\/wp-json\/wp\/v2\/product\/62948","targetHints":{"allow":["GET"]}}],"collection":[{"href":"https:\/\/ceasuri.md\/ru\/wp-json\/wp\/v2\/product"}],"about":[{"href":"https:\/\/ceasuri.md\/ru\/wp-json\/wp\/v2\/types\/product"}],"replies":[{"embeddable":true,"href":"https:\/\/ceasuri.md\/ru\/wp-json\/wp\/v2\/comments?post=62948"}],"wp:featuredmedia":[{"embeddable":true,"href":"https:\/\/ceasuri.md\/ru\/wp-json\/wp\/v2\/media\/62949"}],"wp:attachment":[{"href":"https:\/\/ceasuri.md\/ru\/wp-json\/wp\/v2\/media?parent=62948"}],"wp:term":[{"taxonomy":"product_brand","embeddable":true,"href":"https:\/\/ceasuri.md\/ru\/wp-json\/wp\/v2\/product_brand?post=62948"},{"taxonomy":"product_cat","embeddable":true,"href":"https:\/\/ceasuri.md\/ru\/wp-json\/wp\/v2\/product_cat?post=62948"},{"taxonomy":"product_tag","embeddable":true,"href":"https:\/\/ceasuri.md\/ru\/wp-json\/wp\/v2\/product_tag?post=62948"}],"curies":[{"name":"wp","href":"https:\/\/api.w.org\/{rel}","templated":true}]}}