{"id":62938,"date":"2026-04-03T01:38:28","date_gmt":"2026-04-02T22:38:28","guid":{"rendered":"http:\/\/new.ceasuri.md\/shop\/uncategorized\/fossil-sloan-es5444\/"},"modified":"2026-04-16T21:37:53","modified_gmt":"2026-04-16T18:37:53","slug":"fossil-sloan-es5444","status":"publish","type":"product","link":"https:\/\/ceasuri.md\/ru\/shop\/branduri\/fossil\/fossil-sloan-es5444\/","title":{"rendered":"Ceas FOSSIL ES5444 Watch in Box"},"content":{"rendered":"<p>Modelul Sloan este o \u00eentruchipare rafinat\u0103 a bijuteriilor fine, creat\u0103 pentru cei care caut\u0103 nu doar precizie, ci \u0219i elegan\u021b\u0103 radiant\u0103 \u00een accesoriile lor.<\/p>\n<p>Caracteristica unic\u0103 a acestui model const\u0103 \u00een designul s\u0103u, inspirat de bijuteriile fine: carcasa oval\u0103 gra\u021bioas\u0103 se \u00eembin\u0103 cu o br\u0103\u021bar\u0103 din o\u021bel inoxidabil aurie, transform\u00e2nd un ceas tradi\u021bional \u00eentr-un ceas de m\u00e2n\u0103 luxos.<\/p>\n<p>Cadranul radiant din sidef, cu indici \u0219i ace aurii, umple accesoriul cu o str\u0103lucire delicat\u0103, eviden\u021biind caracterul s\u0103u nobil \u0219i armonia arhitectural\u0103.<\/p>\n<p>Detaliile atent g\u00e2ndite, cum ar fi \u00eencuietoarea pliabil\u0103 practic\u0103 gravat\u0103 cu sigla m\u0103rcii, garanteaz\u0103 un confort excep\u021bional \u0219i o purtare u\u0219oar\u0103 de fiecare dat\u0103.<\/p>\n<p>Acesta nu este doar un ceas unic, ci un accesoriu cu adev\u0103rat elegant, care va deveni piesa central\u0103 a aspectului dumneavoastr\u0103, atr\u0103g\u00e2nd priviri admirative at\u00e2t la \u00eent\u00e2lnirile de afaceri, c\u00e2t \u0219i la evenimentele sociale.<\/p>","protected":false},"excerpt":{"rendered":"<p>Modelul Sloan este o \u00eentruchipare rafinat\u0103 a bijuteriilor fine, creat\u0103 pentru cei care caut\u0103 nu doar precizie, ci \u0219i elegan\u021b\u0103 radiant\u0103 \u00een accesoriile lor. Caracteristica unic\u0103 a acestui model const\u0103 \u00een designul s\u0103u, inspirat de bijuteriile fine: carcasa oval\u0103 gra\u021bioas\u0103 se \u00eembin\u0103 cu o br\u0103\u021bar\u0103 din o\u021bel inoxidabil aurie, transform\u00e2nd un ceas tradi\u021bional \u00eentr-un ceas [&hellip;]<\/p>\n","protected":false},"featured_media":62939,"comment_status":"closed","ping_status":"open","template":"","meta":{"_acf_changed":false},"product_brand":[],"product_cat":[25,396],"product_tag":[],"class_list":{"0":"post-62938","1":"product","2":"type-product","3":"status-publish","4":"has-post-thumbnail","6":"product_cat-ceasuri-dama","7":"product_cat-fossil","8":"pa_brand-fossil","9":"pa_braslet-otel-inoxidabil","10":"pa_corpus-25-mm","11":"pa_forma-oval","12":"pa_garatia-24-luni","13":"pa_korpus-auriu","14":"pa_kvarc-quartz","15":"pa_material-otel-inoxidabil","16":"pa_mehanizm-quartz","17":"pa_remeshok-auriu","18":"pa_steklo-cristal-mineral","19":"pa_strana-sua","20":"pa_voda-5-atm","22":"first","23":"instock","24":"purchasable","25":"product-type-simple"},"acf":[],"_links":{"self":[{"href":"https:\/\/ceasuri.md\/ru\/wp-json\/wp\/v2\/product\/62938","targetHints":{"allow":["GET"]}}],"collection":[{"href":"https:\/\/ceasuri.md\/ru\/wp-json\/wp\/v2\/product"}],"about":[{"href":"https:\/\/ceasuri.md\/ru\/wp-json\/wp\/v2\/types\/product"}],"replies":[{"embeddable":true,"href":"https:\/\/ceasuri.md\/ru\/wp-json\/wp\/v2\/comments?post=62938"}],"wp:featuredmedia":[{"embeddable":true,"href":"https:\/\/ceasuri.md\/ru\/wp-json\/wp\/v2\/media\/62939"}],"wp:attachment":[{"href":"https:\/\/ceasuri.md\/ru\/wp-json\/wp\/v2\/media?parent=62938"}],"wp:term":[{"taxonomy":"product_brand","embeddable":true,"href":"https:\/\/ceasuri.md\/ru\/wp-json\/wp\/v2\/product_brand?post=62938"},{"taxonomy":"product_cat","embeddable":true,"href":"https:\/\/ceasuri.md\/ru\/wp-json\/wp\/v2\/product_cat?post=62938"},{"taxonomy":"product_tag","embeddable":true,"href":"https:\/\/ceasuri.md\/ru\/wp-json\/wp\/v2\/product_tag?post=62938"}],"curies":[{"name":"wp","href":"https:\/\/api.w.org\/{rel}","templated":true}]}}