{"id":62932,"date":"2025-12-25T10:11:12","date_gmt":"2025-12-25T08:11:12","guid":{"rendered":"http:\/\/new.ceasuri.md\/shop\/uncategorized\/fossil-harlow-watch-ring-es5446\/"},"modified":"2026-05-01T19:59:43","modified_gmt":"2026-05-01T16:59:43","slug":"fossil-harlow-watch-ring-es5446","status":"publish","type":"product","link":"https:\/\/ceasuri.md\/ru\/shop\/accesorii\/accesorii-dama\/inele\/fossil-harlow-watch-ring-es5446\/","title":{"rendered":"\u0427\u0430\u0441\u044b FOSSIL HARLOW WATCH RING ES5446"},"content":{"rendered":"<p>Acest ceas inelar este o declara\u021bie creativ\u0103 \u00eendr\u0103znea\u021b\u0103 la intersec\u021bia dintre bijuterie \u0219i ceasornic\u0103rie, creat pentru femeile care aspir\u0103 la exclusivitate.<\/p>\n<p>Caracteristica unic\u0103 a acestui model const\u0103 \u00een carcasa sa octogonal\u0103 rafinat\u0103, \u00een nuan\u021b\u0103 aurie.<\/p>\n<p>Cadranul mat, texturat, de culoare crem adaug\u0103 profunzime vizual\u0103 \u0219i elegan\u021b\u0103, \u00een timp ce mi\u0219carea minimalist\u0103 cu dou\u0103 ar\u0103t\u0103toare accentueaz\u0103 caracterul elegant \u0219i modern al designului.<\/p>\n<p>Acest ceas unic este fabricat din o\u021bel inoxidabil de \u00eenalt\u0103 calitate, asigur\u00e2nd durabilitate \u0219i str\u0103lucirea impecabil\u0103 a placajului cu aur.<\/p>\n<p>Datorit\u0103 designului s\u0103u atent (br\u0103\u021bara elastic\u0103 permite purtarea ceasului pe aproape orice dimensiune a degetului), aceast\u0103 pies\u0103 garanteaz\u0103 o potrivire perfect\u0103 \u0219i confortabil\u0103, eviden\u021biind gra\u021bia m\u00e2inilor posesoarei.<\/p>\n<p>Nu este doar o pies\u0103 func\u021bional\u0103, ci un accesoriu cu adev\u0103rat elegant, care poate deveni punctul central al oric\u0103rui look &#8211; de la casual la sear\u0103.<\/p>","protected":false},"excerpt":{"rendered":"<p>Acest ceas inelar este o declara\u021bie creativ\u0103 \u00eendr\u0103znea\u021b\u0103 la intersec\u021bia dintre bijuterie \u0219i ceasornic\u0103rie, creat pentru femeile care aspir\u0103 la exclusivitate. Caracteristica unic\u0103 a acestui model const\u0103 \u00een carcasa sa octogonal\u0103 rafinat\u0103, \u00een nuan\u021b\u0103 aurie. Cadranul mat, texturat, de culoare crem adaug\u0103 profunzime vizual\u0103 \u0219i elegan\u021b\u0103, \u00een timp ce mi\u0219carea minimalist\u0103 cu dou\u0103 ar\u0103t\u0103toare accentueaz\u0103 [&hellip;]<\/p>\n","protected":false},"featured_media":62933,"comment_status":"closed","ping_status":"open","template":"","meta":{"_acf_changed":false},"product_brand":[],"product_cat":[25,396,586],"product_tag":[],"class_list":{"0":"post-62932","1":"product","2":"type-product","3":"status-publish","4":"has-post-thumbnail","6":"product_cat-ceasuri-dama","7":"product_cat-fossil","8":"product_cat-inele","9":"pa_brand-fossil","10":"pa_braslet-otel-inoxidabil","11":"pa_corpus-16-mm","12":"pa_forma-octogonala","13":"pa_garatia-24-luni","14":"pa_korpus-auriu","15":"pa_kvarc-quartz","16":"pa_material-otel-inoxidabil","17":"pa_mehanizm-quartz","18":"pa_remeshok-auriu","19":"pa_steklo-cristal-mineral","20":"pa_strana-sua","21":"pa_voda-5-atm","23":"first","24":"instock","25":"purchasable","26":"product-type-simple"},"acf":[],"_links":{"self":[{"href":"https:\/\/ceasuri.md\/ru\/wp-json\/wp\/v2\/product\/62932","targetHints":{"allow":["GET"]}}],"collection":[{"href":"https:\/\/ceasuri.md\/ru\/wp-json\/wp\/v2\/product"}],"about":[{"href":"https:\/\/ceasuri.md\/ru\/wp-json\/wp\/v2\/types\/product"}],"replies":[{"embeddable":true,"href":"https:\/\/ceasuri.md\/ru\/wp-json\/wp\/v2\/comments?post=62932"}],"wp:featuredmedia":[{"embeddable":true,"href":"https:\/\/ceasuri.md\/ru\/wp-json\/wp\/v2\/media\/62933"}],"wp:attachment":[{"href":"https:\/\/ceasuri.md\/ru\/wp-json\/wp\/v2\/media?parent=62932"}],"wp:term":[{"taxonomy":"product_brand","embeddable":true,"href":"https:\/\/ceasuri.md\/ru\/wp-json\/wp\/v2\/product_brand?post=62932"},{"taxonomy":"product_cat","embeddable":true,"href":"https:\/\/ceasuri.md\/ru\/wp-json\/wp\/v2\/product_cat?post=62932"},{"taxonomy":"product_tag","embeddable":true,"href":"https:\/\/ceasuri.md\/ru\/wp-json\/wp\/v2\/product_tag?post=62932"}],"curies":[{"name":"wp","href":"https:\/\/api.w.org\/{rel}","templated":true}]}}