{"id":62926,"date":"2026-04-03T01:38:28","date_gmt":"2026-04-02T22:38:28","guid":{"rendered":"http:\/\/new.ceasuri.md\/shop\/uncategorized\/fossil-carlie-es5450set\/"},"modified":"2026-04-15T21:28:11","modified_gmt":"2026-04-15T18:28:11","slug":"fossil-carlie-es5450set","status":"publish","type":"product","link":"https:\/\/ceasuri.md\/ru\/shop\/branduri\/fossil\/fossil-carlie-es5450set\/","title":{"rendered":"Ceas FOSSIL CARLIE ES5450SET"},"content":{"rendered":"<p>Setul de dam\u0103 Carlie este \u00eentruchiparea bucuriei \u0219i a stilului impecabil, creat pentru cele care percep timpul ca pe o art\u0103.<\/p>\n<p>Punctul culminant al acestui set este combina\u021bia perfect\u0103 dintre un ceas \u0219i bijuterii rafinate.<\/p>\n<p>Carcasa \u0219i br\u0103\u021bara \u00een dou\u0103 culori, combinate cu un cadran argintiu radiant, creeaz\u0103 un accent distinctiv, permi\u021b\u00e2ndu-v\u0103 s\u0103 asorta\u021bi cu u\u0219urin\u021b\u0103 modelul cu accesoriile preferate.<\/p>\n<p>Carcasa rotund\u0103 compact\u0103 se a\u0219eaz\u0103 elegant pe \u00eencheietura m\u00e2inii, men\u021bin\u00e2nd echilibrul perfect \u00eentre simplitate \u0219i atractivitate.<\/p>\n<p>Cu mi\u0219carea sa fiabil\u0103 cu cuar\u021b \u0219i sticla durabil\u0103, acest ceas unic va fi companionul dumneavoastr\u0103 precis \u0219i elegant \u00een orice situa\u021bie &#8211; de la afacerile de zi cu zi la ocazii speciale.<\/p>\n<p>Dac\u0103 sunte\u021bi \u00een c\u0103utarea cadoului perfect care s\u0103 v\u0103 eviden\u021bieze individualitatea \u0219i s\u0103 evoce o emo\u021bie de durat\u0103, acest set elegant este alegerea perfect\u0103.<\/p>","protected":false},"excerpt":{"rendered":"<p>Setul de dam\u0103 Carlie este \u00eentruchiparea bucuriei \u0219i a stilului impecabil, creat pentru cele care percep timpul ca pe o art\u0103. Punctul culminant al acestui set este combina\u021bia perfect\u0103 dintre un ceas \u0219i bijuterii rafinate. Carcasa \u0219i br\u0103\u021bara \u00een dou\u0103 culori, combinate cu un cadran argintiu radiant, creeaz\u0103 un accent distinctiv, permi\u021b\u00e2ndu-v\u0103 s\u0103 asorta\u021bi cu [&hellip;]<\/p>\n","protected":false},"featured_media":62927,"comment_status":"closed","ping_status":"open","template":"","meta":{"_acf_changed":false},"product_brand":[],"product_cat":[25,396],"product_tag":[],"class_list":{"0":"post-62926","1":"product","2":"type-product","3":"status-publish","4":"has-post-thumbnail","6":"product_cat-ceasuri-dama","7":"product_cat-fossil","8":"pa_brand-fossil","9":"pa_braslet-otel-inoxidabil","10":"pa_corpus-28-mm","11":"pa_decor-cristale-swarowski","12":"pa_forma-rotund","13":"pa_funcii-set-cadou","14":"pa_garatia-24-luni","15":"pa_korpus-bicolor","16":"pa_kvarc-quartz","17":"pa_material-otel-inoxidabil","18":"pa_mehanizm-quartz","19":"pa_remeshok-bicolor","20":"pa_steklo-cristal-mineral","21":"pa_strana-sua","22":"pa_voda-3-atm","24":"first","25":"instock","26":"purchasable","27":"product-type-simple"},"acf":[],"_links":{"self":[{"href":"https:\/\/ceasuri.md\/ru\/wp-json\/wp\/v2\/product\/62926","targetHints":{"allow":["GET"]}}],"collection":[{"href":"https:\/\/ceasuri.md\/ru\/wp-json\/wp\/v2\/product"}],"about":[{"href":"https:\/\/ceasuri.md\/ru\/wp-json\/wp\/v2\/types\/product"}],"replies":[{"embeddable":true,"href":"https:\/\/ceasuri.md\/ru\/wp-json\/wp\/v2\/comments?post=62926"}],"wp:featuredmedia":[{"embeddable":true,"href":"https:\/\/ceasuri.md\/ru\/wp-json\/wp\/v2\/media\/62927"}],"wp:attachment":[{"href":"https:\/\/ceasuri.md\/ru\/wp-json\/wp\/v2\/media?parent=62926"}],"wp:term":[{"taxonomy":"product_brand","embeddable":true,"href":"https:\/\/ceasuri.md\/ru\/wp-json\/wp\/v2\/product_brand?post=62926"},{"taxonomy":"product_cat","embeddable":true,"href":"https:\/\/ceasuri.md\/ru\/wp-json\/wp\/v2\/product_cat?post=62926"},{"taxonomy":"product_tag","embeddable":true,"href":"https:\/\/ceasuri.md\/ru\/wp-json\/wp\/v2\/product_tag?post=62926"}],"curies":[{"name":"wp","href":"https:\/\/api.w.org\/{rel}","templated":true}]}}