{"id":62921,"date":"2026-04-03T01:38:28","date_gmt":"2026-04-02T22:38:28","guid":{"rendered":"http:\/\/new.ceasuri.md\/shop\/uncategorized\/fossil-harlow-es5451\/"},"modified":"2026-04-17T15:44:24","modified_gmt":"2026-04-17T12:44:24","slug":"fossil-harlow-es5451","status":"publish","type":"product","link":"https:\/\/ceasuri.md\/ru\/shop\/branduri\/fossil\/fossil-harlow-es5451\/","title":{"rendered":"Ceas FOSSIL HARLOW ES5451"},"content":{"rendered":"<p>Ceasul Harlow este \u00eentruchiparea geometriei moderne \u0219i a stilului sofisticat, creat special pentru femeile active care apreciaz\u0103 formele expresive \u0219i individualitatea.<\/p>\n<p>Caracteristica cheie a acestui model este carcasa sa octogonal\u0103 aurie, care d\u0103 un ton \u00eendr\u0103zne\u021b \u0219i decisiv \u00eentregului look.<\/p>\n<p>Cadranul verde texturat adaug\u0103 profunzime vizual\u0103 \u0219i volum, transform\u00e2nd acest ceas de m\u00e2n\u0103 \u00eentr-o adev\u0103rat\u0103 oper\u0103 de art\u0103 la \u00eencheietura m\u00e2inii.<\/p>\n<p>Propor\u021biile atent g\u00e2ndite \u0219i liniile clare creeaz\u0103 un echilibru perfect \u00eentre forma avangardist\u0103 \u0219i detaliile delicate.<\/p>\n<p>O br\u0103\u021bar\u0103 din o\u021bel inoxidabil auriu completeaz\u0103 armonios designul, iar o \u00eencuietoare pliabil\u0103 fiabil\u0103 asigur\u0103 un confort \u0219i o siguran\u021b\u0103 excep\u021bionale.<\/p>\n<p>Acesta nu este doar un ceas original, ci un accesoriu cu adev\u0103rat elegant, care subliniaz\u0103 statutul \u0219i caracterul \u00eenalt al proprietarului s\u0103u.<\/p>","protected":false},"excerpt":{"rendered":"<p>Ceasul Harlow este \u00eentruchiparea geometriei moderne \u0219i a stilului sofisticat, creat special pentru femeile active care apreciaz\u0103 formele expresive \u0219i individualitatea. Caracteristica cheie a acestui model este carcasa sa octogonal\u0103 aurie, care d\u0103 un ton \u00eendr\u0103zne\u021b \u0219i decisiv \u00eentregului look. Cadranul verde texturat adaug\u0103 profunzime vizual\u0103 \u0219i volum, transform\u00e2nd acest ceas de m\u00e2n\u0103 \u00eentr-o adev\u0103rat\u0103 [&hellip;]<\/p>\n","protected":false},"featured_media":62922,"comment_status":"closed","ping_status":"open","template":"","meta":{"_acf_changed":false},"product_brand":[],"product_cat":[25,396],"product_tag":[],"class_list":{"0":"post-62921","1":"product","2":"type-product","3":"status-publish","4":"has-post-thumbnail","6":"product_cat-ceasuri-dama","7":"product_cat-fossil","8":"pa_brand-fossil","9":"pa_braslet-otel-inoxidabil","10":"pa_corpus-32-mm","11":"pa_forma-octogonala","12":"pa_garatia-24-luni","13":"pa_korpus-auriu","14":"pa_kvarc-quartz","15":"pa_material-otel-inoxidabil","16":"pa_mehanizm-quartz","17":"pa_remeshok-auriu","18":"pa_steklo-cristal-mineral","19":"pa_strana-sua","20":"pa_voda-3-atm","22":"first","23":"instock","24":"purchasable","25":"product-type-simple"},"acf":[],"_links":{"self":[{"href":"https:\/\/ceasuri.md\/ru\/wp-json\/wp\/v2\/product\/62921","targetHints":{"allow":["GET"]}}],"collection":[{"href":"https:\/\/ceasuri.md\/ru\/wp-json\/wp\/v2\/product"}],"about":[{"href":"https:\/\/ceasuri.md\/ru\/wp-json\/wp\/v2\/types\/product"}],"replies":[{"embeddable":true,"href":"https:\/\/ceasuri.md\/ru\/wp-json\/wp\/v2\/comments?post=62921"}],"wp:featuredmedia":[{"embeddable":true,"href":"https:\/\/ceasuri.md\/ru\/wp-json\/wp\/v2\/media\/62922"}],"wp:attachment":[{"href":"https:\/\/ceasuri.md\/ru\/wp-json\/wp\/v2\/media?parent=62921"}],"wp:term":[{"taxonomy":"product_brand","embeddable":true,"href":"https:\/\/ceasuri.md\/ru\/wp-json\/wp\/v2\/product_brand?post=62921"},{"taxonomy":"product_cat","embeddable":true,"href":"https:\/\/ceasuri.md\/ru\/wp-json\/wp\/v2\/product_cat?post=62921"},{"taxonomy":"product_tag","embeddable":true,"href":"https:\/\/ceasuri.md\/ru\/wp-json\/wp\/v2\/product_tag?post=62921"}],"curies":[{"name":"wp","href":"https:\/\/api.w.org\/{rel}","templated":true}]}}