{"id":62916,"date":"2026-04-03T01:38:28","date_gmt":"2026-04-02T22:38:28","guid":{"rendered":"http:\/\/new.ceasuri.md\/shop\/uncategorized\/fossil-raquel-es5452\/"},"modified":"2026-04-07T05:14:52","modified_gmt":"2026-04-07T02:14:52","slug":"fossil-raquel-es5452","status":"publish","type":"product","link":"https:\/\/ceasuri.md\/ru\/shop\/branduri\/fossil\/fossil-raquel-es5452\/","title":{"rendered":"Ceas FOSSIL RAQUEL ES5452"},"content":{"rendered":"<p>Ceasul Fossil Raquel este \u00eentruchiparea armoniei arhitecturale \u0219i a elegan\u021bei moderne, creat special pentru femeile active care apreciaz\u0103 designul sofisticat \u0219i individualitatea.<\/p>\n<p>Caracteristica distinctiv\u0103 a acestui model este carcasa dreptunghiular\u0103 din o\u021bel inoxidabil auriu, care se integreaz\u0103 perfect \u00een br\u0103\u021bar\u0103, cre\u00e2nd un aspect vizual coerent \u0219i prestigios.<\/p>\n<p>Cadranul verde satinat serve\u0219te drept accent de culoare, care, combinat cu tonurile aurii, confer\u0103 accesoriului o calitate aristocratic\u0103 distinct\u0103 \u0219i subliniaz\u0103 gustul rafinat al proprietarei.<\/p>\n<p>Ceasul dispune de un mecanism precis cu trei ace \u0219i o fereastr\u0103 practic\u0103 pentru dat\u0103, ating\u00e2nd echilibrul perfect \u00eentre estetic\u0103 \u0219i func\u021bionalitate \u00een via\u021ba de zi cu zi.<\/p>\n<p>Detaliile atent g\u00e2ndite, cum ar fi \u00eenchiz\u0103toarea sigur\u0103 cu dublu buton, eviden\u021biaz\u0103 materialele de \u00eenalt\u0103 calitate \u0219i aten\u021bia brandului la confortul la purtare.<\/p>\n<p>Acesta nu este doar un ceas de m\u00e2n\u0103, ci un accesoriu cu adev\u0103rat elegant, care poate ad\u0103uga nota final\u0103 at\u00e2t unui look business, c\u00e2t \u0219i unui look de sear\u0103.<\/p>","protected":false},"excerpt":{"rendered":"<p>Ceasul Fossil Raquel este \u00eentruchiparea armoniei arhitecturale \u0219i a elegan\u021bei moderne, creat special pentru femeile active care apreciaz\u0103 designul sofisticat \u0219i individualitatea. Caracteristica distinctiv\u0103 a acestui model este carcasa dreptunghiular\u0103 din o\u021bel inoxidabil auriu, care se integreaz\u0103 perfect \u00een br\u0103\u021bar\u0103, cre\u00e2nd un aspect vizual coerent \u0219i prestigios. Cadranul verde satinat serve\u0219te drept accent de culoare, [&hellip;]<\/p>\n","protected":false},"featured_media":62917,"comment_status":"closed","ping_status":"open","template":"","meta":{"_acf_changed":false},"product_brand":[],"product_cat":[25,396],"product_tag":[],"class_list":{"0":"post-62916","1":"product","2":"type-product","3":"status-publish","4":"has-post-thumbnail","6":"product_cat-ceasuri-dama","7":"product_cat-fossil","8":"pa_brand-fossil","9":"pa_braslet-otel-inoxidabil","10":"pa_corpus-23x37mm","11":"pa_forma-dreptunghiular","12":"pa_funcii-data","13":"pa_garatia-24-luni","14":"pa_korpus-auriu","15":"pa_material-otel-inoxidabil","16":"pa_mehanizm-quartz","17":"pa_remeshok-auriu","18":"pa_steklo-cristal-mineral","19":"pa_strana-sua","20":"pa_voda-5-atm","22":"first","23":"instock","24":"purchasable","25":"product-type-simple"},"acf":[],"_links":{"self":[{"href":"https:\/\/ceasuri.md\/ru\/wp-json\/wp\/v2\/product\/62916","targetHints":{"allow":["GET"]}}],"collection":[{"href":"https:\/\/ceasuri.md\/ru\/wp-json\/wp\/v2\/product"}],"about":[{"href":"https:\/\/ceasuri.md\/ru\/wp-json\/wp\/v2\/types\/product"}],"replies":[{"embeddable":true,"href":"https:\/\/ceasuri.md\/ru\/wp-json\/wp\/v2\/comments?post=62916"}],"wp:featuredmedia":[{"embeddable":true,"href":"https:\/\/ceasuri.md\/ru\/wp-json\/wp\/v2\/media\/62917"}],"wp:attachment":[{"href":"https:\/\/ceasuri.md\/ru\/wp-json\/wp\/v2\/media?parent=62916"}],"wp:term":[{"taxonomy":"product_brand","embeddable":true,"href":"https:\/\/ceasuri.md\/ru\/wp-json\/wp\/v2\/product_brand?post=62916"},{"taxonomy":"product_cat","embeddable":true,"href":"https:\/\/ceasuri.md\/ru\/wp-json\/wp\/v2\/product_cat?post=62916"},{"taxonomy":"product_tag","embeddable":true,"href":"https:\/\/ceasuri.md\/ru\/wp-json\/wp\/v2\/product_tag?post=62916"}],"curies":[{"name":"wp","href":"https:\/\/api.w.org\/{rel}","templated":true}]}}