{"id":62911,"date":"2026-04-03T01:38:28","date_gmt":"2026-04-02T22:38:28","guid":{"rendered":"http:\/\/new.ceasuri.md\/shop\/uncategorized\/fossil-grant-fs4832\/"},"modified":"2026-04-07T05:14:52","modified_gmt":"2026-04-07T02:14:52","slug":"fossil-grant-fs4832","status":"publish","type":"product","link":"https:\/\/ceasuri.md\/ru\/shop\/branduri\/fossil\/fossil-grant-fs4832\/","title":{"rendered":"Ceas FOSSIL GRANT FS4832"},"content":{"rendered":"<p>Ceasul Fossil Grant este chintesen\u021ba stilului clasic \u0219i a m\u0103iestriei artistice, conceput pentru a deveni punctul central al look-ului t\u0103u.<\/p>\n<p>Carcasa din o\u021bel negru lustruit confer\u0103 o profunzime contemporan\u0103 \u0219i o str\u0103lucire rafinat\u0103.<\/p>\n<p>Tr\u0103s\u0103tura distinctiv\u0103 a acestui ceas o reprezint\u0103 cifrele romane, inspirate de designul ceasurilor vintage. Acestea sunt concepute pentru a oferi un echilibru artistic impecabil pe cadran.<\/p>\n<p>Construc\u021bia complex\u0103 stratificat\u0103 este deosebit de izbitoare: subcadranele cronografului sunt suprapuse peste cifrele romane, cre\u00e2nd un efect de \u201et\u0103iere\u201d. Aceast\u0103 tehnic\u0103 de design adaug\u0103 un volum vizual incredibil \u0219i o profunzime arhitectural\u0103 cadranului, transform\u00e2nd acest ceas original \u00eentr-un adev\u0103rat obiect de art\u0103 la \u00eencheietura m\u00e2inii tale.<\/p>\n<p>Mecanismul cronografului ofer\u0103 func\u021bionalitatea necesar\u0103 unui b\u0103rbat \u00eencrez\u0103tor.<\/p>\n<p>Acesta nu este doar un instrument fiabil, ci un accesoriu cu adev\u0103rat elegant, care va completa perfect un stil impecabil.<\/p>","protected":false},"excerpt":{"rendered":"<p>Ceasul Fossil Grant este chintesen\u021ba stilului clasic \u0219i a m\u0103iestriei artistice, conceput pentru a deveni punctul central al look-ului t\u0103u. Carcasa din o\u021bel negru lustruit confer\u0103 o profunzime contemporan\u0103 \u0219i o str\u0103lucire rafinat\u0103. Tr\u0103s\u0103tura distinctiv\u0103 a acestui ceas o reprezint\u0103 cifrele romane, inspirate de designul ceasurilor vintage. Acestea sunt concepute pentru a oferi un echilibru [&hellip;]<\/p>\n","protected":false},"featured_media":62912,"comment_status":"closed","ping_status":"open","template":"","meta":{"_acf_changed":false},"product_brand":[],"product_cat":[20,396],"product_tag":[],"class_list":{"0":"post-62911","1":"product","2":"type-product","3":"status-publish","4":"has-post-thumbnail","6":"product_cat-ceasuri-barbati","7":"product_cat-fossil","8":"pa_brand-fossil","9":"pa_braslet-otel-inoxidabil","10":"pa_corpus-44-mm","11":"pa_forma-rotund","12":"pa_funcii-cronograf","13":"pa_garatia-24-luni","14":"pa_korpus-negru","15":"pa_material-otel-inoxidabil","16":"pa_mehanizm-quartz","17":"pa_remeshok-negru","18":"pa_steklo-cristal-mineral","19":"pa_strana-sua","20":"pa_voda-5-atm","22":"first","23":"instock","24":"purchasable","25":"product-type-simple"},"acf":[],"_links":{"self":[{"href":"https:\/\/ceasuri.md\/ru\/wp-json\/wp\/v2\/product\/62911","targetHints":{"allow":["GET"]}}],"collection":[{"href":"https:\/\/ceasuri.md\/ru\/wp-json\/wp\/v2\/product"}],"about":[{"href":"https:\/\/ceasuri.md\/ru\/wp-json\/wp\/v2\/types\/product"}],"replies":[{"embeddable":true,"href":"https:\/\/ceasuri.md\/ru\/wp-json\/wp\/v2\/comments?post=62911"}],"wp:featuredmedia":[{"embeddable":true,"href":"https:\/\/ceasuri.md\/ru\/wp-json\/wp\/v2\/media\/62912"}],"wp:attachment":[{"href":"https:\/\/ceasuri.md\/ru\/wp-json\/wp\/v2\/media?parent=62911"}],"wp:term":[{"taxonomy":"product_brand","embeddable":true,"href":"https:\/\/ceasuri.md\/ru\/wp-json\/wp\/v2\/product_brand?post=62911"},{"taxonomy":"product_cat","embeddable":true,"href":"https:\/\/ceasuri.md\/ru\/wp-json\/wp\/v2\/product_cat?post=62911"},{"taxonomy":"product_tag","embeddable":true,"href":"https:\/\/ceasuri.md\/ru\/wp-json\/wp\/v2\/product_tag?post=62911"}],"curies":[{"name":"wp","href":"https:\/\/api.w.org\/{rel}","templated":true}]}}