{"id":62906,"date":"2026-04-03T01:38:28","date_gmt":"2026-04-02T22:38:28","guid":{"rendered":"http:\/\/new.ceasuri.md\/shop\/uncategorized\/fossil-neutra-fs5525\/"},"modified":"2026-04-07T05:14:51","modified_gmt":"2026-04-07T02:14:51","slug":"fossil-neutra-fs5525","status":"publish","type":"product","link":"https:\/\/ceasuri.md\/ru\/shop\/branduri\/fossil\/fossil-neutra-fs5525\/","title":{"rendered":"Ceas FOSSIL NEUTRA FS5525"},"content":{"rendered":"<p>Acest model este o combina\u021bie armonioas\u0103 \u00eentre estetica arhitectural\u0103 de la mijlocul secolului al XX-lea \u0219i masculinitatea modern\u0103.<\/p>\n<p>Cristalul chihlimbar izbitor creeaz\u0103 un accent vizual remarcabil \u0219i confer\u0103 accesoriului o not\u0103 vintage cald\u0103 \u0219i rafinat\u0103.<\/p>\n<p>\u00cempreun\u0103 cu un cadran negru satinat, \u00eempodobit cu cifre romane clasice \u0219i indici subtili, ceasul arat\u0103 cu adev\u0103rat luxos \u0219i individual.<\/p>\n<p>Br\u0103\u021bara din o\u021bel inoxidabil negru mat accentueaz\u0103 caracterul asertiv al purt\u0103torului, f\u0103c\u00e2nd din acest ceas unic un plus versatil pentru orice garderob\u0103.<\/p>\n<p>Carcasa impresionant\u0103 de 44 mm \u0219i func\u021bionalitatea cronograf adaug\u0103 perfec\u021biune tehnic\u0103 modelului.<\/p>\n<p>Acesta nu este doar un instrument fiabil, ci un accesoriu cu adev\u0103rat elegant, creat pentru b\u0103rba\u021bii \u00eencrez\u0103tori care pre\u021buiesc stilul rafinat.<\/p>","protected":false},"excerpt":{"rendered":"<p>Acest model este o combina\u021bie armonioas\u0103 \u00eentre estetica arhitectural\u0103 de la mijlocul secolului al XX-lea \u0219i masculinitatea modern\u0103. Cristalul chihlimbar izbitor creeaz\u0103 un accent vizual remarcabil \u0219i confer\u0103 accesoriului o not\u0103 vintage cald\u0103 \u0219i rafinat\u0103. \u00cempreun\u0103 cu un cadran negru satinat, \u00eempodobit cu cifre romane clasice \u0219i indici subtili, ceasul arat\u0103 cu adev\u0103rat luxos \u0219i [&hellip;]<\/p>\n","protected":false},"featured_media":62907,"comment_status":"closed","ping_status":"open","template":"","meta":{"_acf_changed":false},"product_brand":[],"product_cat":[20,396],"product_tag":[],"class_list":{"0":"post-62906","1":"product","2":"type-product","3":"status-publish","4":"has-post-thumbnail","6":"product_cat-ceasuri-barbati","7":"product_cat-fossil","8":"pa_brand-fossil","9":"pa_braslet-otel-inoxidabil","10":"pa_corpus-44-mm","11":"pa_forma-rotund","12":"pa_funcii-cronograf","13":"pa_funcii-data","14":"pa_garatia-24-luni","15":"pa_korpus-negru","16":"pa_material-otel-inoxidabil","17":"pa_mehanizm-quartz","18":"pa_remeshok-negru","19":"pa_steklo-cristal-mineral","20":"pa_strana-sua","21":"pa_voda-5-atm","23":"first","24":"instock","25":"purchasable","26":"product-type-simple"},"acf":[],"_links":{"self":[{"href":"https:\/\/ceasuri.md\/ru\/wp-json\/wp\/v2\/product\/62906","targetHints":{"allow":["GET"]}}],"collection":[{"href":"https:\/\/ceasuri.md\/ru\/wp-json\/wp\/v2\/product"}],"about":[{"href":"https:\/\/ceasuri.md\/ru\/wp-json\/wp\/v2\/types\/product"}],"replies":[{"embeddable":true,"href":"https:\/\/ceasuri.md\/ru\/wp-json\/wp\/v2\/comments?post=62906"}],"wp:featuredmedia":[{"embeddable":true,"href":"https:\/\/ceasuri.md\/ru\/wp-json\/wp\/v2\/media\/62907"}],"wp:attachment":[{"href":"https:\/\/ceasuri.md\/ru\/wp-json\/wp\/v2\/media?parent=62906"}],"wp:term":[{"taxonomy":"product_brand","embeddable":true,"href":"https:\/\/ceasuri.md\/ru\/wp-json\/wp\/v2\/product_brand?post=62906"},{"taxonomy":"product_cat","embeddable":true,"href":"https:\/\/ceasuri.md\/ru\/wp-json\/wp\/v2\/product_cat?post=62906"},{"taxonomy":"product_tag","embeddable":true,"href":"https:\/\/ceasuri.md\/ru\/wp-json\/wp\/v2\/product_tag?post=62906"}],"curies":[{"name":"wp","href":"https:\/\/api.w.org\/{rel}","templated":true}]}}