{"id":62890,"date":"2026-04-03T01:37:24","date_gmt":"2026-04-02T22:37:24","guid":{"rendered":"http:\/\/new.ceasuri.md\/shop\/uncategorized\/fossil-neutra-fs5907\/"},"modified":"2026-04-16T21:37:55","modified_gmt":"2026-04-16T18:37:55","slug":"fossil-neutra-fs5907","status":"publish","type":"product","link":"https:\/\/ceasuri.md\/ru\/shop\/branduri\/fossil\/fossil-neutra-fs5907\/","title":{"rendered":"Ceas FOSSIL FS5907"},"content":{"rendered":"<p>Ceasul b\u0103rb\u0103tesc Neutra Moonphase este conceput pentru b\u0103rba\u021bii care apreciaz\u0103 at\u00e2t estetica, c\u00e2t \u0219i func\u021bionalitatea.<\/p>\n<p>Caracteristica cheie a acestui model este indicatorul fazelor lunii, care, combinat cu un mecanism multifunc\u021bional, transform\u0103 accesoriul \u00eentr-o adev\u0103rat\u0103 capodoper\u0103 a artei orologerie.<\/p>\n<p>Cadranul albastru intens captiveaz\u0103 prin jocul s\u0103u de lumini, subliniind statutul \u0219i gustul rafinat al proprietarului s\u0103u.<\/p>\n<p>Carcasa, asociat\u0103 cu o br\u0103\u021bar\u0103 clasic\u0103 din o\u021bel inoxidabil, atinge echilibrul perfect \u00eentre durabilitate \u0219i elegan\u021b\u0103.<\/p>\n<p>Acest ceas va fi un companion de \u00eencredere at\u00e2t pentru \u00eent\u00e2lnirile de afaceri, c\u00e2t \u0219i pentru evenimentele formale, complet\u00e2ndu-v\u0103 armonios stilul.<\/p>\n<p>Dac\u0103 sunte\u021bi \u00een c\u0103utarea cadoului perfect care s\u0103 exprime admira\u021bie \u0219i s\u0103 v\u0103 eviden\u021bieze individualitatea, acest accesoriu elegant este alegerea inconfundabil\u0103.<\/p>","protected":false},"excerpt":{"rendered":"<p>Ceasul b\u0103rb\u0103tesc Neutra Moonphase este conceput pentru b\u0103rba\u021bii care apreciaz\u0103 at\u00e2t estetica, c\u00e2t \u0219i func\u021bionalitatea. Caracteristica cheie a acestui model este indicatorul fazelor lunii, care, combinat cu un mecanism multifunc\u021bional, transform\u0103 accesoriul \u00eentr-o adev\u0103rat\u0103 capodoper\u0103 a artei orologerie. Cadranul albastru intens captiveaz\u0103 prin jocul s\u0103u de lumini, subliniind statutul \u0219i gustul rafinat al proprietarului s\u0103u. [&hellip;]<\/p>\n","protected":false},"featured_media":62891,"comment_status":"closed","ping_status":"open","template":"","meta":{"_acf_changed":false},"product_brand":[],"product_cat":[20,396],"product_tag":[],"class_list":{"0":"post-62890","1":"product","2":"type-product","3":"status-publish","4":"has-post-thumbnail","6":"product_cat-ceasuri-barbati","7":"product_cat-fossil","8":"pa_brand-fossil","9":"pa_braslet-otel-inoxidabil","10":"pa_corpus-42-mm","11":"pa_forma-rotund","12":"pa_funcii-data","13":"pa_funcii-fazele-lunii","14":"pa_funcii-ziua-saptamanii","15":"pa_garatia-24-luni","16":"pa_korpus-argintiu","17":"pa_kvarc-quartz","18":"pa_material-otel-inoxidabil","19":"pa_mehanizm-quartz","20":"pa_remeshok-argintiu","21":"pa_steklo-cristal-mineral","22":"pa_strana-sua","23":"pa_voda-5-atm","25":"first","26":"instock","27":"purchasable","28":"product-type-simple"},"acf":[],"_links":{"self":[{"href":"https:\/\/ceasuri.md\/ru\/wp-json\/wp\/v2\/product\/62890","targetHints":{"allow":["GET"]}}],"collection":[{"href":"https:\/\/ceasuri.md\/ru\/wp-json\/wp\/v2\/product"}],"about":[{"href":"https:\/\/ceasuri.md\/ru\/wp-json\/wp\/v2\/types\/product"}],"replies":[{"embeddable":true,"href":"https:\/\/ceasuri.md\/ru\/wp-json\/wp\/v2\/comments?post=62890"}],"wp:featuredmedia":[{"embeddable":true,"href":"https:\/\/ceasuri.md\/ru\/wp-json\/wp\/v2\/media\/62891"}],"wp:attachment":[{"href":"https:\/\/ceasuri.md\/ru\/wp-json\/wp\/v2\/media?parent=62890"}],"wp:term":[{"taxonomy":"product_brand","embeddable":true,"href":"https:\/\/ceasuri.md\/ru\/wp-json\/wp\/v2\/product_brand?post=62890"},{"taxonomy":"product_cat","embeddable":true,"href":"https:\/\/ceasuri.md\/ru\/wp-json\/wp\/v2\/product_cat?post=62890"},{"taxonomy":"product_tag","embeddable":true,"href":"https:\/\/ceasuri.md\/ru\/wp-json\/wp\/v2\/product_tag?post=62890"}],"curies":[{"name":"wp","href":"https:\/\/api.w.org\/{rel}","templated":true}]}}